{"id":11996,"date":"2026-01-06T16:08:10","date_gmt":"2026-01-06T15:08:10","guid":{"rendered":"https:\/\/lehmann-ambiente.ch\/?page_id=11996"},"modified":"2026-01-06T16:08:14","modified_gmt":"2026-01-06T15:08:14","slug":"poseur-de-sol-poseur-de-parquet-100","status":"publish","type":"page","link":"https:\/\/lehmann-ambiente.ch\/fr\/ueber-uns\/jobs\/bodenleger-parkettleger-100\/","title":{"rendered":"Poseur de sol\/parquet 100%"},"content":{"rendered":"<p>de suite \/ \u00e0 convenir<\/p>\n\n\n\n<h2 class=\"wp-block-heading\">\u00e0 propos de nous<\/h2>\n\n\n\n<p>Nous sommes une entreprise innovante qui propose des solutions globales pour les questions d'architecture int\u00e9rieure. Nous nous concentrons sur le d\u00e9veloppement de concepts globaux en mati\u00e8re d'\u00e9clairage et de couleurs ainsi que sur la planification de solutions d'am\u00e9nagement. Nous proposons en outre des syst\u00e8mes de rideaux et des rev\u00eatements de sol de haute qualit\u00e9.<\/p>\n\n\n\n<h2 class=\"wp-block-heading\">Votre profil<\/h2>\n\n\n\n<p>Vous travaillez de mani\u00e8re autonome, vous \u00eates orient\u00e9(e) vers les solutions et vous aimez le contact avec les clients dans le secteur priv\u00e9. Vous disposez d'une formation de poseur de sols\/parquets ou similaire. Votre langue maternelle est l'allemand ou le fran\u00e7ais avec des connaissances orales de la langue partenaire.<\/p>\n\n\n\n<h2 class=\"wp-block-heading\">Votre avenir<\/h2>\n\n\n\n<p>Nous vous proposons un emploi dans un magasin d'ameublement riche en traditions et g\u00e9r\u00e9 dans un esprit de camaraderie. Vos t\u00e2ches comprennent la pose de parquet, de moquette, de vinyle, de linol\u00e9um ainsi que le montage de plinthes. Le rafra\u00eechissement et l'entretien de rev\u00eatements de sol de qualit\u00e9 font \u00e9galement partie de vos t\u00e2ches. Vous aimez \u00e9galement le service \u00e0 la client\u00e8le et la participation \u00e0 l'organisation de notre exposition.<\/p>\n\n\n\n<h2 class=\"wp-block-heading\">Votre prochaine \u00e9tape<\/h2>\n\n\n\n<p>Vous vous sentez concern\u00e9(e) ? Dans ce cas, nous nous r\u00e9jouissons de recevoir votre candidature avec CV, photo, certificats et dipl\u00f4mes. Veuillez envoyer votre dossier \u00e0 :<\/p>\n\n\n\n<p>Lehmann Ambiente SA<br>Mme Lara Lehmann<br>Birchstrasse 2<br>3186 D\u00fcdingen<\/p>\n\n\n\n<p>Ou par e-mail \u00e0 : lara@lehmann.info<\/p>\n\n\n\n<p>Nous attendons votre dossier avec impatience !<\/p>\n\n\n\n<p><\/p>","protected":false},"excerpt":{"rendered":"<p>ab sofort \/ nach Vereinbarung \u00dcber uns Wir sind ein innovatives Unternehmen, das umfassende L\u00f6sungen f\u00fcr innenarchitektonische Fragen anbietet. Unser Fokus liegt auf der Entwicklung von Gesamtkonzepten in Licht- und Farbgestaltung sowie der Planung von Einrichtungsl\u00f6sungen. Dar\u00fcber hinaus bieten wir hochwertige Vorhangsysteme und Bodenbel\u00e4ge an. Ihr Profil Sie arbeiten selbst\u00e4ndig, l\u00f6sungsorientiert und m\u00f6gen Kundenkontakt im [&hellip;]<\/p>\n","protected":false},"author":56,"featured_media":0,"parent":948,"menu_order":0,"comment_status":"closed","ping_status":"closed","template":"","meta":{"_acf_changed":false,"footnotes":""},"class_list":["post-11996","page","type-page","status-publish","hentry"],"acf":[],"_links":{"self":[{"href":"https:\/\/lehmann-ambiente.ch\/fr\/wp-json\/wp\/v2\/pages\/11996","targetHints":{"allow":["GET"]}}],"collection":[{"href":"https:\/\/lehmann-ambiente.ch\/fr\/wp-json\/wp\/v2\/pages"}],"about":[{"href":"https:\/\/lehmann-ambiente.ch\/fr\/wp-json\/wp\/v2\/types\/page"}],"author":[{"embeddable":true,"href":"https:\/\/lehmann-ambiente.ch\/fr\/wp-json\/wp\/v2\/users\/56"}],"replies":[{"embeddable":true,"href":"https:\/\/lehmann-ambiente.ch\/fr\/wp-json\/wp\/v2\/comments?post=11996"}],"version-history":[{"count":0,"href":"https:\/\/lehmann-ambiente.ch\/fr\/wp-json\/wp\/v2\/pages\/11996\/revisions"}],"up":[{"embeddable":true,"href":"https:\/\/lehmann-ambiente.ch\/fr\/wp-json\/wp\/v2\/pages\/948"}],"wp:attachment":[{"href":"https:\/\/lehmann-ambiente.ch\/fr\/wp-json\/wp\/v2\/media?parent=11996"}],"curies":[{"name":"wp","href":"https:\/\/api.w.org\/{rel}","templated":true}]}}