{"id":3225,"date":"2024-01-31T09:29:01","date_gmt":"2024-01-31T08:29:01","guid":{"rendered":"https:\/\/lehmann-ambiente.ch\/staging\/?page_id=3225"},"modified":"2026-02-04T14:14:06","modified_gmt":"2026-02-04T13:14:06","slug":"a-propos-de-nous","status":"publish","type":"page","link":"https:\/\/lehmann-ambiente.ch\/fr\/ueber-uns\/","title":{"rendered":"\u00e0 propos de nous"},"content":{"rendered":"\t\t<div data-elementor-type=\"wp-page\" data-elementor-id=\"3225\" class=\"elementor elementor-3225\" data-elementor-post-type=\"page\">\n\t\t\t\t<div class=\"elementor-element elementor-element-de9f394 e-con-full e-flex e-con e-parent\" data-id=\"de9f394\" data-element_type=\"container\" data-e-type=\"container\" data-settings=\"{&quot;jet_parallax_layout_list&quot;:[]}\">\n\t\t\t\t<div class=\"elementor-element elementor-element-44a4137 elementor-widget__width-auto elementor-widget elementor-widget-heading\" data-id=\"44a4137\" data-element_type=\"widget\" data-e-type=\"widget\" data-widget_type=\"heading.default\">\n\t\t\t\t\t<h2 class=\"elementor-heading-title elementor-size-default\">Geschichte<\/h2>\t\t\t\t<\/div>\n\t\t<div class=\"elementor-element elementor-element-428743b e-con-full e-flex e-con e-child\" data-id=\"428743b\" data-element_type=\"container\" data-e-type=\"container\" data-settings=\"{&quot;jet_parallax_layout_list&quot;:[]}\">\n\t\t\t\t<div class=\"elementor-element elementor-element-b30c66f elementor-widget__width-initial elementor-widget elementor-widget-image\" data-id=\"b30c66f\" data-element_type=\"widget\" data-e-type=\"widget\" data-widget_type=\"image.default\">\n\t\t\t\t\t\t\t\t\t\t\t\t\t\t\t<img fetchpriority=\"high\" decoding=\"async\" width=\"800\" height=\"600\" src=\"https:\/\/lehmann-ambiente.ch\/wp-content\/uploads\/2024\/02\/ML_90Jahre_7-1024x768.jpg\" class=\"attachment-large size-large wp-image-6902\" alt=\"\" srcset=\"https:\/\/lehmann-ambiente.ch\/wp-content\/uploads\/2024\/02\/ML_90Jahre_7-1024x768.jpg 1024w, https:\/\/lehmann-ambiente.ch\/wp-content\/uploads\/2024\/02\/ML_90Jahre_7-300x225.jpg 300w, https:\/\/lehmann-ambiente.ch\/wp-content\/uploads\/2024\/02\/ML_90Jahre_7-768x576.jpg 768w, https:\/\/lehmann-ambiente.ch\/wp-content\/uploads\/2024\/02\/ML_90Jahre_7-1536x1152.jpg 1536w, https:\/\/lehmann-ambiente.ch\/wp-content\/uploads\/2024\/02\/ML_90Jahre_7-2048x1536.jpg 2048w, https:\/\/lehmann-ambiente.ch\/wp-content\/uploads\/2024\/02\/ML_90Jahre_7-16x12.jpg 16w, https:\/\/lehmann-ambiente.ch\/wp-content\/uploads\/2024\/02\/ML_90Jahre_7-600x450.jpg 600w\" sizes=\"(max-width: 800px) 100vw, 800px\" \/>\t\t\t\t\t\t\t\t\t\t\t\t\t\t\t<\/div>\n\t\t\t\t<div class=\"elementor-element elementor-element-8dc7e71 elementor-widget__width-initial elementor-widget elementor-widget-image\" data-id=\"8dc7e71\" data-element_type=\"widget\" data-e-type=\"widget\" data-widget_type=\"image.default\">\n\t\t\t\t\t\t\t\t\t\t\t\t\t\t\t<img decoding=\"async\" width=\"800\" height=\"489\" src=\"https:\/\/lehmann-ambiente.ch\/wp-content\/uploads\/2024\/02\/ML_90Jahre_2-1-1024x626.jpg\" class=\"attachment-large size-large wp-image-6901\" alt=\"\" srcset=\"https:\/\/lehmann-ambiente.ch\/wp-content\/uploads\/2024\/02\/ML_90Jahre_2-1-1024x626.jpg 1024w, https:\/\/lehmann-ambiente.ch\/wp-content\/uploads\/2024\/02\/ML_90Jahre_2-1-300x183.jpg 300w, https:\/\/lehmann-ambiente.ch\/wp-content\/uploads\/2024\/02\/ML_90Jahre_2-1-768x470.jpg 768w, https:\/\/lehmann-ambiente.ch\/wp-content\/uploads\/2024\/02\/ML_90Jahre_2-1-1536x939.jpg 1536w, https:\/\/lehmann-ambiente.ch\/wp-content\/uploads\/2024\/02\/ML_90Jahre_2-1-2048x1252.jpg 2048w, https:\/\/lehmann-ambiente.ch\/wp-content\/uploads\/2024\/02\/ML_90Jahre_2-1-18x12.jpg 18w, https:\/\/lehmann-ambiente.ch\/wp-content\/uploads\/2024\/02\/ML_90Jahre_2-1-600x367.jpg 600w\" sizes=\"(max-width: 800px) 100vw, 800px\" \/>\t\t\t\t\t\t\t\t\t\t\t\t\t\t\t<\/div>\n\t\t\t\t<\/div>\n\t\t\t\t<\/div>\n\t\t<div class=\"elementor-element elementor-element-3fc752f e-flex e-con-boxed e-con e-parent\" data-id=\"3fc752f\" data-element_type=\"container\" data-e-type=\"container\" data-settings=\"{&quot;jet_parallax_layout_list&quot;:[]}\">\n\t\t\t\t\t<div class=\"e-con-inner\">\n\t\t<div class=\"elementor-element elementor-element-2be8523 e-con-full e-flex e-con e-child\" data-id=\"2be8523\" data-element_type=\"container\" data-e-type=\"container\" data-settings=\"{&quot;jet_parallax_layout_list&quot;:[]}\">\n\t\t\t\t<div class=\"elementor-element elementor-element-6624c97 elementor-widget elementor-widget-heading\" data-id=\"6624c97\" data-element_type=\"widget\" data-e-type=\"widget\" data-widget_type=\"heading.default\">\n\t\t\t\t\t<h2 class=\"elementor-heading-title elementor-size-default\">Gelebte Traditon<\/h2>\t\t\t\t<\/div>\n\t\t\t\t<div class=\"elementor-element elementor-element-ef4de54 elementor-widget elementor-widget-text-editor\" data-id=\"ef4de54\" data-element_type=\"widget\" data-e-type=\"widget\" data-widget_type=\"text-editor.default\">\n\t\t\t\t\t\t\t\t\t<p>Entdecke die Wurzeln unseres Familienunternehmens, das vor \u00fcber 90 Jahren als Sattlerei begann. Tauche ein in unsere Geschichte, die von bescheidenen Anf\u00e4ngen bis zu einem f\u00fchrenden Anbieter von Designerm\u00f6beln und Interior Design reicht.<\/p>\t\t\t\t\t\t\t\t<\/div>\n\t\t\t\t<div class=\"elementor-element elementor-element-93ab8e3 elementor-widget elementor-widget-button\" data-id=\"93ab8e3\" data-element_type=\"widget\" data-e-type=\"widget\" data-widget_type=\"button.default\">\n\t\t\t\t\t\t\t\t\t\t<a class=\"elementor-button elementor-button-link elementor-size-sm\" href=\"\/ueber-uns\/unsere-geschichte\">\n\t\t\t\t\t\t<span class=\"elementor-button-content-wrapper\">\n\t\t\t\t\t\t\t\t\t<span class=\"elementor-button-text\">Unsere Geschichte<\/span>\n\t\t\t\t\t<\/span>\n\t\t\t\t\t<\/a>\n\t\t\t\t\t\t\t\t<\/div>\n\t\t\t\t<\/div>\n\t\t<div class=\"elementor-element elementor-element-c43cd18 e-con-full e-flex e-con e-child\" data-id=\"c43cd18\" data-element_type=\"container\" data-e-type=\"container\" data-settings=\"{&quot;jet_parallax_layout_list&quot;:[]}\">\n\t\t\t\t<div class=\"elementor-element elementor-element-f7b3181 elementor-widget elementor-widget-image\" data-id=\"f7b3181\" data-element_type=\"widget\" data-e-type=\"widget\" data-widget_type=\"image.default\">\n\t\t\t\t\t\t\t\t\t\t\t\t\t\t\t<img decoding=\"async\" width=\"800\" height=\"497\" src=\"https:\/\/lehmann-ambiente.ch\/wp-content\/uploads\/2024\/01\/ML_90Jahre_6-1024x636.jpg\" class=\"attachment-large size-large wp-image-3883\" alt=\"\" srcset=\"https:\/\/lehmann-ambiente.ch\/wp-content\/uploads\/2024\/01\/ML_90Jahre_6-1024x636.jpg 1024w, https:\/\/lehmann-ambiente.ch\/wp-content\/uploads\/2024\/01\/ML_90Jahre_6-300x186.jpg 300w, https:\/\/lehmann-ambiente.ch\/wp-content\/uploads\/2024\/01\/ML_90Jahre_6-768x477.jpg 768w, https:\/\/lehmann-ambiente.ch\/wp-content\/uploads\/2024\/01\/ML_90Jahre_6-1536x955.jpg 1536w, https:\/\/lehmann-ambiente.ch\/wp-content\/uploads\/2024\/01\/ML_90Jahre_6-2048x1273.jpg 2048w, https:\/\/lehmann-ambiente.ch\/wp-content\/uploads\/2024\/01\/ML_90Jahre_6-18x12.jpg 18w, https:\/\/lehmann-ambiente.ch\/wp-content\/uploads\/2024\/01\/ML_90Jahre_6-600x373.jpg 600w\" sizes=\"(max-width: 800px) 100vw, 800px\" \/>\t\t\t\t\t\t\t\t\t\t\t\t\t\t\t<\/div>\n\t\t\t\t<\/div>\n\t\t\t\t\t<\/div>\n\t\t\t\t<\/div>\n\t\t<div class=\"elementor-element elementor-element-589e183 e-flex e-con-boxed e-con e-parent\" data-id=\"589e183\" data-element_type=\"container\" data-e-type=\"container\" data-settings=\"{&quot;jet_parallax_layout_list&quot;:[]}\">\n\t\t\t\t\t<div class=\"e-con-inner\">\n\t\t<div class=\"elementor-element elementor-element-0d22a39 e-con-full e-flex e-con e-child\" data-id=\"0d22a39\" data-element_type=\"container\" data-e-type=\"container\" data-settings=\"{&quot;jet_parallax_layout_list&quot;:[]}\">\n\t\t\t\t<div class=\"elementor-element elementor-element-7b60a65 elementor-widget elementor-widget-image\" data-id=\"7b60a65\" data-element_type=\"widget\" data-e-type=\"widget\" data-widget_type=\"image.default\">\n\t\t\t\t\t\t\t\t\t\t\t\t\t\t\t<img loading=\"lazy\" decoding=\"async\" width=\"800\" height=\"532\" src=\"https:\/\/lehmann-ambiente.ch\/wp-content\/uploads\/2024\/02\/ML_Lehmann_098-1024x681.jpg\" class=\"attachment-large size-large wp-image-4339\" alt=\"\" srcset=\"https:\/\/lehmann-ambiente.ch\/wp-content\/uploads\/2024\/02\/ML_Lehmann_098-1024x681.jpg 1024w, https:\/\/lehmann-ambiente.ch\/wp-content\/uploads\/2024\/02\/ML_Lehmann_098-300x200.jpg 300w, https:\/\/lehmann-ambiente.ch\/wp-content\/uploads\/2024\/02\/ML_Lehmann_098-768x511.jpg 768w, https:\/\/lehmann-ambiente.ch\/wp-content\/uploads\/2024\/02\/ML_Lehmann_098-391x260.jpg 391w, https:\/\/lehmann-ambiente.ch\/wp-content\/uploads\/2024\/02\/ML_Lehmann_098-1536x1022.jpg 1536w, https:\/\/lehmann-ambiente.ch\/wp-content\/uploads\/2024\/02\/ML_Lehmann_098-2048x1363.jpg 2048w, https:\/\/lehmann-ambiente.ch\/wp-content\/uploads\/2024\/02\/ML_Lehmann_098-18x12.jpg 18w, https:\/\/lehmann-ambiente.ch\/wp-content\/uploads\/2024\/02\/ML_Lehmann_098-600x399.jpg 600w\" sizes=\"(max-width: 800px) 100vw, 800px\" \/>\t\t\t\t\t\t\t\t\t\t\t\t\t\t\t<\/div>\n\t\t\t\t<\/div>\n\t\t<div class=\"elementor-element elementor-element-b3fe0b8 e-con-full e-flex e-con e-child\" data-id=\"b3fe0b8\" data-element_type=\"container\" data-e-type=\"container\" data-settings=\"{&quot;jet_parallax_layout_list&quot;:[]}\">\n\t\t\t\t<div class=\"elementor-element elementor-element-2c63e7c elementor-widget elementor-widget-heading\" data-id=\"2c63e7c\" data-element_type=\"widget\" data-e-type=\"widget\" data-widget_type=\"heading.default\">\n\t\t\t\t\t<h2 class=\"elementor-heading-title elementor-size-default\">Standort und \u00d6ffnungszeiten<\/h2>\t\t\t\t<\/div>\n\t\t\t\t<div class=\"elementor-element elementor-element-4bb6e5a elementor-widget elementor-widget-text-editor\" data-id=\"4bb6e5a\" data-element_type=\"widget\" data-e-type=\"widget\" data-widget_type=\"text-editor.default\">\n\t\t\t\t\t\t\t\t\t<p>Das Einrichtungshaus gleich bei der Autobahnausfahrt D\u00fcdingen und pr\u00e4sentiert sich nach drei An- und Umbauten in einem ganz anderen Licht.<\/p><p>Wir freuen uns, Sie bei uns begr\u00fcssen zu d\u00fcrfen.<\/p>\t\t\t\t\t\t\t\t<\/div>\n\t\t\t\t<div class=\"elementor-element elementor-element-e356630 elementor-widget elementor-widget-button\" data-id=\"e356630\" data-element_type=\"widget\" data-e-type=\"widget\" data-widget_type=\"button.default\">\n\t\t\t\t\t\t\t\t\t\t<a class=\"elementor-button elementor-button-link elementor-size-sm\" href=\"\/ueber-uns\/kontakt\">\n\t\t\t\t\t\t<span class=\"elementor-button-content-wrapper\">\n\t\t\t\t\t\t\t\t\t<span class=\"elementor-button-text\">Kontakt<\/span>\n\t\t\t\t\t<\/span>\n\t\t\t\t\t<\/a>\n\t\t\t\t\t\t\t\t<\/div>\n\t\t\t\t<\/div>\n\t\t\t\t\t<\/div>\n\t\t\t\t<\/div>\n\t\t<div class=\"elementor-element elementor-element-46aa5fa e-flex e-con-boxed e-con e-parent\" data-id=\"46aa5fa\" data-element_type=\"container\" data-e-type=\"container\" data-settings=\"{&quot;jet_parallax_layout_list&quot;:[]}\">\n\t\t\t\t\t<div class=\"e-con-inner\">\n\t\t<div class=\"elementor-element elementor-element-5c35593 e-con-full e-flex e-con e-child\" data-id=\"5c35593\" data-element_type=\"container\" data-e-type=\"container\" data-settings=\"{&quot;jet_parallax_layout_list&quot;:[]}\">\n\t\t\t\t<div class=\"elementor-element elementor-element-a9878b6 elementor-widget elementor-widget-heading\" data-id=\"a9878b6\" data-element_type=\"widget\" data-e-type=\"widget\" data-widget_type=\"heading.default\">\n\t\t\t\t\t<h2 class=\"elementor-heading-title elementor-size-default\">Offene Stellen<\/h2>\t\t\t\t<\/div>\n\t\t\t\t<div class=\"elementor-element elementor-element-c7dd276 elementor-widget elementor-widget-button\" data-id=\"c7dd276\" data-element_type=\"widget\" data-e-type=\"widget\" data-widget_type=\"button.default\">\n\t\t\t\t\t\t\t\t\t\t<a class=\"elementor-button elementor-button-link elementor-size-sm\" href=\"\/ueber-uns\/jobs\">\n\t\t\t\t\t\t<span class=\"elementor-button-content-wrapper\">\n\t\t\t\t\t\t\t\t\t<span class=\"elementor-button-text\">Jobs ansehen<\/span>\n\t\t\t\t\t<\/span>\n\t\t\t\t\t<\/a>\n\t\t\t\t\t\t\t\t<\/div>\n\t\t\t\t<\/div>\n\t\t<div class=\"elementor-element elementor-element-5462a49 e-con-full e-flex e-con e-child\" data-id=\"5462a49\" data-element_type=\"container\" data-e-type=\"container\" data-settings=\"{&quot;jet_parallax_layout_list&quot;:[]}\">\n\t\t\t\t<div class=\"elementor-element elementor-element-8a2e8a3 elementor-widget elementor-widget-image\" data-id=\"8a2e8a3\" data-element_type=\"widget\" data-e-type=\"widget\" data-widget_type=\"image.default\">\n\t\t\t\t\t\t\t\t\t\t\t\t\t\t\t<img loading=\"lazy\" decoding=\"async\" width=\"800\" height=\"600\" src=\"https:\/\/lehmann-ambiente.ch\/wp-content\/uploads\/2024\/02\/DSC72921-1024x768.jpeg\" class=\"attachment-large size-large wp-image-4805\" alt=\"\" srcset=\"https:\/\/lehmann-ambiente.ch\/wp-content\/uploads\/2024\/02\/DSC72921-1024x768.jpeg 1024w, https:\/\/lehmann-ambiente.ch\/wp-content\/uploads\/2024\/02\/DSC72921-300x225.jpeg 300w, https:\/\/lehmann-ambiente.ch\/wp-content\/uploads\/2024\/02\/DSC72921-768x576.jpeg 768w, https:\/\/lehmann-ambiente.ch\/wp-content\/uploads\/2024\/02\/DSC72921-1536x1152.jpeg 1536w, https:\/\/lehmann-ambiente.ch\/wp-content\/uploads\/2024\/02\/DSC72921-2048x1536.jpeg 2048w, https:\/\/lehmann-ambiente.ch\/wp-content\/uploads\/2024\/02\/DSC72921-16x12.jpeg 16w, https:\/\/lehmann-ambiente.ch\/wp-content\/uploads\/2024\/02\/DSC72921-600x450.jpeg 600w\" sizes=\"(max-width: 800px) 100vw, 800px\" \/>\t\t\t\t\t\t\t\t\t\t\t\t\t\t\t<\/div>\n\t\t\t\t<\/div>\n\t\t\t\t\t<\/div>\n\t\t\t\t<\/div>\n\t\t<div class=\"elementor-element elementor-element-353aada e-flex e-con-boxed e-con e-parent\" data-id=\"353aada\" data-element_type=\"container\" data-e-type=\"container\" data-settings=\"{&quot;jet_parallax_layout_list&quot;:[]}\">\n\t\t\t\t\t<div class=\"e-con-inner\">\n\t\t\t\t<div class=\"elementor-element elementor-element-3ddd453 elementor-widget__width-inherit elementor-widget-laptop__width-inherit elementor-widget-widescreen__width-inherit elementor-widget elementor-widget-heading\" data-id=\"3ddd453\" data-element_type=\"widget\" data-e-type=\"widget\" data-widget_type=\"heading.default\">\n\t\t\t\t\t<h2 class=\"elementor-heading-title elementor-size-default\">News<\/h2>\t\t\t\t<\/div>\n\t\t\t\t\t<\/div>\n\t\t\t\t<\/div>\n\t\t<div class=\"elementor-element elementor-element-b2f596a e-flex e-con-boxed e-con e-parent\" data-id=\"b2f596a\" data-element_type=\"container\" data-e-type=\"container\" data-settings=\"{&quot;jet_parallax_layout_list&quot;:[]}\">\n\t\t\t\t\t<div class=\"e-con-inner\">\n\t\t\t\t<div class=\"elementor-element elementor-element-52f2001 elementor-widget elementor-widget-jet-listing-grid\" data-id=\"52f2001\" data-element_type=\"widget\" data-e-type=\"widget\" data-settings=\"{&quot;columns_tablet&quot;:&quot;2&quot;,&quot;columns_mobile&quot;:&quot;1&quot;,&quot;columns&quot;:3}\" data-widget_type=\"jet-listing-grid.default\">\n\t\t\t\t\t<div class=\"jet-listing-grid jet-listing\"><div class=\"jet-listing-grid__items grid-col-desk-3 grid-col-tablet-2 grid-col-mobile-1 jet-listing-grid--3346 jet-equal-columns__wrapper\" data-queried-id=\"3225|WP_Post\" data-nav=\"{&quot;enabled&quot;:false,&quot;type&quot;:null,&quot;more_el&quot;:null,&quot;query&quot;:[],&quot;widget_settings&quot;:{&quot;lisitng_id&quot;:3346,&quot;posts_num&quot;:3,&quot;columns&quot;:3,&quot;columns_tablet&quot;:2,&quot;columns_mobile&quot;:1,&quot;column_min_width&quot;:240,&quot;column_min_width_tablet&quot;:240,&quot;column_min_width_mobile&quot;:240,&quot;inline_columns_css&quot;:false,&quot;is_archive_template&quot;:&quot;&quot;,&quot;post_status&quot;:[&quot;publish&quot;],&quot;use_random_posts_num&quot;:&quot;&quot;,&quot;max_posts_num&quot;:9,&quot;not_found_message&quot;:&quot;No data was found&quot;,&quot;is_masonry&quot;:false,&quot;equal_columns_height&quot;:&quot;yes&quot;,&quot;use_load_more&quot;:&quot;&quot;,&quot;load_more_id&quot;:&quot;&quot;,&quot;load_more_type&quot;:&quot;click&quot;,&quot;load_more_offset&quot;:null,&quot;use_custom_post_types&quot;:&quot;&quot;,&quot;custom_post_types&quot;:[],&quot;hide_widget_if&quot;:&quot;&quot;,&quot;carousel_enabled&quot;:&quot;&quot;,&quot;slides_to_scroll&quot;:&quot;1&quot;,&quot;arrows&quot;:&quot;true&quot;,&quot;arrow_icon&quot;:&quot;fa fa-angle-left&quot;,&quot;dots&quot;:&quot;&quot;,&quot;autoplay&quot;:&quot;true&quot;,&quot;pause_on_hover&quot;:&quot;true&quot;,&quot;autoplay_speed&quot;:5000,&quot;infinite&quot;:&quot;true&quot;,&quot;center_mode&quot;:&quot;&quot;,&quot;effect&quot;:&quot;slide&quot;,&quot;speed&quot;:500,&quot;inject_alternative_items&quot;:&quot;&quot;,&quot;injection_items&quot;:[],&quot;scroll_slider_enabled&quot;:&quot;&quot;,&quot;scroll_slider_on&quot;:[&quot;desktop&quot;,&quot;tablet&quot;,&quot;mobile&quot;],&quot;custom_query&quot;:&quot;yes&quot;,&quot;custom_query_id&quot;:&quot;44&quot;,&quot;_element_id&quot;:&quot;&quot;,&quot;collapse_first_last_gap&quot;:false,&quot;list_tag_selection&quot;:&quot;&quot;,&quot;list_items_wrapper_tag&quot;:&quot;div&quot;,&quot;list_item_tag&quot;:&quot;div&quot;,&quot;empty_items_wrapper_tag&quot;:&quot;div&quot;}}\" data-page=\"1\" data-pages=\"2\" data-listing-source=\"query\" data-listing-id=\"3346\" data-query-id=\"44\"><div class=\"jet-listing-grid__item jet-listing-dynamic-post-2374 jet-equal-columns\" data-post-id=\"2374\"  >\t\t<div data-elementor-type=\"jet-listing-items\" data-elementor-id=\"3346\" class=\"elementor elementor-3346\" data-elementor-post-type=\"jet-engine\">\n\t\t\t\t<a class=\"elementor-element elementor-element-93bdffc e-con-full listing-simple e-flex e-con e-parent\" data-id=\"93bdffc\" data-element_type=\"container\" data-e-type=\"container\" data-settings=\"{&quot;jet_parallax_layout_list&quot;:[]}\" href=\"https:\/\/lehmann-ambiente.ch\/fr\/news\/walter-knoll-promotion\/\">\n\t\t<div data-dce-background-color=\"#E9E5E5\" class=\"elementor-element elementor-element-4d6d3b8 e-con-full e-flex e-con e-child\" data-id=\"4d6d3b8\" data-element_type=\"container\" data-e-type=\"container\" data-settings=\"{&quot;background_background&quot;:&quot;classic&quot;,&quot;jet_parallax_layout_list&quot;:[]}\">\n\t\t\t\t<div class=\"elementor-element elementor-element-89e6e58 elementor-widget__width-inherit listing-simple-image elementor-widget elementor-widget-theme-post-featured-image elementor-widget-image\" data-id=\"89e6e58\" data-element_type=\"widget\" data-e-type=\"widget\" data-widget_type=\"theme-post-featured-image.default\">\n\t\t\t\t\t\t\t\t\t\t\t\t\t\t\t<img loading=\"lazy\" decoding=\"async\" width=\"800\" height=\"534\" src=\"https:\/\/lehmann-ambiente.ch\/wp-content\/uploads\/2023\/09\/Magazin_Aktion_Oki_Muud_bf9333c717-1024x683.jpg\" class=\"attachment-large size-large wp-image-2169\" alt=\"Walter Knoll Promotion\" srcset=\"https:\/\/lehmann-ambiente.ch\/wp-content\/uploads\/2023\/09\/Magazin_Aktion_Oki_Muud_bf9333c717-1024x683.jpg 1024w, https:\/\/lehmann-ambiente.ch\/wp-content\/uploads\/2023\/09\/Magazin_Aktion_Oki_Muud_bf9333c717-300x200.jpg 300w, https:\/\/lehmann-ambiente.ch\/wp-content\/uploads\/2023\/09\/Magazin_Aktion_Oki_Muud_bf9333c717-768x512.jpg 768w, https:\/\/lehmann-ambiente.ch\/wp-content\/uploads\/2023\/09\/Magazin_Aktion_Oki_Muud_bf9333c717-391x260.jpg 391w, https:\/\/lehmann-ambiente.ch\/wp-content\/uploads\/2023\/09\/Magazin_Aktion_Oki_Muud_bf9333c717-1536x1024.jpg 1536w, https:\/\/lehmann-ambiente.ch\/wp-content\/uploads\/2023\/09\/Magazin_Aktion_Oki_Muud_bf9333c717-18x12.jpg 18w, https:\/\/lehmann-ambiente.ch\/wp-content\/uploads\/2023\/09\/Magazin_Aktion_Oki_Muud_bf9333c717-600x400.jpg 600w, https:\/\/lehmann-ambiente.ch\/wp-content\/uploads\/2023\/09\/Magazin_Aktion_Oki_Muud_bf9333c717.jpg 1800w\" sizes=\"(max-width: 800px) 100vw, 800px\" \/>\t\t\t\t\t\t\t\t\t\t\t\t\t\t\t<\/div>\n\t\t\t\t<\/div>\n\t\t\t\t<div class=\"elementor-element elementor-element-cc68e6b elementor-widget elementor-widget-heading\" data-id=\"cc68e6b\" data-element_type=\"widget\" data-e-type=\"widget\" data-widget_type=\"heading.default\">\n\t\t\t\t\t<h3 class=\"elementor-heading-title elementor-size-default\">Walter Knoll Promotion<\/h3>\t\t\t\t<\/div>\n\t\t\t\t<\/a>\n\t\t\t\t<\/div>\n\t\t<\/div><div class=\"jet-listing-grid__item jet-listing-dynamic-post-214 jet-equal-columns\" data-post-id=\"214\"  >\t\t<div data-elementor-type=\"jet-listing-items\" data-elementor-id=\"3346\" class=\"elementor elementor-3346\" data-elementor-post-type=\"jet-engine\">\n\t\t\t\t<a class=\"elementor-element elementor-element-93bdffc e-con-full listing-simple e-flex e-con e-parent\" data-id=\"93bdffc\" data-element_type=\"container\" data-e-type=\"container\" data-settings=\"{&quot;jet_parallax_layout_list&quot;:[]}\" href=\"https:\/\/lehmann-ambiente.ch\/fr\/news\/ev-ladestationen\/\">\n\t\t<div data-dce-background-color=\"#E9E5E5\" class=\"elementor-element elementor-element-4d6d3b8 e-con-full e-flex e-con e-child\" data-id=\"4d6d3b8\" data-element_type=\"container\" data-e-type=\"container\" data-settings=\"{&quot;background_background&quot;:&quot;classic&quot;,&quot;jet_parallax_layout_list&quot;:[]}\">\n\t\t\t\t<div class=\"elementor-element elementor-element-89e6e58 elementor-widget__width-inherit listing-simple-image elementor-widget elementor-widget-theme-post-featured-image elementor-widget-image\" data-id=\"89e6e58\" data-element_type=\"widget\" data-e-type=\"widget\" data-widget_type=\"theme-post-featured-image.default\">\n\t\t\t\t\t\t\t\t\t\t\t\t\t\t\t<img loading=\"lazy\" decoding=\"async\" width=\"800\" height=\"600\" src=\"https:\/\/lehmann-ambiente.ch\/wp-content\/uploads\/2023\/04\/cdd50d7c-812b-413c-a5be-ef54effdaedc.jpg\" class=\"attachment-large size-large wp-image-215\" alt=\"\" srcset=\"https:\/\/lehmann-ambiente.ch\/wp-content\/uploads\/2023\/04\/cdd50d7c-812b-413c-a5be-ef54effdaedc.jpg 960w, https:\/\/lehmann-ambiente.ch\/wp-content\/uploads\/2023\/04\/cdd50d7c-812b-413c-a5be-ef54effdaedc-600x450.jpg 600w, https:\/\/lehmann-ambiente.ch\/wp-content\/uploads\/2023\/04\/cdd50d7c-812b-413c-a5be-ef54effdaedc-300x225.jpg 300w, https:\/\/lehmann-ambiente.ch\/wp-content\/uploads\/2023\/04\/cdd50d7c-812b-413c-a5be-ef54effdaedc-768x576.jpg 768w\" sizes=\"(max-width: 800px) 100vw, 800px\" \/>\t\t\t\t\t\t\t\t\t\t\t\t\t\t\t<\/div>\n\t\t\t\t<\/div>\n\t\t\t\t<div class=\"elementor-element elementor-element-cc68e6b elementor-widget elementor-widget-heading\" data-id=\"cc68e6b\" data-element_type=\"widget\" data-e-type=\"widget\" data-widget_type=\"heading.default\">\n\t\t\t\t\t<h3 class=\"elementor-heading-title elementor-size-default\">EV Ladestationen<\/h3>\t\t\t\t<\/div>\n\t\t\t\t<\/a>\n\t\t\t\t<\/div>\n\t\t<\/div><div class=\"jet-listing-grid__item jet-listing-dynamic-post-212 jet-equal-columns\" data-post-id=\"212\"  >\t\t<div data-elementor-type=\"jet-listing-items\" data-elementor-id=\"3346\" class=\"elementor elementor-3346\" data-elementor-post-type=\"jet-engine\">\n\t\t\t\t<a class=\"elementor-element elementor-element-93bdffc e-con-full listing-simple e-flex e-con e-parent\" data-id=\"93bdffc\" data-element_type=\"container\" data-e-type=\"container\" data-settings=\"{&quot;jet_parallax_layout_list&quot;:[]}\" href=\"https:\/\/lehmann-ambiente.ch\/fr\/news\/on-the-rocks-by-edra\/\">\n\t\t<div data-dce-background-color=\"#E9E5E5\" class=\"elementor-element elementor-element-4d6d3b8 e-con-full e-flex e-con e-child\" data-id=\"4d6d3b8\" data-element_type=\"container\" data-e-type=\"container\" data-settings=\"{&quot;background_background&quot;:&quot;classic&quot;,&quot;jet_parallax_layout_list&quot;:[]}\">\n\t\t\t\t<div class=\"elementor-element elementor-element-89e6e58 elementor-widget__width-inherit listing-simple-image elementor-widget elementor-widget-theme-post-featured-image elementor-widget-image\" data-id=\"89e6e58\" data-element_type=\"widget\" data-e-type=\"widget\" data-widget_type=\"theme-post-featured-image.default\">\n\t\t\t\t\t\t\t\t\t\t\t\t\t\t\t<img loading=\"lazy\" decoding=\"async\" width=\"480\" height=\"360\" src=\"https:\/\/lehmann-ambiente.ch\/wp-content\/uploads\/2023\/04\/4f88270d-f3c8-4809-9cc4-605fa9873d00.jpg\" class=\"attachment-large size-large wp-image-213\" alt=\"\" srcset=\"https:\/\/lehmann-ambiente.ch\/wp-content\/uploads\/2023\/04\/4f88270d-f3c8-4809-9cc4-605fa9873d00.jpg 480w, https:\/\/lehmann-ambiente.ch\/wp-content\/uploads\/2023\/04\/4f88270d-f3c8-4809-9cc4-605fa9873d00-300x225.jpg 300w\" sizes=\"(max-width: 480px) 100vw, 480px\" \/>\t\t\t\t\t\t\t\t\t\t\t\t\t\t\t<\/div>\n\t\t\t\t<\/div>\n\t\t\t\t<div class=\"elementor-element elementor-element-cc68e6b elementor-widget elementor-widget-heading\" data-id=\"cc68e6b\" data-element_type=\"widget\" data-e-type=\"widget\" data-widget_type=\"heading.default\">\n\t\t\t\t\t<h3 class=\"elementor-heading-title elementor-size-default\">On the Rocks by Edra<\/h3>\t\t\t\t<\/div>\n\t\t\t\t<\/a>\n\t\t\t\t<\/div>\n\t\t<\/div><\/div><\/div>\t\t\t\t<\/div>\n\t\t\t\t<div class=\"elementor-element elementor-element-afbab19 elementor-widget elementor-widget-button\" data-id=\"afbab19\" data-element_type=\"widget\" data-e-type=\"widget\" data-widget_type=\"button.default\">\n\t\t\t\t\t\t\t\t\t\t<a class=\"elementor-button elementor-button-link elementor-size-sm\" href=\"\/news\">\n\t\t\t\t\t\t<span class=\"elementor-button-content-wrapper\">\n\t\t\t\t\t\t\t\t\t<span class=\"elementor-button-text\">Alle News<\/span>\n\t\t\t\t\t<\/span>\n\t\t\t\t\t<\/a>\n\t\t\t\t\t\t\t\t<\/div>\n\t\t\t\t\t<\/div>\n\t\t\t\t<\/div>\n\t\t\t\t<\/div>\n\t\t","protected":false},"excerpt":{"rendered":"<p>Geschichte Gelebte Traditon Entdecke die Wurzeln unseres Familienunternehmens, das vor \u00fcber 90 Jahren als Sattlerei begann. Tauche ein in unsere Geschichte, die von bescheidenen Anf\u00e4ngen bis zu einem f\u00fchrenden Anbieter von Designerm\u00f6beln und Interior Design reicht. Unsere Geschichte Standort und \u00d6ffnungszeiten Das Einrichtungshaus gleich bei der Autobahnausfahrt D\u00fcdingen und pr\u00e4sentiert sich nach drei An- und [&hellip;]<\/p>\n","protected":false},"author":56,"featured_media":6525,"parent":0,"menu_order":0,"comment_status":"closed","ping_status":"closed","template":"","meta":{"_acf_changed":false,"footnotes":""},"class_list":["post-3225","page","type-page","status-publish","has-post-thumbnail","hentry"],"acf":[],"_links":{"self":[{"href":"https:\/\/lehmann-ambiente.ch\/fr\/wp-json\/wp\/v2\/pages\/3225","targetHints":{"allow":["GET"]}}],"collection":[{"href":"https:\/\/lehmann-ambiente.ch\/fr\/wp-json\/wp\/v2\/pages"}],"about":[{"href":"https:\/\/lehmann-ambiente.ch\/fr\/wp-json\/wp\/v2\/types\/page"}],"author":[{"embeddable":true,"href":"https:\/\/lehmann-ambiente.ch\/fr\/wp-json\/wp\/v2\/users\/56"}],"replies":[{"embeddable":true,"href":"https:\/\/lehmann-ambiente.ch\/fr\/wp-json\/wp\/v2\/comments?post=3225"}],"version-history":[{"count":0,"href":"https:\/\/lehmann-ambiente.ch\/fr\/wp-json\/wp\/v2\/pages\/3225\/revisions"}],"wp:featuredmedia":[{"embeddable":true,"href":"https:\/\/lehmann-ambiente.ch\/fr\/wp-json\/wp\/v2\/media\/6525"}],"wp:attachment":[{"href":"https:\/\/lehmann-ambiente.ch\/fr\/wp-json\/wp\/v2\/media?parent=3225"}],"curies":[{"name":"wp","href":"https:\/\/api.w.org\/{rel}","templated":true}]}}