{"id":3880,"date":"2024-01-31T21:54:32","date_gmt":"2024-01-31T20:54:32","guid":{"rendered":"https:\/\/lehmann-ambiente.ch\/staging\/?page_id=3880"},"modified":"2024-02-07T15:10:34","modified_gmt":"2024-02-07T14:10:34","slug":"notre-histoire","status":"publish","type":"page","link":"https:\/\/lehmann-ambiente.ch\/fr\/ueber-uns\/unsere-geschichte\/","title":{"rendered":"Notre histoire"},"content":{"rendered":"<div data-elementor-type=\"wp-page\" data-elementor-id=\"3880\" class=\"elementor elementor-3880\" data-elementor-post-type=\"page\">\n\t\t\t\t<div class=\"elementor-element elementor-element-ca10b6b e-flex e-con-boxed e-con e-parent\" data-id=\"ca10b6b\" data-element_type=\"container\" data-e-type=\"container\" data-settings=\"{&quot;jet_parallax_layout_list&quot;:[]}\">\n\t\t\t\t\t<div class=\"e-con-inner\">\n\t\t\t\t<div class=\"elementor-element elementor-element-f36f341 elementor-widget elementor-widget-text-editor\" data-id=\"f36f341\" data-element_type=\"widget\" data-e-type=\"widget\" data-widget_type=\"text-editor.default\">\n\t\t\t\t\t\t\t\t\t<p>Tout a commenc\u00e9 il y a plus 90 ans avec une petite sellerie au sous-sol de la Havuptstrasse 26 \u00e0 D\u00fcdingen. Avec son ouverture, Alfons Lehmann Sr. a fond\u00e9 l'actuelle soci\u00e9t\u00e9 Lehmann Ambiente. Peu de temps avant le d\u00e9clenchement de la Seconde Guerre mondiale, l'entreprise en pleine croissance a emm\u00e9nag\u00e9 dans son premier nouveau b\u00e2timent. Des rev\u00eatements de sol et une petite s\u00e9lection de mobilier compl\u00e8tent d\u00e9sormais la gamme. En 1962, la deuxi\u00e8me g\u00e9n\u00e9ration, Hans et Rosmarie, passe au front et le commerce du meuble se d\u00e9veloppe. \u00c0 la troisi\u00e8me g\u00e9n\u00e9ration et deux d\u00e9m\u00e9nagements plus tard, la famille sait exactement o\u00f9 elle veut aller. \u00ab La simple vente de meubles finira t\u00f4t ou tard. Nous nous voyons de plus en plus comme un architecte d'int\u00e9rieur avec un showroom. Des concepts d'espace holistiques pour les nouvelles constructions et les transformations sont aujourd'hui souhait\u00e9s et nous vous les proposons. Le client a droit \u00e0 des conseils personnalis\u00e9s et \u00e0 un service complet. C'est pourquoi nos sp\u00e9cialistes de l'ameublement ont une connaissance approfondie des marques et des produits avec de nombreuses ann\u00e9es d'exp\u00e9rience.\u00bb<\/p><p>Aujourd'hui, le magasin de meubles se trouve juste \u00e0 c\u00f4t\u00e9 de la sortie d'autoroute de D\u00fcdingen et se pr\u00e9sente sous un tout autre jour apr\u00e8s trois extensions et transformations.<\/p>\t\t\t\t\t\t\t\t<\/div>\n\t\t\t\t\t<\/div>\n\t\t\t\t<\/div>\n\t\t<div class=\"elementor-element elementor-element-bf7f041 e-con-full e-flex e-con e-parent\" data-id=\"bf7f041\" data-element_type=\"container\" data-e-type=\"container\" data-settings=\"{&quot;jet_parallax_layout_list&quot;:[]}\">\n\t\t\t\t<div class=\"elementor-element elementor-element-826f527 elementor-widget__width-inherit elementor-widget elementor-widget-image\" data-id=\"826f527\" data-element_type=\"widget\" data-e-type=\"widget\" data-widget_type=\"image.default\">\n\t\t\t\t\t\t\t\t\t\t\t\t\t\t\t<img fetchpriority=\"high\" decoding=\"async\" width=\"800\" height=\"489\" src=\"https:\/\/lehmann-ambiente.ch\/wp-content\/uploads\/2024\/02\/ML_90Jahre_2-1024x626.jpg\" class=\"attachment-large size-large wp-image-5525\" alt=\"\" srcset=\"https:\/\/lehmann-ambiente.ch\/wp-content\/uploads\/2024\/02\/ML_90Jahre_2-1024x626.jpg 1024w, https:\/\/lehmann-ambiente.ch\/wp-content\/uploads\/2024\/02\/ML_90Jahre_2-300x183.jpg 300w, https:\/\/lehmann-ambiente.ch\/wp-content\/uploads\/2024\/02\/ML_90Jahre_2-768x470.jpg 768w, https:\/\/lehmann-ambiente.ch\/wp-content\/uploads\/2024\/02\/ML_90Jahre_2-1536x939.jpg 1536w, https:\/\/lehmann-ambiente.ch\/wp-content\/uploads\/2024\/02\/ML_90Jahre_2-2048x1252.jpg 2048w, https:\/\/lehmann-ambiente.ch\/wp-content\/uploads\/2024\/02\/ML_90Jahre_2-18x12.jpg 18w, https:\/\/lehmann-ambiente.ch\/wp-content\/uploads\/2024\/02\/ML_90Jahre_2-600x367.jpg 600w\" sizes=\"(max-width: 800px) 100vw, 800px\" \/>\t\t\t\t\t\t\t\t\t\t\t\t\t\t\t<\/div>\n\t\t<div class=\"elementor-element elementor-element-30b65a2 e-con-full e-flex e-con e-child\" data-id=\"30b65a2\" data-element_type=\"container\" data-e-type=\"container\" data-settings=\"{&quot;jet_parallax_layout_list&quot;:[]}\">\n\t\t\t\t<div class=\"elementor-element elementor-element-fec6768 elementor-widget elementor-widget-image\" data-id=\"fec6768\" data-element_type=\"widget\" data-e-type=\"widget\" data-widget_type=\"image.default\">\n\t\t\t\t\t\t\t\t\t\t\t\t\t\t\t<img decoding=\"async\" width=\"800\" height=\"607\" src=\"https:\/\/lehmann-ambiente.ch\/wp-content\/uploads\/2024\/02\/ML_90Jahre_1-1024x777.jpg\" class=\"attachment-large size-large wp-image-5539\" alt=\"\" srcset=\"https:\/\/lehmann-ambiente.ch\/wp-content\/uploads\/2024\/02\/ML_90Jahre_1-1024x777.jpg 1024w, https:\/\/lehmann-ambiente.ch\/wp-content\/uploads\/2024\/02\/ML_90Jahre_1-300x228.jpg 300w, https:\/\/lehmann-ambiente.ch\/wp-content\/uploads\/2024\/02\/ML_90Jahre_1-768x583.jpg 768w, https:\/\/lehmann-ambiente.ch\/wp-content\/uploads\/2024\/02\/ML_90Jahre_1-1536x1166.jpg 1536w, https:\/\/lehmann-ambiente.ch\/wp-content\/uploads\/2024\/02\/ML_90Jahre_1-2048x1554.jpg 2048w, https:\/\/lehmann-ambiente.ch\/wp-content\/uploads\/2024\/02\/ML_90Jahre_1-16x12.jpg 16w, https:\/\/lehmann-ambiente.ch\/wp-content\/uploads\/2024\/02\/ML_90Jahre_1-600x455.jpg 600w\" sizes=\"(max-width: 800px) 100vw, 800px\" \/>\t\t\t\t\t\t\t\t\t\t\t\t\t\t\t<\/div>\n\t\t\t\t<div class=\"elementor-element elementor-element-6512243 elementor-widget elementor-widget-image\" data-id=\"6512243\" data-element_type=\"widget\" data-e-type=\"widget\" data-widget_type=\"image.default\">\n\t\t\t\t\t\t\t\t\t\t\t\t\t\t\t<img decoding=\"async\" width=\"800\" height=\"568\" src=\"https:\/\/lehmann-ambiente.ch\/wp-content\/uploads\/2024\/02\/IMG_20191109_103322-1024x727.jpg\" class=\"attachment-large size-large wp-image-5535\" alt=\"\" srcset=\"https:\/\/lehmann-ambiente.ch\/wp-content\/uploads\/2024\/02\/IMG_20191109_103322-1024x727.jpg 1024w, https:\/\/lehmann-ambiente.ch\/wp-content\/uploads\/2024\/02\/IMG_20191109_103322-300x213.jpg 300w, https:\/\/lehmann-ambiente.ch\/wp-content\/uploads\/2024\/02\/IMG_20191109_103322-768x545.jpg 768w, https:\/\/lehmann-ambiente.ch\/wp-content\/uploads\/2024\/02\/IMG_20191109_103322-1536x1090.jpg 1536w, https:\/\/lehmann-ambiente.ch\/wp-content\/uploads\/2024\/02\/IMG_20191109_103322-2048x1453.jpg 2048w, https:\/\/lehmann-ambiente.ch\/wp-content\/uploads\/2024\/02\/IMG_20191109_103322-18x12.jpg 18w, https:\/\/lehmann-ambiente.ch\/wp-content\/uploads\/2024\/02\/IMG_20191109_103322-600x426.jpg 600w\" sizes=\"(max-width: 800px) 100vw, 800px\" \/>\t\t\t\t\t\t\t\t\t\t\t\t\t\t\t<\/div>\n\t\t\t\t<\/div>\n\t\t\t\t<\/div>\n\t\t\t\t<\/div>","protected":false},"excerpt":{"rendered":"<p>Alles startete vor etwas mehr als 90 Jahren mit einer kleinen Sattlerei im Untergeschoss an der Hauptstrasse 26 in D\u00fcdingen. Mit deren Er\u00f6ffnung gr\u00fcndete Alfons Lehmann Senior die heutige Firma Lehmann Ambiente. Kurz vor Ausbruch des zweiten Weltkrieges bezog die wachsende Firma ihren ersten Neubau. Bodenbel\u00e4ge und eine kleine Auswahl an M\u00f6beln komplettierten von nun [&hellip;]<\/p>\n","protected":false},"author":56,"featured_media":3883,"parent":3225,"menu_order":2,"comment_status":"closed","ping_status":"closed","template":"","meta":{"_acf_changed":false,"footnotes":""},"class_list":["post-3880","page","type-page","status-publish","has-post-thumbnail","hentry"],"acf":[],"_links":{"self":[{"href":"https:\/\/lehmann-ambiente.ch\/fr\/wp-json\/wp\/v2\/pages\/3880","targetHints":{"allow":["GET"]}}],"collection":[{"href":"https:\/\/lehmann-ambiente.ch\/fr\/wp-json\/wp\/v2\/pages"}],"about":[{"href":"https:\/\/lehmann-ambiente.ch\/fr\/wp-json\/wp\/v2\/types\/page"}],"author":[{"embeddable":true,"href":"https:\/\/lehmann-ambiente.ch\/fr\/wp-json\/wp\/v2\/users\/56"}],"replies":[{"embeddable":true,"href":"https:\/\/lehmann-ambiente.ch\/fr\/wp-json\/wp\/v2\/comments?post=3880"}],"version-history":[{"count":0,"href":"https:\/\/lehmann-ambiente.ch\/fr\/wp-json\/wp\/v2\/pages\/3880\/revisions"}],"up":[{"embeddable":true,"href":"https:\/\/lehmann-ambiente.ch\/fr\/wp-json\/wp\/v2\/pages\/3225"}],"wp:featuredmedia":[{"embeddable":true,"href":"https:\/\/lehmann-ambiente.ch\/fr\/wp-json\/wp\/v2\/media\/3883"}],"wp:attachment":[{"href":"https:\/\/lehmann-ambiente.ch\/fr\/wp-json\/wp\/v2\/media?parent=3880"}],"curies":[{"name":"wp","href":"https:\/\/api.w.org\/{rel}","templated":true}]}}