{"id":10119,"date":"2024-11-16T14:37:36","date_gmt":"2024-11-16T13:37:36","guid":{"rendered":"https:\/\/lehmann-ambiente.ch\/?post_type=product&#038;p=10119"},"modified":"2026-02-25T14:28:09","modified_gmt":"2026-02-25T13:28:09","slug":"hug-fauteuil","status":"publish","type":"product","link":"https:\/\/lehmann-ambiente.ch\/fr\/produkt\/hug-sessel\/","title":{"rendered":"HUG fauteuil"},"content":{"rendered":"<p>Tissu Remix couleur gris<br>Pieds acier \u00e9poxy noir<\/p>\n\n\n\n<p>L87 x P86 x H82cm<\/p>\n\n\n\n<p>hauteur d'assise 41 cm<\/p>\n\n\n\n<p>\u00e9tat: pi\u00e8ce d'exposition<\/p>","protected":false},"excerpt":{"rendered":"<p>Tissu Remix Couleur grisF\u00fcsse Acier rev\u00eatu par poudre Noir L87 x P86 x H82cm Hauteur d'assise 41 cm \u00c9tat : Pi\u00e8ce d'exposition<\/p>","protected":false},"featured_media":10120,"template":"","meta":{"_acf_changed":false},"product_brand":[],"product_cat":[52,137,138],"product_tag":[],"material":[],"class_list":{"0":"post-10119","1":"product","2":"type-product","3":"status-publish","4":"has-post-thumbnail","6":"product_cat-sale","7":"product_cat-ausstellungsstueck","8":"product_cat-sofas-sessel","10":"first","11":"instock","12":"sale","13":"taxable","14":"shipping-taxable","15":"purchasable","16":"product-type-simple"},"acf":[],"_links":{"self":[{"href":"https:\/\/lehmann-ambiente.ch\/fr\/wp-json\/wp\/v2\/product\/10119","targetHints":{"allow":["GET"]}}],"collection":[{"href":"https:\/\/lehmann-ambiente.ch\/fr\/wp-json\/wp\/v2\/product"}],"about":[{"href":"https:\/\/lehmann-ambiente.ch\/fr\/wp-json\/wp\/v2\/types\/product"}],"wp:featuredmedia":[{"embeddable":true,"href":"https:\/\/lehmann-ambiente.ch\/fr\/wp-json\/wp\/v2\/media\/10120"}],"wp:attachment":[{"href":"https:\/\/lehmann-ambiente.ch\/fr\/wp-json\/wp\/v2\/media?parent=10119"}],"wp:term":[{"taxonomy":"product_brand","embeddable":true,"href":"https:\/\/lehmann-ambiente.ch\/fr\/wp-json\/wp\/v2\/product_brand?post=10119"},{"taxonomy":"product_cat","embeddable":true,"href":"https:\/\/lehmann-ambiente.ch\/fr\/wp-json\/wp\/v2\/product_cat?post=10119"},{"taxonomy":"product_tag","embeddable":true,"href":"https:\/\/lehmann-ambiente.ch\/fr\/wp-json\/wp\/v2\/product_tag?post=10119"},{"taxonomy":"material","embeddable":true,"href":"https:\/\/lehmann-ambiente.ch\/fr\/wp-json\/wp\/v2\/material?post=10119"}],"curies":[{"name":"wp","href":"https:\/\/api.w.org\/{rel}","templated":true}]}}