{"id":10700,"date":"2025-02-04T17:41:01","date_gmt":"2025-02-04T16:41:01","guid":{"rendered":"https:\/\/lehmann-ambiente.ch\/?post_type=product&#038;p=10700"},"modified":"2026-02-25T14:19:42","modified_gmt":"2026-02-25T13:19:42","slug":"divina-matelas-superieur-recette-1","status":"publish","type":"product","link":"https:\/\/lehmann-ambiente.ch\/fr\/produkt\/divina-obermatratze-rezeptur-1\/","title":{"rendered":"DIVINA Matelas sup\u00e9rieur Recette 1"},"content":{"rendered":"<ul class=\"wp-block-list\">\n<li>Noyau de ressorts ensach\u00e9s int\u00e9gral avec une courbe de force fluide gr\u00e2ce au m\u00e9lange de diff\u00e9rentes \u00e9paisseurs de ressorts dans les longueurs de matelas. Pur travail de manufacture.<\/li>\n<\/ul>\n\n\n\n<ul class=\"wp-block-list\">\n<li>Environ 500 ressorts cylindriques. Cousus individuellement \u00e0 la main dans des sacs en coton.<\/li>\n\n\n\n<li>Ressorts \u00e0 9 spires trait\u00e9s thermiquement au four pour une \u00e9lasticit\u00e9 in\u00e9gal\u00e9e et une force de ressort durable<\/li>\n\n\n\n<li>Diff\u00e9rentes \u00e9paisseurs de ressorts dans l'axe longitudinal du matelas, adapt\u00e9es aux diff\u00e9rentes zones du corps avec une \u00e9volution fluide de la force.<\/li>\n\n\n\n<li>Rembourrage en latex naturel tr\u00e8s \u00e9lastique avec chambres \u00e0 air<\/li>\n\n\n\n<li>Climat optimal du lit : l'agrafage complexe des mat\u00e9riaux de rembourrage assure une circulation de l'air de tous les c\u00f4t\u00e9s. <\/li>\n\n\n\n<li>Logement des \u00e9paules brevet\u00e9, sp\u00e9cialement pour les personnes qui dorment sur le c\u00f4t\u00e9 : ressorts \u00e0 force r\u00e9duite et tissu en coton tr\u00e8s \u00e9lastique au niveau des \u00e9paules<\/li>\n\n\n\n<li>Couche de rembourrage soie\/lin pour plus de confort<\/li>\n\n\n\n<li>Habillage fixe, housse Drell 01923 (100 % CV)<\/li>\n<\/ul>\n\n\n\n<p>Recette 1<\/p>\n\n\n\n<p>90 x 200 x H30 cm<\/p>\n\n\n\n<p>\u00e9tat: pi\u00e8ce d'exposition<\/p>\n\n\n\n<p><\/p>","protected":false},"excerpt":{"rendered":"<p>Rezeptur 1 90 x 200 x H30 cm Zustand: Ausstellungsst\u00fcck<\/p>","protected":false},"featured_media":10701,"template":"","meta":{"_acf_changed":false},"product_brand":[],"product_cat":[52,137,161],"product_tag":[],"material":[],"class_list":{"0":"post-10700","1":"product","2":"type-product","3":"status-publish","4":"has-post-thumbnail","6":"product_cat-sale","7":"product_cat-ausstellungsstueck","8":"product_cat-schlafzimmer","10":"first","11":"instock","12":"sale","13":"taxable","14":"shipping-taxable","15":"purchasable","16":"product-type-simple"},"acf":[],"_links":{"self":[{"href":"https:\/\/lehmann-ambiente.ch\/fr\/wp-json\/wp\/v2\/product\/10700","targetHints":{"allow":["GET"]}}],"collection":[{"href":"https:\/\/lehmann-ambiente.ch\/fr\/wp-json\/wp\/v2\/product"}],"about":[{"href":"https:\/\/lehmann-ambiente.ch\/fr\/wp-json\/wp\/v2\/types\/product"}],"wp:featuredmedia":[{"embeddable":true,"href":"https:\/\/lehmann-ambiente.ch\/fr\/wp-json\/wp\/v2\/media\/10701"}],"wp:attachment":[{"href":"https:\/\/lehmann-ambiente.ch\/fr\/wp-json\/wp\/v2\/media?parent=10700"}],"wp:term":[{"taxonomy":"product_brand","embeddable":true,"href":"https:\/\/lehmann-ambiente.ch\/fr\/wp-json\/wp\/v2\/product_brand?post=10700"},{"taxonomy":"product_cat","embeddable":true,"href":"https:\/\/lehmann-ambiente.ch\/fr\/wp-json\/wp\/v2\/product_cat?post=10700"},{"taxonomy":"product_tag","embeddable":true,"href":"https:\/\/lehmann-ambiente.ch\/fr\/wp-json\/wp\/v2\/product_tag?post=10700"},{"taxonomy":"material","embeddable":true,"href":"https:\/\/lehmann-ambiente.ch\/fr\/wp-json\/wp\/v2\/material?post=10700"}],"curies":[{"name":"wp","href":"https:\/\/api.w.org\/{rel}","templated":true}]}}