{"id":10726,"date":"2025-02-13T15:58:26","date_gmt":"2025-02-13T14:58:26","guid":{"rendered":"https:\/\/lehmann-ambiente.ch\/?post_type=product&#038;p=10726"},"modified":"2026-02-25T14:15:20","modified_gmt":"2026-02-25T13:15:20","slug":"sax-side-table-2","status":"publish","type":"product","link":"https:\/\/lehmann-ambiente.ch\/fr\/produkt\/sax-side-table-2\/","title":{"rendered":"SAX Side Table"},"content":{"rendered":"<p>Cr\u00e9ation de Christoph B\u00f6ninger<\/p>\n\n\n\n<p>Structure en noir<br>Plateau de table en Fenix HPL noir<br>R\u00e9glage en continu de la hauteur<br>avec roulettes en plastique noir<\/p>\n\n\n\n<p>L 60 x P 60 x H 58\/73 cm<\/p>\n\n\n\n<p>\u00e9tat: pi\u00e8ce d'exposition <\/p>\n\n\n\n<p><\/p>","protected":false},"excerpt":{"rendered":"<p>Desing by Christoph B\u00f6ninger Pi\u00e9tement en noirPlateau de table en Fenix HPL noirR\u00e9glable en hauteur en continuavec roulettes en plastique noir L 60 x P 60 x H 58\/73 cm \u00c9tat : Pi\u00e8ce d'exposition<\/p>","protected":false},"featured_media":10727,"template":"","meta":{"_acf_changed":false},"product_brand":[],"product_cat":[144,137,52],"product_tag":[],"material":[],"class_list":{"0":"post-10726","1":"product","2":"type-product","3":"status-publish","4":"has-post-thumbnail","6":"product_cat-tische-stuehle","7":"product_cat-ausstellungsstueck","8":"product_cat-sale","10":"first","11":"instock","12":"sale","13":"taxable","14":"shipping-taxable","15":"purchasable","16":"product-type-simple"},"acf":[],"_links":{"self":[{"href":"https:\/\/lehmann-ambiente.ch\/fr\/wp-json\/wp\/v2\/product\/10726","targetHints":{"allow":["GET"]}}],"collection":[{"href":"https:\/\/lehmann-ambiente.ch\/fr\/wp-json\/wp\/v2\/product"}],"about":[{"href":"https:\/\/lehmann-ambiente.ch\/fr\/wp-json\/wp\/v2\/types\/product"}],"wp:featuredmedia":[{"embeddable":true,"href":"https:\/\/lehmann-ambiente.ch\/fr\/wp-json\/wp\/v2\/media\/10727"}],"wp:attachment":[{"href":"https:\/\/lehmann-ambiente.ch\/fr\/wp-json\/wp\/v2\/media?parent=10726"}],"wp:term":[{"taxonomy":"product_brand","embeddable":true,"href":"https:\/\/lehmann-ambiente.ch\/fr\/wp-json\/wp\/v2\/product_brand?post=10726"},{"taxonomy":"product_cat","embeddable":true,"href":"https:\/\/lehmann-ambiente.ch\/fr\/wp-json\/wp\/v2\/product_cat?post=10726"},{"taxonomy":"product_tag","embeddable":true,"href":"https:\/\/lehmann-ambiente.ch\/fr\/wp-json\/wp\/v2\/product_tag?post=10726"},{"taxonomy":"material","embeddable":true,"href":"https:\/\/lehmann-ambiente.ch\/fr\/wp-json\/wp\/v2\/material?post=10726"}],"curies":[{"name":"wp","href":"https:\/\/api.w.org\/{rel}","templated":true}]}}