{"id":10749,"date":"2025-02-21T13:01:53","date_gmt":"2025-02-21T12:01:53","guid":{"rendered":"https:\/\/lehmann-ambiente.ch\/?post_type=product&#038;p=10749"},"modified":"2026-02-25T14:13:42","modified_gmt":"2026-02-25T13:13:42","slug":"chaise-maia-outdoor","status":"publish","type":"product","link":"https:\/\/lehmann-ambiente.ch\/fr\/produkt\/maia-stuhl-outdoor\/","title":{"rendered":"MAIA Chaise d'ext\u00e9rieur"},"content":{"rendered":"<p><\/p>\n\n\n\n<p>Pieds en teck, naturel<br>tressage ruban polyester r\u00e9sistant aux intemp\u00e9ries, couleur : Marengo Rope<\/p>\n\n\n\n<p>coussin d'assise inclus<\/p>\n\n\n\n<p>L 67 x P 62 x H 80 cm<\/p>\n\n\n\n<p>Coussin d'assise 44 cm<\/p>\n\n\n\n<p>2 pi\u00e8ces disponibles<\/p>\n\n\n\n<p>\u00e9tat: pi\u00e8ce d'exposition<\/p>","protected":false},"excerpt":{"rendered":"<p>Pieds en teck, naturelTressage bande polyester r\u00e9sistante aux intemp\u00e9ries, couleur : Marengo Rope Coussins d'assise inclus L 67 x P 62 x H 80 cm Coussin d'assise 44 cm 2 pi\u00e8ces disponibles \u00c9tat : Pi\u00e8ce d'exposition<\/p>","protected":false},"featured_media":10750,"template":"","meta":{"_acf_changed":false},"product_brand":[],"product_cat":[17,137,52],"product_tag":[],"material":[],"class_list":{"0":"post-10749","1":"product","2":"type-product","3":"status-publish","4":"has-post-thumbnail","6":"product_cat-outdoor","7":"product_cat-ausstellungsstueck","8":"product_cat-sale","10":"first","11":"instock","12":"sale","13":"taxable","14":"shipping-taxable","15":"purchasable","16":"product-type-simple"},"acf":[],"_links":{"self":[{"href":"https:\/\/lehmann-ambiente.ch\/fr\/wp-json\/wp\/v2\/product\/10749","targetHints":{"allow":["GET"]}}],"collection":[{"href":"https:\/\/lehmann-ambiente.ch\/fr\/wp-json\/wp\/v2\/product"}],"about":[{"href":"https:\/\/lehmann-ambiente.ch\/fr\/wp-json\/wp\/v2\/types\/product"}],"wp:featuredmedia":[{"embeddable":true,"href":"https:\/\/lehmann-ambiente.ch\/fr\/wp-json\/wp\/v2\/media\/10750"}],"wp:attachment":[{"href":"https:\/\/lehmann-ambiente.ch\/fr\/wp-json\/wp\/v2\/media?parent=10749"}],"wp:term":[{"taxonomy":"product_brand","embeddable":true,"href":"https:\/\/lehmann-ambiente.ch\/fr\/wp-json\/wp\/v2\/product_brand?post=10749"},{"taxonomy":"product_cat","embeddable":true,"href":"https:\/\/lehmann-ambiente.ch\/fr\/wp-json\/wp\/v2\/product_cat?post=10749"},{"taxonomy":"product_tag","embeddable":true,"href":"https:\/\/lehmann-ambiente.ch\/fr\/wp-json\/wp\/v2\/product_tag?post=10749"},{"taxonomy":"material","embeddable":true,"href":"https:\/\/lehmann-ambiente.ch\/fr\/wp-json\/wp\/v2\/material?post=10749"}],"curies":[{"name":"wp","href":"https:\/\/api.w.org\/{rel}","templated":true}]}}