{"id":10755,"date":"2025-02-22T10:45:57","date_gmt":"2025-02-22T09:45:57","guid":{"rendered":"https:\/\/lehmann-ambiente.ch\/?post_type=product&#038;p=10755"},"modified":"2026-02-25T14:12:39","modified_gmt":"2026-02-25T13:12:39","slug":"iconic-lounge-outdoor","status":"publish","type":"product","link":"https:\/\/lehmann-ambiente.ch\/fr\/produkt\/iconic-lounge-outdoor\/","title":{"rendered":"ICONIC Lounge et table de salon Outdoor"},"content":{"rendered":"<p><\/p>\n\n\n\n<p>Lounge compos\u00e9 de :<br>2 places avec 1 accoudoir \u00e0 droite (s'y asseoir)<br>Ottomane \u00e0 gauche (s'y asseoir)<\/p>\n\n\n\n<p>Structure en acier inoxydable peint par poudrage gris-beige<br>Assise + dossier Tissu Housse sp\u00e9ciale Sunbrella Couleur sp\u00e9ciale Natt\u00e9 Heather Grey<br>Sangles Tricot\u00e9es Bordeaux Beige<\/p>\n\n\n\n<p>L226 x P150 x H73 cm, hauteur d'assise 41 cm<\/p>\n\n\n\n<p>Y compris<br>2x coussin d\u00e9coratif 60\u00d740 cm tissu Sunbrella Komo Twany<br>2x coussin d\u00e9coratif 50\u00d750 cm tissu housse sp\u00e9ciale Sunbrella couleur sp\u00e9ciale Natt\u00e9 Heather<\/p>\n\n\n\n<p>Table de salon :<\/p>\n\n\n\n<p>Plateau de table Fixtisch rectangulaire (bord droit)<br>L81.5 x P81.5 x H41cm<br>MDi 6mm Umbra Marron bouchard\u00e9<br>pieds en acier inoxydable peint par poudrage gris-beige<\/p>\n\n\n\n<p>\u00e9tat: pi\u00e8ce d'exposition<\/p>\n\n\n\n<p><\/p>","protected":false},"excerpt":{"rendered":"<p>Lounge bestehend aus:2 Sitzer mit 1 Armlehne rechts (darin sitzend)Ottomane links (darin sitzend) Gestell in Edelstahl graubeige pulverbeschichtetSitz + R\u00fccken Stoff Sonderbezug Sunbrella Sonderfarbe Natt\u00e9 Heather GreyGurte Strickware Bordeaux Beige B226 x T150 x H73 cm, Sitzh\u00f6he 41 cm Inklusive2x Dekokissen 60&#215;40 cm Stoff Sunbrella Komo Twany2x Dekokissen 50&#215;50 cm Stoff Sonderbezug Sunbrella Sonderfarbe Natt\u00e9 [&hellip;]<\/p>\n","protected":false},"featured_media":12018,"template":"","meta":{"_acf_changed":false},"product_brand":[],"product_cat":[17,137,52],"product_tag":[],"material":[],"class_list":{"0":"post-10755","1":"product","2":"type-product","3":"status-publish","4":"has-post-thumbnail","6":"product_cat-outdoor","7":"product_cat-ausstellungsstueck","8":"product_cat-sale","10":"first","11":"instock","12":"sale","13":"taxable","14":"shipping-taxable","15":"purchasable","16":"product-type-simple"},"acf":[],"_links":{"self":[{"href":"https:\/\/lehmann-ambiente.ch\/fr\/wp-json\/wp\/v2\/product\/10755","targetHints":{"allow":["GET"]}}],"collection":[{"href":"https:\/\/lehmann-ambiente.ch\/fr\/wp-json\/wp\/v2\/product"}],"about":[{"href":"https:\/\/lehmann-ambiente.ch\/fr\/wp-json\/wp\/v2\/types\/product"}],"wp:featuredmedia":[{"embeddable":true,"href":"https:\/\/lehmann-ambiente.ch\/fr\/wp-json\/wp\/v2\/media\/12018"}],"wp:attachment":[{"href":"https:\/\/lehmann-ambiente.ch\/fr\/wp-json\/wp\/v2\/media?parent=10755"}],"wp:term":[{"taxonomy":"product_brand","embeddable":true,"href":"https:\/\/lehmann-ambiente.ch\/fr\/wp-json\/wp\/v2\/product_brand?post=10755"},{"taxonomy":"product_cat","embeddable":true,"href":"https:\/\/lehmann-ambiente.ch\/fr\/wp-json\/wp\/v2\/product_cat?post=10755"},{"taxonomy":"product_tag","embeddable":true,"href":"https:\/\/lehmann-ambiente.ch\/fr\/wp-json\/wp\/v2\/product_tag?post=10755"},{"taxonomy":"material","embeddable":true,"href":"https:\/\/lehmann-ambiente.ch\/fr\/wp-json\/wp\/v2\/material?post=10755"}],"curies":[{"name":"wp","href":"https:\/\/api.w.org\/{rel}","templated":true}]}}