{"id":10817,"date":"2025-04-11T11:49:12","date_gmt":"2025-04-11T09:49:12","guid":{"rendered":"https:\/\/lehmann-ambiente.ch\/?post_type=product&#038;p=10817"},"modified":"2026-02-25T14:11:41","modified_gmt":"2026-02-25T13:11:41","slug":"grey-fauteuil","status":"publish","type":"product","link":"https:\/\/lehmann-ambiente.ch\/fr\/produkt\/grey-sessel\/","title":{"rendered":"GREY Fauteuil"},"content":{"rendered":"<p><\/p>\n\n\n\n<p>en tissu Coverlet couleur verte, 100% Polyester<br>Structure en m\u00e9tal de couleur noire<br>L46 x P74 x H73cm<\/p>\n\n\n\n<p>hauteur d'assise 45cm<\/p>\n\n\n\n<p>\u00e9tat: pi\u00e8ce d'exposition<\/p>\n\n\n\n<p><\/p>","protected":false},"excerpt":{"rendered":"<p>en tissu Coverlet couleur vert, 100% polyesterPi\u00e9tement en m\u00e9tal couleur noirL46 x P74 x H73cm hauteur d'assise 45cm \u00c9tat : pi\u00e8ce d'exposition<\/p>","protected":false},"featured_media":10818,"template":"","meta":{"_acf_changed":false},"product_brand":[],"product_cat":[52,137,138],"product_tag":[],"material":[],"class_list":{"0":"post-10817","1":"product","2":"type-product","3":"status-publish","4":"has-post-thumbnail","6":"product_cat-sale","7":"product_cat-ausstellungsstueck","8":"product_cat-sofas-sessel","10":"first","11":"instock","12":"sale","13":"taxable","14":"shipping-taxable","15":"purchasable","16":"product-type-simple"},"acf":[],"_links":{"self":[{"href":"https:\/\/lehmann-ambiente.ch\/fr\/wp-json\/wp\/v2\/product\/10817","targetHints":{"allow":["GET"]}}],"collection":[{"href":"https:\/\/lehmann-ambiente.ch\/fr\/wp-json\/wp\/v2\/product"}],"about":[{"href":"https:\/\/lehmann-ambiente.ch\/fr\/wp-json\/wp\/v2\/types\/product"}],"wp:featuredmedia":[{"embeddable":true,"href":"https:\/\/lehmann-ambiente.ch\/fr\/wp-json\/wp\/v2\/media\/10818"}],"wp:attachment":[{"href":"https:\/\/lehmann-ambiente.ch\/fr\/wp-json\/wp\/v2\/media?parent=10817"}],"wp:term":[{"taxonomy":"product_brand","embeddable":true,"href":"https:\/\/lehmann-ambiente.ch\/fr\/wp-json\/wp\/v2\/product_brand?post=10817"},{"taxonomy":"product_cat","embeddable":true,"href":"https:\/\/lehmann-ambiente.ch\/fr\/wp-json\/wp\/v2\/product_cat?post=10817"},{"taxonomy":"product_tag","embeddable":true,"href":"https:\/\/lehmann-ambiente.ch\/fr\/wp-json\/wp\/v2\/product_tag?post=10817"},{"taxonomy":"material","embeddable":true,"href":"https:\/\/lehmann-ambiente.ch\/fr\/wp-json\/wp\/v2\/material?post=10817"}],"curies":[{"name":"wp","href":"https:\/\/api.w.org\/{rel}","templated":true}]}}