{"id":10821,"date":"2025-04-11T12:08:17","date_gmt":"2025-04-11T10:08:17","guid":{"rendered":"https:\/\/lehmann-ambiente.ch\/?post_type=product&#038;p=10821"},"modified":"2026-02-25T14:10:31","modified_gmt":"2026-02-25T13:10:31","slug":"spectra-canape","status":"publish","type":"product","link":"https:\/\/lehmann-ambiente.ch\/fr\/produkt\/spectra-sofa\/","title":{"rendered":"SPECTRA Canap\u00e9"},"content":{"rendered":"<p>Pieds en m\u00e9tal noir<br>en tissu R\u00e9serve couleur gris clair, 70% polyester et 30% polyacrylique<br>L246 x P105 x H70-97cm <\/p>\n\n\n\n<p>hauteur d'assise 45cm<br>avec appui-t\u00eate r\u00e9glable<\/p>\n\n\n\n<p>\u00e9tat: pi\u00e8ce d'exposition<\/p>\n\n\n\n<p><\/p>","protected":false},"excerpt":{"rendered":"<p>Pieds m\u00e9tal couleur noire Tissu Reserve couleur gris clair, 70% polyester et 30% polyacryliqueL246 x P105 x H70-97cm hauteur d'assise 45cmmavec appuie-t\u00eate r\u00e9glable Condition : Pi\u00e8ce d'exposition<\/p>","protected":false},"featured_media":10822,"template":"","meta":{"_acf_changed":false},"product_brand":[],"product_cat":[52,137,138],"product_tag":[],"material":[],"class_list":{"0":"post-10821","1":"product","2":"type-product","3":"status-publish","4":"has-post-thumbnail","6":"product_cat-sale","7":"product_cat-ausstellungsstueck","8":"product_cat-sofas-sessel","10":"first","11":"instock","12":"sale","13":"taxable","14":"shipping-taxable","15":"purchasable","16":"product-type-simple"},"acf":[],"_links":{"self":[{"href":"https:\/\/lehmann-ambiente.ch\/fr\/wp-json\/wp\/v2\/product\/10821","targetHints":{"allow":["GET"]}}],"collection":[{"href":"https:\/\/lehmann-ambiente.ch\/fr\/wp-json\/wp\/v2\/product"}],"about":[{"href":"https:\/\/lehmann-ambiente.ch\/fr\/wp-json\/wp\/v2\/types\/product"}],"wp:featuredmedia":[{"embeddable":true,"href":"https:\/\/lehmann-ambiente.ch\/fr\/wp-json\/wp\/v2\/media\/10822"}],"wp:attachment":[{"href":"https:\/\/lehmann-ambiente.ch\/fr\/wp-json\/wp\/v2\/media?parent=10821"}],"wp:term":[{"taxonomy":"product_brand","embeddable":true,"href":"https:\/\/lehmann-ambiente.ch\/fr\/wp-json\/wp\/v2\/product_brand?post=10821"},{"taxonomy":"product_cat","embeddable":true,"href":"https:\/\/lehmann-ambiente.ch\/fr\/wp-json\/wp\/v2\/product_cat?post=10821"},{"taxonomy":"product_tag","embeddable":true,"href":"https:\/\/lehmann-ambiente.ch\/fr\/wp-json\/wp\/v2\/product_tag?post=10821"},{"taxonomy":"material","embeddable":true,"href":"https:\/\/lehmann-ambiente.ch\/fr\/wp-json\/wp\/v2\/material?post=10821"}],"curies":[{"name":"wp","href":"https:\/\/api.w.org\/{rel}","templated":true}]}}