{"id":10855,"date":"2025-04-24T09:49:33","date_gmt":"2025-04-24T07:49:33","guid":{"rendered":"https:\/\/lehmann-ambiente.ch\/?post_type=product&#038;p=10855"},"modified":"2026-02-25T14:07:23","modified_gmt":"2026-02-25T13:07:23","slug":"munich-fauteuil-4-pieces","status":"publish","type":"product","link":"https:\/\/lehmann-ambiente.ch\/fr\/produkt\/munich-armchair-4-stueck\/","title":{"rendered":"MUNICH Armchair 4 pi\u00e8ces"},"content":{"rendered":"<p>en cuir couleur Chocolat<br>pi\u00e8tement en noyer massif<br><br>L 69 x P 47 x H 81 cm<br>hauteur d'assis 47cm<\/p>\n\n\n\n<p>Prix pour 4 pi\u00e8ces<\/p>\n\n\n\n<p>\u00e9tat: pi\u00e8ce d'exposition<\/p>\n\n\n\n<p><\/p>","protected":false},"excerpt":{"rendered":"<p>en cuir couleur ChocolatCh\u00e2ssis en noyer massif L 69 x P 47 x H 81 cmHauteur d'assise 47 cm Prix pour 4 pi\u00e8ces \u00c9tat : pi\u00e8ce d'exposition<\/p>","protected":false},"featured_media":10856,"template":"","meta":{"_acf_changed":false},"product_brand":[],"product_cat":[52,137,144],"product_tag":[],"material":[],"class_list":{"0":"post-10855","1":"product","2":"type-product","3":"status-publish","4":"has-post-thumbnail","6":"product_cat-sale","7":"product_cat-ausstellungsstueck","8":"product_cat-tische-stuehle","10":"first","11":"instock","12":"sale","13":"taxable","14":"shipping-taxable","15":"purchasable","16":"product-type-simple"},"acf":[],"_links":{"self":[{"href":"https:\/\/lehmann-ambiente.ch\/fr\/wp-json\/wp\/v2\/product\/10855","targetHints":{"allow":["GET"]}}],"collection":[{"href":"https:\/\/lehmann-ambiente.ch\/fr\/wp-json\/wp\/v2\/product"}],"about":[{"href":"https:\/\/lehmann-ambiente.ch\/fr\/wp-json\/wp\/v2\/types\/product"}],"wp:featuredmedia":[{"embeddable":true,"href":"https:\/\/lehmann-ambiente.ch\/fr\/wp-json\/wp\/v2\/media\/10856"}],"wp:attachment":[{"href":"https:\/\/lehmann-ambiente.ch\/fr\/wp-json\/wp\/v2\/media?parent=10855"}],"wp:term":[{"taxonomy":"product_brand","embeddable":true,"href":"https:\/\/lehmann-ambiente.ch\/fr\/wp-json\/wp\/v2\/product_brand?post=10855"},{"taxonomy":"product_cat","embeddable":true,"href":"https:\/\/lehmann-ambiente.ch\/fr\/wp-json\/wp\/v2\/product_cat?post=10855"},{"taxonomy":"product_tag","embeddable":true,"href":"https:\/\/lehmann-ambiente.ch\/fr\/wp-json\/wp\/v2\/product_tag?post=10855"},{"taxonomy":"material","embeddable":true,"href":"https:\/\/lehmann-ambiente.ch\/fr\/wp-json\/wp\/v2\/material?post=10855"}],"curies":[{"name":"wp","href":"https:\/\/api.w.org\/{rel}","templated":true}]}}