{"id":1089,"date":"2023-05-31T23:26:32","date_gmt":"2023-05-31T21:26:32","guid":{"rendered":"https:\/\/lehmann-ambiente.ch\/product\/nils-polsterstuhl-3-stueck\/"},"modified":"2026-03-02T11:22:28","modified_gmt":"2026-03-02T10:22:28","slug":"nils-chaise-rembourree-3-pieces","status":"publish","type":"product","link":"https:\/\/lehmann-ambiente.ch\/fr\/produkt\/nils-polsterstuhl-3-stueck\/","title":{"rendered":"NILS Chaise rembourr\u00e9e 3 pi\u00e8ces"},"content":{"rendered":"<p>sans accoudoirs<br \/>\nen tissu Loden col. terra<br \/>\nPieds en noyer naturel<\/p>\n<p>H 90 x L 48 x P 56 cm<br \/>\nhauteur d'assise 49 cm<\/p>\n<p>pi\u00e8ce CHF 740.00<\/p>","protected":false},"excerpt":{"rendered":"<p>ohne Armteile in Stoff Loden col. terra F\u00fcsse in Nuss natur H 90 x B 48 x T 56 cm Sitzh\u00f6he 49 cm St\u00fcck CHF 740.00<\/p>","protected":false},"featured_media":1407,"template":"","meta":{"_acf_changed":false},"product_brand":[],"product_cat":[52,137,144],"product_tag":[],"material":[],"class_list":{"0":"post-1089","1":"product","2":"type-product","3":"status-publish","4":"has-post-thumbnail","6":"product_cat-sale","7":"product_cat-ausstellungsstueck","8":"product_cat-tische-stuehle","10":"first","11":"instock","12":"sale","13":"taxable","14":"shipping-taxable","15":"purchasable","16":"product-type-simple"},"acf":[],"_links":{"self":[{"href":"https:\/\/lehmann-ambiente.ch\/fr\/wp-json\/wp\/v2\/product\/1089","targetHints":{"allow":["GET"]}}],"collection":[{"href":"https:\/\/lehmann-ambiente.ch\/fr\/wp-json\/wp\/v2\/product"}],"about":[{"href":"https:\/\/lehmann-ambiente.ch\/fr\/wp-json\/wp\/v2\/types\/product"}],"wp:featuredmedia":[{"embeddable":true,"href":"https:\/\/lehmann-ambiente.ch\/fr\/wp-json\/wp\/v2\/media\/1407"}],"wp:attachment":[{"href":"https:\/\/lehmann-ambiente.ch\/fr\/wp-json\/wp\/v2\/media?parent=1089"}],"wp:term":[{"taxonomy":"product_brand","embeddable":true,"href":"https:\/\/lehmann-ambiente.ch\/fr\/wp-json\/wp\/v2\/product_brand?post=1089"},{"taxonomy":"product_cat","embeddable":true,"href":"https:\/\/lehmann-ambiente.ch\/fr\/wp-json\/wp\/v2\/product_cat?post=1089"},{"taxonomy":"product_tag","embeddable":true,"href":"https:\/\/lehmann-ambiente.ch\/fr\/wp-json\/wp\/v2\/product_tag?post=1089"},{"taxonomy":"material","embeddable":true,"href":"https:\/\/lehmann-ambiente.ch\/fr\/wp-json\/wp\/v2\/material?post=1089"}],"curies":[{"name":"wp","href":"https:\/\/api.w.org\/{rel}","templated":true}]}}