{"id":10895,"date":"2025-05-15T11:56:20","date_gmt":"2025-05-15T09:56:20","guid":{"rendered":"https:\/\/lehmann-ambiente.ch\/?post_type=product&#038;p=10895"},"modified":"2026-02-25T14:02:35","modified_gmt":"2026-02-25T13:02:35","slug":"vuelta-80-fauteuil","status":"publish","type":"product","link":"https:\/\/lehmann-ambiente.ch\/fr\/produkt\/vuelta-80-sessel\/","title":{"rendered":"VUELTA 80 Fauteuil"},"content":{"rendered":"<p>en tissu boucl\u00e9 couleur Ivory<br>Pieds bronze rev\u00eatu par poudre<\/p>\n\n\n\n<p>L80 x P83 x H77 cm<\/p>\n\n\n\n<p>hauteur d'assise 44 cm<\/p>\n\n\n\n<p>\u00e9tat: pi\u00e8ce d'exposition<\/p>\n\n\n\n<p><\/p>","protected":false},"excerpt":{"rendered":"<p>en tissu Boucl\u00e9 couleur IvoryF\u00fcsse Bronze thermolaqu\u00e9 L80 x P83 x H77 cm Hauteur d'assise 44 cm \u00c9tat : Pi\u00e8ce d'exposition<\/p>","protected":false},"featured_media":10896,"template":"","meta":{"_acf_changed":false},"product_brand":[],"product_cat":[52,137,138],"product_tag":[],"material":[],"class_list":{"0":"post-10895","1":"product","2":"type-product","3":"status-publish","4":"has-post-thumbnail","6":"product_cat-sale","7":"product_cat-ausstellungsstueck","8":"product_cat-sofas-sessel","10":"first","11":"instock","12":"sale","13":"taxable","14":"shipping-taxable","15":"purchasable","16":"product-type-simple"},"acf":[],"_links":{"self":[{"href":"https:\/\/lehmann-ambiente.ch\/fr\/wp-json\/wp\/v2\/product\/10895","targetHints":{"allow":["GET"]}}],"collection":[{"href":"https:\/\/lehmann-ambiente.ch\/fr\/wp-json\/wp\/v2\/product"}],"about":[{"href":"https:\/\/lehmann-ambiente.ch\/fr\/wp-json\/wp\/v2\/types\/product"}],"wp:featuredmedia":[{"embeddable":true,"href":"https:\/\/lehmann-ambiente.ch\/fr\/wp-json\/wp\/v2\/media\/10896"}],"wp:attachment":[{"href":"https:\/\/lehmann-ambiente.ch\/fr\/wp-json\/wp\/v2\/media?parent=10895"}],"wp:term":[{"taxonomy":"product_brand","embeddable":true,"href":"https:\/\/lehmann-ambiente.ch\/fr\/wp-json\/wp\/v2\/product_brand?post=10895"},{"taxonomy":"product_cat","embeddable":true,"href":"https:\/\/lehmann-ambiente.ch\/fr\/wp-json\/wp\/v2\/product_cat?post=10895"},{"taxonomy":"product_tag","embeddable":true,"href":"https:\/\/lehmann-ambiente.ch\/fr\/wp-json\/wp\/v2\/product_tag?post=10895"},{"taxonomy":"material","embeddable":true,"href":"https:\/\/lehmann-ambiente.ch\/fr\/wp-json\/wp\/v2\/material?post=10895"}],"curies":[{"name":"wp","href":"https:\/\/api.w.org\/{rel}","templated":true}]}}