{"id":11045,"date":"2025-07-29T13:06:27","date_gmt":"2025-07-29T11:06:27","guid":{"rendered":"https:\/\/lehmann-ambiente.ch\/?post_type=product&#038;p=11045"},"modified":"2026-02-25T14:00:45","modified_gmt":"2026-02-25T13:00:45","slug":"spectral-ameno-lowboard","status":"publish","type":"product","link":"https:\/\/lehmann-ambiente.ch\/fr\/produkt\/spectral-ameno-lowboard\/","title":{"rendered":"SPECTRAL AMENO Table basse"},"content":{"rendered":"<p>Corps et plateau sup\u00e9rieur en verre couleur granit satin\u00e9, <\/p>\n\n\n\n<p>Rabat tissu Grey<br>Syst\u00e8me de sonorisation. Plaque de distance LED<\/p>\n\n\n\n<p>Support pour \u00e9cran plat, sans t\u00e9l\u00e9viseur<br>L252 x P54.3 x H32.1 cm<\/p>\n\n\n\n<p>\u00e9tat: pi\u00e8ce d'exposition<\/p>\n\n\n\n<p><\/p>","protected":false},"excerpt":{"rendered":"<p>Corps et plateau sup\u00e9rieur en verre couleur granit satin\u00e9, abattant en tissu GreySoundsystem. Plaque d'\u00e9cartement LED Support pour \u00e9cran plat, sans t\u00e9l\u00e9viseurB252 x P54.3 x H32.1 cm \u00c9tat : Pi\u00e8ce d'exposition<\/p>","protected":false},"featured_media":9196,"template":"","meta":{"_acf_changed":false},"product_brand":[],"product_cat":[151,137,52,152],"product_tag":[],"material":[],"class_list":{"0":"post-11045","1":"product","2":"type-product","3":"status-publish","4":"has-post-thumbnail","6":"product_cat-sideboards-wohnwaende","7":"product_cat-ausstellungsstueck","8":"product_cat-sale","9":"product_cat-sideboards-aufbewahrung","11":"first","12":"outofstock","13":"sale","14":"taxable","15":"shipping-taxable","16":"purchasable","17":"product-type-simple"},"acf":[],"_links":{"self":[{"href":"https:\/\/lehmann-ambiente.ch\/fr\/wp-json\/wp\/v2\/product\/11045","targetHints":{"allow":["GET"]}}],"collection":[{"href":"https:\/\/lehmann-ambiente.ch\/fr\/wp-json\/wp\/v2\/product"}],"about":[{"href":"https:\/\/lehmann-ambiente.ch\/fr\/wp-json\/wp\/v2\/types\/product"}],"wp:featuredmedia":[{"embeddable":true,"href":"https:\/\/lehmann-ambiente.ch\/fr\/wp-json\/wp\/v2\/media\/9196"}],"wp:attachment":[{"href":"https:\/\/lehmann-ambiente.ch\/fr\/wp-json\/wp\/v2\/media?parent=11045"}],"wp:term":[{"taxonomy":"product_brand","embeddable":true,"href":"https:\/\/lehmann-ambiente.ch\/fr\/wp-json\/wp\/v2\/product_brand?post=11045"},{"taxonomy":"product_cat","embeddable":true,"href":"https:\/\/lehmann-ambiente.ch\/fr\/wp-json\/wp\/v2\/product_cat?post=11045"},{"taxonomy":"product_tag","embeddable":true,"href":"https:\/\/lehmann-ambiente.ch\/fr\/wp-json\/wp\/v2\/product_tag?post=11045"},{"taxonomy":"material","embeddable":true,"href":"https:\/\/lehmann-ambiente.ch\/fr\/wp-json\/wp\/v2\/material?post=11045"}],"curies":[{"name":"wp","href":"https:\/\/api.w.org\/{rel}","templated":true}]}}