{"id":1105,"date":"2023-05-31T23:26:36","date_gmt":"2023-05-31T21:26:36","guid":{"rendered":"https:\/\/lehmann-ambiente.ch\/product\/loft-chair\/"},"modified":"2026-02-25T16:24:26","modified_gmt":"2026-02-25T15:24:26","slug":"loft-chair","status":"publish","type":"product","link":"https:\/\/lehmann-ambiente.ch\/fr\/produkt\/loft-chair\/","title":{"rendered":"Loft chair"},"content":{"rendered":"<p>Conception par Thomas Bentzen<br \/>\nAssise &amp; dossier en ch\u00eane plaqu\u00e9,<br \/>\npi\u00e8tement en acier peint par poudrage noir<br \/>\navec patins en plastique<br \/>\nL 42.5 x P 48 x H 78.5 cm, SH 46 cm<\/p>\n<p>\u00e9tat: pi\u00e8ce d'exposition<\/p>","protected":false},"excerpt":{"rendered":"<p>Design by Thomas Bentzen Assise &amp; dossier en ch\u00eane plaqu\u00e9, pi\u00e8tement en acier laqu\u00e9 \u00e9poxy noir avec patins en plastique L 42.5 x P 48 x H 78.5 cm, SH 46 cm \u00c9tat : Pi\u00e8ce d'exposition<\/p>","protected":false},"featured_media":1208,"template":"","meta":{"_acf_changed":false},"product_brand":[],"product_cat":[52,137,144],"product_tag":[],"material":[],"class_list":{"0":"post-1105","1":"product","2":"type-product","3":"status-publish","4":"has-post-thumbnail","6":"product_cat-sale","7":"product_cat-ausstellungsstueck","8":"product_cat-tische-stuehle","10":"first","11":"instock","12":"sale","13":"taxable","14":"shipping-taxable","15":"purchasable","16":"product-type-simple"},"acf":[],"_links":{"self":[{"href":"https:\/\/lehmann-ambiente.ch\/fr\/wp-json\/wp\/v2\/product\/1105","targetHints":{"allow":["GET"]}}],"collection":[{"href":"https:\/\/lehmann-ambiente.ch\/fr\/wp-json\/wp\/v2\/product"}],"about":[{"href":"https:\/\/lehmann-ambiente.ch\/fr\/wp-json\/wp\/v2\/types\/product"}],"wp:featuredmedia":[{"embeddable":true,"href":"https:\/\/lehmann-ambiente.ch\/fr\/wp-json\/wp\/v2\/media\/1208"}],"wp:attachment":[{"href":"https:\/\/lehmann-ambiente.ch\/fr\/wp-json\/wp\/v2\/media?parent=1105"}],"wp:term":[{"taxonomy":"product_brand","embeddable":true,"href":"https:\/\/lehmann-ambiente.ch\/fr\/wp-json\/wp\/v2\/product_brand?post=1105"},{"taxonomy":"product_cat","embeddable":true,"href":"https:\/\/lehmann-ambiente.ch\/fr\/wp-json\/wp\/v2\/product_cat?post=1105"},{"taxonomy":"product_tag","embeddable":true,"href":"https:\/\/lehmann-ambiente.ch\/fr\/wp-json\/wp\/v2\/product_tag?post=1105"},{"taxonomy":"material","embeddable":true,"href":"https:\/\/lehmann-ambiente.ch\/fr\/wp-json\/wp\/v2\/material?post=1105"}],"curies":[{"name":"wp","href":"https:\/\/api.w.org\/{rel}","templated":true}]}}