{"id":11062,"date":"2025-08-05T16:47:22","date_gmt":"2025-08-05T14:47:22","guid":{"rendered":"https:\/\/lehmann-ambiente.ch\/?post_type=product&#038;p=11062"},"modified":"2026-02-25T13:48:03","modified_gmt":"2026-02-25T12:48:03","slug":"lotus-m-fauteuil","status":"publish","type":"product","link":"https:\/\/lehmann-ambiente.ch\/fr\/produkt\/lotus-m-sessel\/","title":{"rendered":"LOTUS M Fauteuil"},"content":{"rendered":"<p>en cuir Highland Sheriba, couleur grise<br>pi\u00e8tement en noyer naturel<\/p>\n\n\n\n<p>L 61 x P 59 x H 79 cm<br>hauteur d'assise 48 cm<\/p>\n\n\n\n<p>\u00e9tat: pi\u00e8ce d'exposition<\/p>\n\n\n\n<p><\/p>","protected":false},"excerpt":{"rendered":"<p>en cuir Highland Sheriba, couleur griseCh\u00e2ssis en noyer naturel L 61 x P 59 x H 79 cmHauteur d'assise 48 cm \u00c9tat : pi\u00e8ce d'exposition<\/p>","protected":false},"featured_media":11063,"template":"","meta":{"_acf_changed":false},"product_brand":[],"product_cat":[52,137,138],"product_tag":[],"material":[],"class_list":{"0":"post-11062","1":"product","2":"type-product","3":"status-publish","4":"has-post-thumbnail","6":"product_cat-sale","7":"product_cat-ausstellungsstueck","8":"product_cat-sofas-sessel","10":"first","11":"instock","12":"sale","13":"taxable","14":"shipping-taxable","15":"purchasable","16":"product-type-simple"},"acf":[],"_links":{"self":[{"href":"https:\/\/lehmann-ambiente.ch\/fr\/wp-json\/wp\/v2\/product\/11062","targetHints":{"allow":["GET"]}}],"collection":[{"href":"https:\/\/lehmann-ambiente.ch\/fr\/wp-json\/wp\/v2\/product"}],"about":[{"href":"https:\/\/lehmann-ambiente.ch\/fr\/wp-json\/wp\/v2\/types\/product"}],"wp:featuredmedia":[{"embeddable":true,"href":"https:\/\/lehmann-ambiente.ch\/fr\/wp-json\/wp\/v2\/media\/11063"}],"wp:attachment":[{"href":"https:\/\/lehmann-ambiente.ch\/fr\/wp-json\/wp\/v2\/media?parent=11062"}],"wp:term":[{"taxonomy":"product_brand","embeddable":true,"href":"https:\/\/lehmann-ambiente.ch\/fr\/wp-json\/wp\/v2\/product_brand?post=11062"},{"taxonomy":"product_cat","embeddable":true,"href":"https:\/\/lehmann-ambiente.ch\/fr\/wp-json\/wp\/v2\/product_cat?post=11062"},{"taxonomy":"product_tag","embeddable":true,"href":"https:\/\/lehmann-ambiente.ch\/fr\/wp-json\/wp\/v2\/product_tag?post=11062"},{"taxonomy":"material","embeddable":true,"href":"https:\/\/lehmann-ambiente.ch\/fr\/wp-json\/wp\/v2\/material?post=11062"}],"curies":[{"name":"wp","href":"https:\/\/api.w.org\/{rel}","templated":true}]}}