{"id":11066,"date":"2025-08-05T17:29:02","date_gmt":"2025-08-05T15:29:02","guid":{"rendered":"https:\/\/lehmann-ambiente.ch\/?post_type=product&#038;p=11066"},"modified":"2026-02-25T13:45:29","modified_gmt":"2026-02-25T12:45:29","slug":"flint-table-dappoint","status":"publish","type":"product","link":"https:\/\/lehmann-ambiente.ch\/fr\/produkt\/flint-beistelltisch\/","title":{"rendered":"FLINT Table d'appoint"},"content":{"rendered":"<p>Conception par Gert Batenburg<\/p>\n\n\n\n<p>plateau de table en laque brillante, couleur ivoire<br>pi\u00e8tement en chrome brillant<\/p>\n\n\n\n<p>Taille : Dm 55 cm, H 50cm<\/p>\n\n\n\n<p>\u00e9tat: pi\u00e8ce d'exposition<\/p>","protected":false},"excerpt":{"rendered":"<p>Design by Gert Batenburg Plateau de table en laque brillante, couleur ivoirePi\u00e9tement en chrome brillant Taille : Dm 55 cm, H 50cm \u00c9tat : Pi\u00e8ce d'exposition<\/p>","protected":false},"featured_media":11067,"template":"","meta":{"_acf_changed":false},"product_brand":[],"product_cat":[52,137,303],"product_tag":[],"material":[],"class_list":{"0":"post-11066","1":"product","2":"type-product","3":"status-publish","4":"has-post-thumbnail","6":"product_cat-sale","7":"product_cat-ausstellungsstueck","8":"product_cat-salon-und-beistelltische","10":"first","11":"instock","12":"sale","13":"taxable","14":"shipping-taxable","15":"purchasable","16":"product-type-simple"},"acf":[],"_links":{"self":[{"href":"https:\/\/lehmann-ambiente.ch\/fr\/wp-json\/wp\/v2\/product\/11066","targetHints":{"allow":["GET"]}}],"collection":[{"href":"https:\/\/lehmann-ambiente.ch\/fr\/wp-json\/wp\/v2\/product"}],"about":[{"href":"https:\/\/lehmann-ambiente.ch\/fr\/wp-json\/wp\/v2\/types\/product"}],"wp:featuredmedia":[{"embeddable":true,"href":"https:\/\/lehmann-ambiente.ch\/fr\/wp-json\/wp\/v2\/media\/11067"}],"wp:attachment":[{"href":"https:\/\/lehmann-ambiente.ch\/fr\/wp-json\/wp\/v2\/media?parent=11066"}],"wp:term":[{"taxonomy":"product_brand","embeddable":true,"href":"https:\/\/lehmann-ambiente.ch\/fr\/wp-json\/wp\/v2\/product_brand?post=11066"},{"taxonomy":"product_cat","embeddable":true,"href":"https:\/\/lehmann-ambiente.ch\/fr\/wp-json\/wp\/v2\/product_cat?post=11066"},{"taxonomy":"product_tag","embeddable":true,"href":"https:\/\/lehmann-ambiente.ch\/fr\/wp-json\/wp\/v2\/product_tag?post=11066"},{"taxonomy":"material","embeddable":true,"href":"https:\/\/lehmann-ambiente.ch\/fr\/wp-json\/wp\/v2\/material?post=11066"}],"curies":[{"name":"wp","href":"https:\/\/api.w.org\/{rel}","templated":true}]}}