{"id":1107,"date":"2023-05-31T23:26:37","date_gmt":"2023-05-31T21:26:37","guid":{"rendered":"https:\/\/lehmann-ambiente.ch\/product\/fiber-armchair-wood-base\/"},"modified":"2026-02-25T16:23:11","modified_gmt":"2026-02-25T15:23:11","slug":"fibre-armchair-base-en-bois","status":"publish","type":"product","link":"https:\/\/lehmann-ambiente.ch\/fr\/produkt\/fiber-armchair-wood-base\/","title":{"rendered":"FIBER Armchair Base en bois"},"content":{"rendered":"<p>Conception par Iskos-Berlim<br \/>\nCoque d'assise blanche en fibres de bois et plastique<br \/>\npi\u00e8tement en ch\u00eane, laqu\u00e9<br \/>\nL 54.5 x P 55 x H 76.5 cm, SH46 cm<\/p>\n<p>\u00e9tat: pi\u00e8ce d'exposition<\/p>","protected":false},"excerpt":{"rendered":"<p>Design by Iskos-Berlim Sitzschale weiss aus Holzfasern und Kunststoff Untergestell in Eiche, lackiert B 54.5 x T 55 x H 76.5 cm, SH46 cm Zustand: Ausstellungsst\u00fcck<\/p>","protected":false},"featured_media":1210,"template":"","meta":{"_acf_changed":false},"product_brand":[],"product_cat":[52,137,144],"product_tag":[],"material":[],"class_list":{"0":"post-1107","1":"product","2":"type-product","3":"status-publish","4":"has-post-thumbnail","6":"product_cat-sale","7":"product_cat-ausstellungsstueck","8":"product_cat-tische-stuehle","9":"product_shipping_class-kleingut","11":"first","12":"instock","13":"sale","14":"taxable","15":"shipping-taxable","16":"purchasable","17":"product-type-simple"},"acf":[],"_links":{"self":[{"href":"https:\/\/lehmann-ambiente.ch\/fr\/wp-json\/wp\/v2\/product\/1107","targetHints":{"allow":["GET"]}}],"collection":[{"href":"https:\/\/lehmann-ambiente.ch\/fr\/wp-json\/wp\/v2\/product"}],"about":[{"href":"https:\/\/lehmann-ambiente.ch\/fr\/wp-json\/wp\/v2\/types\/product"}],"wp:featuredmedia":[{"embeddable":true,"href":"https:\/\/lehmann-ambiente.ch\/fr\/wp-json\/wp\/v2\/media\/1210"}],"wp:attachment":[{"href":"https:\/\/lehmann-ambiente.ch\/fr\/wp-json\/wp\/v2\/media?parent=1107"}],"wp:term":[{"taxonomy":"product_brand","embeddable":true,"href":"https:\/\/lehmann-ambiente.ch\/fr\/wp-json\/wp\/v2\/product_brand?post=1107"},{"taxonomy":"product_cat","embeddable":true,"href":"https:\/\/lehmann-ambiente.ch\/fr\/wp-json\/wp\/v2\/product_cat?post=1107"},{"taxonomy":"product_tag","embeddable":true,"href":"https:\/\/lehmann-ambiente.ch\/fr\/wp-json\/wp\/v2\/product_tag?post=1107"},{"taxonomy":"material","embeddable":true,"href":"https:\/\/lehmann-ambiente.ch\/fr\/wp-json\/wp\/v2\/material?post=1107"}],"curies":[{"name":"wp","href":"https:\/\/api.w.org\/{rel}","templated":true}]}}