{"id":1108,"date":"2023-05-31T23:26:37","date_gmt":"2023-05-31T21:26:37","guid":{"rendered":"https:\/\/lehmann-ambiente.ch\/product\/fiber-armchair-tube-base\/"},"modified":"2023-09-22T15:59:49","modified_gmt":"2023-09-22T13:59:49","slug":"base-tubulaire-en-fibre-pour-fauteuil","status":"publish","type":"product","link":"https:\/\/lehmann-ambiente.ch\/fr\/produkt\/fiber-armchair-tube-base\/","title":{"rendered":"FIBER Armchair tube base"},"content":{"rendered":"<p>Conception par Iskos-Berlin<br \/>\nCoque d'assise noire en fibres de bois et plastique<br \/>\npi\u00e8tement en aluminium peint en noir par poudrage<br \/>\nL 54.5 x P 55 x H 76 cm, SH 45.5 cm<\/p>\n<p>\u00e9tat: pi\u00e8ce d'exposition<\/p>\n<p>\u00e9tat: pi\u00e8ce d'exposition<\/p>","protected":false},"excerpt":{"rendered":"<p>Design by Iskos-Berlin Coque d'assise noire en fibres de bois et plastique Pi\u00e9tement en alu noir laqu\u00e9 \u00e9poxy L 54.5 x P 55 x H 76 cm, SH 45.5 cm \u00c9tat : Pi\u00e8ce d'exposition \u00c9tat : Pi\u00e8ce d'exposition<\/p>","protected":false},"featured_media":1211,"template":"","meta":{"_acf_changed":false},"product_brand":[],"product_cat":[52,137],"product_tag":[],"material":[],"class_list":{"0":"post-1108","1":"product","2":"type-product","3":"status-publish","4":"has-post-thumbnail","6":"product_cat-sale","7":"product_cat-ausstellungsstueck","8":"product_shipping_class-kleingut","10":"first","11":"instock","12":"sale","13":"taxable","14":"shipping-taxable","15":"purchasable","16":"product-type-simple"},"acf":[],"_links":{"self":[{"href":"https:\/\/lehmann-ambiente.ch\/fr\/wp-json\/wp\/v2\/product\/1108","targetHints":{"allow":["GET"]}}],"collection":[{"href":"https:\/\/lehmann-ambiente.ch\/fr\/wp-json\/wp\/v2\/product"}],"about":[{"href":"https:\/\/lehmann-ambiente.ch\/fr\/wp-json\/wp\/v2\/types\/product"}],"wp:featuredmedia":[{"embeddable":true,"href":"https:\/\/lehmann-ambiente.ch\/fr\/wp-json\/wp\/v2\/media\/1211"}],"wp:attachment":[{"href":"https:\/\/lehmann-ambiente.ch\/fr\/wp-json\/wp\/v2\/media?parent=1108"}],"wp:term":[{"taxonomy":"product_brand","embeddable":true,"href":"https:\/\/lehmann-ambiente.ch\/fr\/wp-json\/wp\/v2\/product_brand?post=1108"},{"taxonomy":"product_cat","embeddable":true,"href":"https:\/\/lehmann-ambiente.ch\/fr\/wp-json\/wp\/v2\/product_cat?post=1108"},{"taxonomy":"product_tag","embeddable":true,"href":"https:\/\/lehmann-ambiente.ch\/fr\/wp-json\/wp\/v2\/product_tag?post=1108"},{"taxonomy":"material","embeddable":true,"href":"https:\/\/lehmann-ambiente.ch\/fr\/wp-json\/wp\/v2\/material?post=1108"}],"curies":[{"name":"wp","href":"https:\/\/api.w.org\/{rel}","templated":true}]}}