{"id":11088,"date":"2025-08-09T14:23:29","date_gmt":"2025-08-09T12:23:29","guid":{"rendered":"https:\/\/lehmann-ambiente.ch\/?post_type=product&#038;p=11088"},"modified":"2026-02-25T13:38:38","modified_gmt":"2026-02-25T12:38:38","slug":"cleo-lit-double","status":"publish","type":"product","link":"https:\/\/lehmann-ambiente.ch\/fr\/produkt\/cleo-doppelbett\/","title":{"rendered":"CLEO Lit double"},"content":{"rendered":"<p>Lit double avec matelas<br>Extr\u00e9mit\u00e9 du pied continue<br>Housse amovible, 4 c\u00f4t\u00e9s<br>T\u00eate de lit fixe<br>Tissu Harper couleur gris <br>Pied en m\u00e9tal moul\u00e9<\/p>\n\n\n\n<p>L 182 x P 225 x H 109 cm<\/p>\n\n\n\n<p>Sans matelas<\/p>\n\n\n\n<p>\u00e9tat: pi\u00e8ce d'exposition<\/p>\n\n\n\n<p><\/p>","protected":false},"excerpt":{"rendered":"<p>Lit double avec matelas inf\u00e9rieurFond de pied continuHousse amovible, 4 c\u00f4t\u00e9sT\u00eate de lit fixeTissu Harper couleur grise Pied en m\u00e9tal coul\u00e9 L 182 x P 225 x H 109 cm Sans matelas \u00c9tat : Pi\u00e8ce d'exposition<\/p>","protected":false},"featured_media":11089,"template":"","meta":{"_acf_changed":false},"product_brand":[],"product_cat":[52,137,161],"product_tag":[],"material":[],"class_list":{"0":"post-11088","1":"product","2":"type-product","3":"status-publish","4":"has-post-thumbnail","6":"product_cat-sale","7":"product_cat-ausstellungsstueck","8":"product_cat-schlafzimmer","10":"first","11":"instock","12":"sale","13":"taxable","14":"shipping-taxable","15":"purchasable","16":"product-type-simple"},"acf":[],"_links":{"self":[{"href":"https:\/\/lehmann-ambiente.ch\/fr\/wp-json\/wp\/v2\/product\/11088","targetHints":{"allow":["GET"]}}],"collection":[{"href":"https:\/\/lehmann-ambiente.ch\/fr\/wp-json\/wp\/v2\/product"}],"about":[{"href":"https:\/\/lehmann-ambiente.ch\/fr\/wp-json\/wp\/v2\/types\/product"}],"wp:featuredmedia":[{"embeddable":true,"href":"https:\/\/lehmann-ambiente.ch\/fr\/wp-json\/wp\/v2\/media\/11089"}],"wp:attachment":[{"href":"https:\/\/lehmann-ambiente.ch\/fr\/wp-json\/wp\/v2\/media?parent=11088"}],"wp:term":[{"taxonomy":"product_brand","embeddable":true,"href":"https:\/\/lehmann-ambiente.ch\/fr\/wp-json\/wp\/v2\/product_brand?post=11088"},{"taxonomy":"product_cat","embeddable":true,"href":"https:\/\/lehmann-ambiente.ch\/fr\/wp-json\/wp\/v2\/product_cat?post=11088"},{"taxonomy":"product_tag","embeddable":true,"href":"https:\/\/lehmann-ambiente.ch\/fr\/wp-json\/wp\/v2\/product_tag?post=11088"},{"taxonomy":"material","embeddable":true,"href":"https:\/\/lehmann-ambiente.ch\/fr\/wp-json\/wp\/v2\/material?post=11088"}],"curies":[{"name":"wp","href":"https:\/\/api.w.org\/{rel}","templated":true}]}}