{"id":11112,"date":"2025-08-12T15:39:52","date_gmt":"2025-08-12T13:39:52","guid":{"rendered":"https:\/\/lehmann-ambiente.ch\/?post_type=product&#038;p=11112"},"modified":"2026-02-25T13:37:06","modified_gmt":"2026-02-25T12:37:06","slug":"cleo-grande-table-de-salon","status":"publish","type":"product","link":"https:\/\/lehmann-ambiente.ch\/fr\/produkt\/cleo-grosser-salontisch\/","title":{"rendered":"CLEO grande table de salon"},"content":{"rendered":"<p>plateau laqu\u00e9 mat<br>pi\u00e8tement ch\u00eane clair<br>120x120xH31 cm<\/p>\n\n\n\n<p>\u00e9tat: pi\u00e8ce d'exposition<\/p>","protected":false},"excerpt":{"rendered":"<p>Plateau laqu\u00e9 matPi\u00e9tement ch\u00eane clair120x120xH31 cm \u00c9tat : Pi\u00e8ce d'exposition<\/p>","protected":false},"featured_media":11113,"template":"","meta":{"_acf_changed":false},"product_brand":[],"product_cat":[52,137,303],"product_tag":[],"material":[],"class_list":{"0":"post-11112","1":"product","2":"type-product","3":"status-publish","4":"has-post-thumbnail","6":"product_cat-sale","7":"product_cat-ausstellungsstueck","8":"product_cat-salon-und-beistelltische","10":"first","11":"instock","12":"sale","13":"taxable","14":"shipping-taxable","15":"purchasable","16":"product-type-simple"},"acf":[],"_links":{"self":[{"href":"https:\/\/lehmann-ambiente.ch\/fr\/wp-json\/wp\/v2\/product\/11112","targetHints":{"allow":["GET"]}}],"collection":[{"href":"https:\/\/lehmann-ambiente.ch\/fr\/wp-json\/wp\/v2\/product"}],"about":[{"href":"https:\/\/lehmann-ambiente.ch\/fr\/wp-json\/wp\/v2\/types\/product"}],"wp:featuredmedia":[{"embeddable":true,"href":"https:\/\/lehmann-ambiente.ch\/fr\/wp-json\/wp\/v2\/media\/11113"}],"wp:attachment":[{"href":"https:\/\/lehmann-ambiente.ch\/fr\/wp-json\/wp\/v2\/media?parent=11112"}],"wp:term":[{"taxonomy":"product_brand","embeddable":true,"href":"https:\/\/lehmann-ambiente.ch\/fr\/wp-json\/wp\/v2\/product_brand?post=11112"},{"taxonomy":"product_cat","embeddable":true,"href":"https:\/\/lehmann-ambiente.ch\/fr\/wp-json\/wp\/v2\/product_cat?post=11112"},{"taxonomy":"product_tag","embeddable":true,"href":"https:\/\/lehmann-ambiente.ch\/fr\/wp-json\/wp\/v2\/product_tag?post=11112"},{"taxonomy":"material","embeddable":true,"href":"https:\/\/lehmann-ambiente.ch\/fr\/wp-json\/wp\/v2\/material?post=11112"}],"curies":[{"name":"wp","href":"https:\/\/api.w.org\/{rel}","templated":true}]}}