{"id":1114,"date":"2023-05-31T23:26:38","date_gmt":"2023-05-31T21:26:38","guid":{"rendered":"https:\/\/lehmann-ambiente.ch\/product\/legra-mot4-memory-einlegerahmen\/"},"modified":"2026-02-25T16:07:51","modified_gmt":"2026-02-25T15:07:51","slug":"legra-mot4-memory-sommier","status":"publish","type":"product","link":"https:\/\/lehmann-ambiente.ch\/fr\/produkt\/legra-mot4-memory-einlegerahmen\/","title":{"rendered":"LEGRA MOT4 MEMORY Sommier"},"content":{"rendered":"<p>t\u00eate, dos, jambes et pieds r\u00e9glables s\u00e9par\u00e9ment<br \/>\nNeutralisation du courant de roue libre, abaissement de s\u00e9curit\u00e9<br \/>\nhauteur du cadre 9.5cm, 90 x 200cm<\/p>\n<p>\u00c9tat : pi\u00e8ce d'exposition<\/p>","protected":false},"excerpt":{"rendered":"<p>Kopf, R\u00fccken, Beine und F\u00fcsse separat verstellbar Freilaufstrom-Neutralisierung, Sicherheitsabsenkung Rahmenh\u00f6he 9.5cm, 90 x 200cm Zustand: Ausstellungst\u00fcck<\/p>","protected":false},"featured_media":1217,"template":"","meta":{"_acf_changed":false},"product_brand":[],"product_cat":[52,137,161],"product_tag":[],"material":[],"class_list":{"0":"post-1114","1":"product","2":"type-product","3":"status-publish","4":"has-post-thumbnail","6":"product_cat-sale","7":"product_cat-ausstellungsstueck","8":"product_cat-schlafzimmer","10":"first","11":"instock","12":"sale","13":"taxable","14":"shipping-taxable","15":"purchasable","16":"product-type-simple"},"acf":[],"_links":{"self":[{"href":"https:\/\/lehmann-ambiente.ch\/fr\/wp-json\/wp\/v2\/product\/1114","targetHints":{"allow":["GET"]}}],"collection":[{"href":"https:\/\/lehmann-ambiente.ch\/fr\/wp-json\/wp\/v2\/product"}],"about":[{"href":"https:\/\/lehmann-ambiente.ch\/fr\/wp-json\/wp\/v2\/types\/product"}],"wp:featuredmedia":[{"embeddable":true,"href":"https:\/\/lehmann-ambiente.ch\/fr\/wp-json\/wp\/v2\/media\/1217"}],"wp:attachment":[{"href":"https:\/\/lehmann-ambiente.ch\/fr\/wp-json\/wp\/v2\/media?parent=1114"}],"wp:term":[{"taxonomy":"product_brand","embeddable":true,"href":"https:\/\/lehmann-ambiente.ch\/fr\/wp-json\/wp\/v2\/product_brand?post=1114"},{"taxonomy":"product_cat","embeddable":true,"href":"https:\/\/lehmann-ambiente.ch\/fr\/wp-json\/wp\/v2\/product_cat?post=1114"},{"taxonomy":"product_tag","embeddable":true,"href":"https:\/\/lehmann-ambiente.ch\/fr\/wp-json\/wp\/v2\/product_tag?post=1114"},{"taxonomy":"material","embeddable":true,"href":"https:\/\/lehmann-ambiente.ch\/fr\/wp-json\/wp\/v2\/material?post=1114"}],"curies":[{"name":"wp","href":"https:\/\/api.w.org\/{rel}","templated":true}]}}