{"id":1133,"date":"2023-05-31T23:26:43","date_gmt":"2023-05-31T21:26:43","guid":{"rendered":"https:\/\/lehmann-ambiente.ch\/product\/meo-slim-raumtrenner\/"},"modified":"2026-02-25T15:21:52","modified_gmt":"2026-02-25T14:21:52","slug":"meo-slim-separateur-de-piece","status":"publish","type":"product","link":"https:\/\/lehmann-ambiente.ch\/fr\/produkt\/meo-slim-raumtrenner\/","title":{"rendered":"MEO-SLIM S\u00e9parateur de pi\u00e8ce"},"content":{"rendered":"<p>avec deux volets, paroi arri\u00e8re,<br \/>\nPlaque de socle, \u00e9l\u00e9ments de trame horizontaux et verticaux en placage de ch\u00eane fum\u00e9<br \/>\nL277.5 x P40 x H117.5 cm<\/p>","protected":false},"excerpt":{"rendered":"<p>mit zwei Klappen, R\u00fcckwand, Sockelplatte, Rasterteile horizontal und vertikal in R\u00e4uchereiche furniert B277.5 x T40 x H117.5 cm<\/p>","protected":false},"featured_media":1236,"template":"","meta":{"_acf_changed":false},"product_brand":[],"product_cat":[52,137,151],"product_tag":[],"material":[],"class_list":{"0":"post-1133","1":"product","2":"type-product","3":"status-publish","4":"has-post-thumbnail","6":"product_cat-sale","7":"product_cat-ausstellungsstueck","8":"product_cat-sideboards-wohnwaende","10":"first","11":"instock","12":"sale","13":"taxable","14":"shipping-taxable","15":"purchasable","16":"product-type-simple"},"acf":[],"_links":{"self":[{"href":"https:\/\/lehmann-ambiente.ch\/fr\/wp-json\/wp\/v2\/product\/1133","targetHints":{"allow":["GET"]}}],"collection":[{"href":"https:\/\/lehmann-ambiente.ch\/fr\/wp-json\/wp\/v2\/product"}],"about":[{"href":"https:\/\/lehmann-ambiente.ch\/fr\/wp-json\/wp\/v2\/types\/product"}],"wp:featuredmedia":[{"embeddable":true,"href":"https:\/\/lehmann-ambiente.ch\/fr\/wp-json\/wp\/v2\/media\/1236"}],"wp:attachment":[{"href":"https:\/\/lehmann-ambiente.ch\/fr\/wp-json\/wp\/v2\/media?parent=1133"}],"wp:term":[{"taxonomy":"product_brand","embeddable":true,"href":"https:\/\/lehmann-ambiente.ch\/fr\/wp-json\/wp\/v2\/product_brand?post=1133"},{"taxonomy":"product_cat","embeddable":true,"href":"https:\/\/lehmann-ambiente.ch\/fr\/wp-json\/wp\/v2\/product_cat?post=1133"},{"taxonomy":"product_tag","embeddable":true,"href":"https:\/\/lehmann-ambiente.ch\/fr\/wp-json\/wp\/v2\/product_tag?post=1133"},{"taxonomy":"material","embeddable":true,"href":"https:\/\/lehmann-ambiente.ch\/fr\/wp-json\/wp\/v2\/material?post=1133"}],"curies":[{"name":"wp","href":"https:\/\/api.w.org\/{rel}","templated":true}]}}