{"id":11390,"date":"2025-09-11T16:28:50","date_gmt":"2025-09-11T14:28:50","guid":{"rendered":"https:\/\/lehmann-ambiente.ch\/?post_type=product&#038;p=11390"},"modified":"2026-02-25T12:09:03","modified_gmt":"2026-02-25T11:09:03","slug":"luis-plus-chaise-avec-structure-en-fil-metallique-4-pieces","status":"publish","type":"product","link":"https:\/\/lehmann-ambiente.ch\/fr\/produkt\/luis-plus-stuhl-mit-drahtgestell-4-stueck\/","title":{"rendered":"LUIS PLUS chaise avec structure en fil m\u00e9tallique 4 pi\u00e8ces"},"content":{"rendered":"<p>Prix pour 4 pi\u00e8ces, vendues uniquement par set<\/p>\n\n\n\n<p>en cuir couleur brun noir<\/p>\n\n\n\n<p>pi\u00e8tement noir mat<\/p>\n\n\n\n<p>L60 x P62 x H87 cm<\/p>\n\n\n\n<p>\u00e9tat: pi\u00e8ce d'exposition<\/p>\n\n\n\n<p><\/p>","protected":false},"excerpt":{"rendered":"<p>Prix pour 4 pi\u00e8ces, vendues uniquement par lot en cuir couleur noir-brun Structure noir mat L60 x P62 x H87 cm \u00c9tat : pi\u00e8ce d'exposition<\/p>","protected":false},"featured_media":11391,"template":"","meta":{"_acf_changed":false},"product_brand":[],"product_cat":[52,137,144],"product_tag":[],"material":[],"class_list":{"0":"post-11390","1":"product","2":"type-product","3":"status-publish","4":"has-post-thumbnail","6":"product_cat-sale","7":"product_cat-ausstellungsstueck","8":"product_cat-tische-stuehle","10":"first","11":"instock","12":"sale","13":"taxable","14":"shipping-taxable","15":"purchasable","16":"product-type-simple"},"acf":[],"_links":{"self":[{"href":"https:\/\/lehmann-ambiente.ch\/fr\/wp-json\/wp\/v2\/product\/11390","targetHints":{"allow":["GET"]}}],"collection":[{"href":"https:\/\/lehmann-ambiente.ch\/fr\/wp-json\/wp\/v2\/product"}],"about":[{"href":"https:\/\/lehmann-ambiente.ch\/fr\/wp-json\/wp\/v2\/types\/product"}],"wp:featuredmedia":[{"embeddable":true,"href":"https:\/\/lehmann-ambiente.ch\/fr\/wp-json\/wp\/v2\/media\/11391"}],"wp:attachment":[{"href":"https:\/\/lehmann-ambiente.ch\/fr\/wp-json\/wp\/v2\/media?parent=11390"}],"wp:term":[{"taxonomy":"product_brand","embeddable":true,"href":"https:\/\/lehmann-ambiente.ch\/fr\/wp-json\/wp\/v2\/product_brand?post=11390"},{"taxonomy":"product_cat","embeddable":true,"href":"https:\/\/lehmann-ambiente.ch\/fr\/wp-json\/wp\/v2\/product_cat?post=11390"},{"taxonomy":"product_tag","embeddable":true,"href":"https:\/\/lehmann-ambiente.ch\/fr\/wp-json\/wp\/v2\/product_tag?post=11390"},{"taxonomy":"material","embeddable":true,"href":"https:\/\/lehmann-ambiente.ch\/fr\/wp-json\/wp\/v2\/material?post=11390"}],"curies":[{"name":"wp","href":"https:\/\/api.w.org\/{rel}","templated":true}]}}