{"id":11454,"date":"2025-10-06T15:00:57","date_gmt":"2025-10-06T13:00:57","guid":{"rendered":"https:\/\/lehmann-ambiente.ch\/?post_type=product&#038;p=11454"},"modified":"2026-02-25T11:59:54","modified_gmt":"2026-02-25T10:59:54","slug":"soma-table-a-rallonges","status":"publish","type":"product","link":"https:\/\/lehmann-ambiente.ch\/fr\/produkt\/soma-ausziehtisch\/","title":{"rendered":"SOMA Table \u00e0 rallonges"},"content":{"rendered":"<p>Plateau de table, panneaux de pied et<br>Plaques d'extension en Fenix gris<br>Pi\u00e8tement de table noir<br>Traverse longitudinale noire<\/p>\n\n\n\n<p>L220-330 x P95 x H75cm<\/p>\n\n\n\n<p>\u00e9tat: pi\u00e8ce d'exposition<\/p>","protected":false},"excerpt":{"rendered":"<p>Plateau de table, pieds et rallonges en gris FenixPi\u00e9tement de table noirTraverse longitudinale noire L220-330 x P95 x H75cm \u00c9tat : Pi\u00e8ce d'exposition<\/p>","protected":false},"featured_media":11457,"template":"","meta":{"_acf_changed":false},"product_brand":[],"product_cat":[52,137,144],"product_tag":[],"material":[],"class_list":{"0":"post-11454","1":"product","2":"type-product","3":"status-publish","4":"has-post-thumbnail","6":"product_cat-sale","7":"product_cat-ausstellungsstueck","8":"product_cat-tische-stuehle","10":"first","11":"instock","12":"sale","13":"taxable","14":"shipping-taxable","15":"purchasable","16":"product-type-simple"},"acf":[],"_links":{"self":[{"href":"https:\/\/lehmann-ambiente.ch\/fr\/wp-json\/wp\/v2\/product\/11454","targetHints":{"allow":["GET"]}}],"collection":[{"href":"https:\/\/lehmann-ambiente.ch\/fr\/wp-json\/wp\/v2\/product"}],"about":[{"href":"https:\/\/lehmann-ambiente.ch\/fr\/wp-json\/wp\/v2\/types\/product"}],"wp:featuredmedia":[{"embeddable":true,"href":"https:\/\/lehmann-ambiente.ch\/fr\/wp-json\/wp\/v2\/media\/11457"}],"wp:attachment":[{"href":"https:\/\/lehmann-ambiente.ch\/fr\/wp-json\/wp\/v2\/media?parent=11454"}],"wp:term":[{"taxonomy":"product_brand","embeddable":true,"href":"https:\/\/lehmann-ambiente.ch\/fr\/wp-json\/wp\/v2\/product_brand?post=11454"},{"taxonomy":"product_cat","embeddable":true,"href":"https:\/\/lehmann-ambiente.ch\/fr\/wp-json\/wp\/v2\/product_cat?post=11454"},{"taxonomy":"product_tag","embeddable":true,"href":"https:\/\/lehmann-ambiente.ch\/fr\/wp-json\/wp\/v2\/product_tag?post=11454"},{"taxonomy":"material","embeddable":true,"href":"https:\/\/lehmann-ambiente.ch\/fr\/wp-json\/wp\/v2\/material?post=11454"}],"curies":[{"name":"wp","href":"https:\/\/api.w.org\/{rel}","templated":true}]}}