{"id":12011,"date":"2026-01-15T10:31:09","date_gmt":"2026-01-15T09:31:09","guid":{"rendered":"https:\/\/lehmann-ambiente.ch\/?post_type=product&#038;p=12011"},"modified":"2026-02-25T11:57:57","modified_gmt":"2026-02-25T10:57:57","slug":"ria-canape-3-places-outdoor","status":"publish","type":"product","link":"https:\/\/lehmann-ambiente.ch\/fr\/produkt\/ria-3er-sofa-outdoor\/","title":{"rendered":"RIA Canap\u00e9 3 places ext\u00e9rieur"},"content":{"rendered":"<p>Structure en aluminium couleur maracuja <br>avec tresse en corde<br>Coussin d'assise et 5 coussins de couleur tupe inclus<\/p>\n\n\n\n<p>L240 x P83 x H74 cm, SH44cm<\/p>\n\n\n\n<p>\u00e9tat: pi\u00e8ce d'exposition<\/p>\n\n\n\n<p><\/p>","protected":false},"excerpt":{"rendered":"<p>Structure en aluminium couleur maracuja avec corde tress\u00e9eCoussin d'assise et 5 coussins couleur tupe inclus L240 x P83 x H74 cm, SH44cm \u00c9tat : Pi\u00e8ce d'exposition<\/p>","protected":false},"featured_media":12022,"template":"","meta":{"_acf_changed":false},"product_brand":[],"product_cat":[17,137,52],"product_tag":[],"material":[],"class_list":{"0":"post-12011","1":"product","2":"type-product","3":"status-publish","4":"has-post-thumbnail","6":"product_cat-outdoor","7":"product_cat-ausstellungsstueck","8":"product_cat-sale","10":"first","11":"instock","12":"sale","13":"taxable","14":"shipping-taxable","15":"purchasable","16":"product-type-simple"},"acf":[],"_links":{"self":[{"href":"https:\/\/lehmann-ambiente.ch\/fr\/wp-json\/wp\/v2\/product\/12011","targetHints":{"allow":["GET"]}}],"collection":[{"href":"https:\/\/lehmann-ambiente.ch\/fr\/wp-json\/wp\/v2\/product"}],"about":[{"href":"https:\/\/lehmann-ambiente.ch\/fr\/wp-json\/wp\/v2\/types\/product"}],"wp:featuredmedia":[{"embeddable":true,"href":"https:\/\/lehmann-ambiente.ch\/fr\/wp-json\/wp\/v2\/media\/12022"}],"wp:attachment":[{"href":"https:\/\/lehmann-ambiente.ch\/fr\/wp-json\/wp\/v2\/media?parent=12011"}],"wp:term":[{"taxonomy":"product_brand","embeddable":true,"href":"https:\/\/lehmann-ambiente.ch\/fr\/wp-json\/wp\/v2\/product_brand?post=12011"},{"taxonomy":"product_cat","embeddable":true,"href":"https:\/\/lehmann-ambiente.ch\/fr\/wp-json\/wp\/v2\/product_cat?post=12011"},{"taxonomy":"product_tag","embeddable":true,"href":"https:\/\/lehmann-ambiente.ch\/fr\/wp-json\/wp\/v2\/product_tag?post=12011"},{"taxonomy":"material","embeddable":true,"href":"https:\/\/lehmann-ambiente.ch\/fr\/wp-json\/wp\/v2\/material?post=12011"}],"curies":[{"name":"wp","href":"https:\/\/api.w.org\/{rel}","templated":true}]}}