{"id":12028,"date":"2026-01-17T14:12:17","date_gmt":"2026-01-17T13:12:17","guid":{"rendered":"https:\/\/lehmann-ambiente.ch\/?post_type=product&#038;p=12028"},"modified":"2026-02-25T11:52:29","modified_gmt":"2026-02-25T10:52:29","slug":"nalu-ensemble-canape-2-places-et-table-basse-dexterieur","status":"publish","type":"product","link":"https:\/\/lehmann-ambiente.ch\/fr\/produkt\/nalu-2er-sofa-sessel-und-salontisch-outdoor-set\/","title":{"rendered":"NALU Canap\u00e9 2 places , fauteuil et table de salon Outdoor Set"},"content":{"rendered":"<p>Fauteuil<\/p>\n\n\n\n<p>Structure en aluminium couleur graphite semi-brillant<br>Tissu gris ray\u00e9<br>L105 x P95 x H79 cm<br>hauteur d'assise 43 cm<\/p>\n\n\n\n<p>avec coussin d\u00e9coratif <br>1x 45\u00d745 cm tissu couleur sable de quartz<br>1x 45\u00d745 cm Tissu couleur gris cendr\u00e9<\/p>\n\n\n\n<p>Canap\u00e9<\/p>\n\n\n\n<p>Structure en aluminium couleur graphite semi-brillant<br>Tissu gris ray\u00e9<br>L190 x P95 x H79 cm<br>hauteur d'assise 43 cm<\/p>\n\n\n\n<p>avec coussin d\u00e9coratif <br>2x 60\u00d760 cm Tissu couleur gris ray\u00e9<br>1x 60\u00d760 cm de tissu couleur sable de quartz<br>1x 45\u00d745 cm tissu couleur sable de quartz<br>1x 45\u00d745 cm Tissu couleur gris cendr\u00e9<\/p>\n\n\n\n<p>Table de salon<\/p>\n\n\n\n<p>Structure en aluminium couleur graphite semi-brillant<br>Plateau de table en gr\u00e8s \u00e9maill\u00e9 couleur mosa\u00efque graphite<br>L131 x P69 x H40 cm<\/p>\n\n\n\n<p>\u00e9tat: pi\u00e8ce d'exposition<\/p>","protected":false},"excerpt":{"rendered":"<p>Sessel Gestell in Aluminium Farbe Graphit halbgl\u00e4nzendStoff Grau gestreiftB105 x T95 x H79 cmSitzh\u00f6he 43 cm mit Dekokissen 1x 45&#215;45 cm Stoff Farbe Quarzsand1x 45&#215;45 cm Stoff Farbe Aschgrau Sofa Gestell in Aluminium Farbe Graphit halbgl\u00e4nzendStoff Grau gestreiftB190 x T95 x H79 cmSitzh\u00f6he 43 cm mit Dekokissen 2x 60&#215;60 cm Stoff Farbe Grau gestreift1x 60&#215;60 [&hellip;]<\/p>\n","protected":false},"featured_media":12035,"template":"","meta":{"_acf_changed":false},"product_brand":[],"product_cat":[17,137,52],"product_tag":[],"material":[],"class_list":{"0":"post-12028","1":"product","2":"type-product","3":"status-publish","4":"has-post-thumbnail","6":"product_cat-outdoor","7":"product_cat-ausstellungsstueck","8":"product_cat-sale","10":"first","11":"instock","12":"sale","13":"taxable","14":"shipping-taxable","15":"purchasable","16":"product-type-simple"},"acf":[],"_links":{"self":[{"href":"https:\/\/lehmann-ambiente.ch\/fr\/wp-json\/wp\/v2\/product\/12028","targetHints":{"allow":["GET"]}}],"collection":[{"href":"https:\/\/lehmann-ambiente.ch\/fr\/wp-json\/wp\/v2\/product"}],"about":[{"href":"https:\/\/lehmann-ambiente.ch\/fr\/wp-json\/wp\/v2\/types\/product"}],"wp:featuredmedia":[{"embeddable":true,"href":"https:\/\/lehmann-ambiente.ch\/fr\/wp-json\/wp\/v2\/media\/12035"}],"wp:attachment":[{"href":"https:\/\/lehmann-ambiente.ch\/fr\/wp-json\/wp\/v2\/media?parent=12028"}],"wp:term":[{"taxonomy":"product_brand","embeddable":true,"href":"https:\/\/lehmann-ambiente.ch\/fr\/wp-json\/wp\/v2\/product_brand?post=12028"},{"taxonomy":"product_cat","embeddable":true,"href":"https:\/\/lehmann-ambiente.ch\/fr\/wp-json\/wp\/v2\/product_cat?post=12028"},{"taxonomy":"product_tag","embeddable":true,"href":"https:\/\/lehmann-ambiente.ch\/fr\/wp-json\/wp\/v2\/product_tag?post=12028"},{"taxonomy":"material","embeddable":true,"href":"https:\/\/lehmann-ambiente.ch\/fr\/wp-json\/wp\/v2\/material?post=12028"}],"curies":[{"name":"wp","href":"https:\/\/api.w.org\/{rel}","templated":true}]}}