{"id":12322,"date":"2026-02-04T11:01:42","date_gmt":"2026-02-04T10:01:42","guid":{"rendered":"https:\/\/lehmann-ambiente.ch\/?post_type=product&#038;p=12322"},"modified":"2026-02-25T11:49:34","modified_gmt":"2026-02-25T10:49:34","slug":"sacco-bean-bicolor-pouf-outdoor","status":"publish","type":"product","link":"https:\/\/lehmann-ambiente.ch\/fr\/produkt\/sacco-bean-bicolor-sitzsack-outdoor\/","title":{"rendered":"SACCO BEAN BICOLOR Pouf Outdoor"},"content":{"rendered":"<p>Tissu d'ext\u00e9rieur ray\u00e9 blanc et gris<br>d\u00e9ductible<br>Remplissage Quick Dry Foam et billes de polystyr\u00e8ne<br>L68 x P116 x H71 cm<\/p>\n\n\n\n<p>\u00e9tat: pi\u00e8ce d'exposition<\/p>\n\n\n\n<p><\/p>","protected":false},"excerpt":{"rendered":"<p>Tissu d'ext\u00e9rieur ray\u00e9 blanc et gris d\u00e9houssableRemplissage Quick Dry Foam et billes de polystyr\u00e8neL68 x P116 x H71 cm \u00c9tat : Pi\u00e8ce d'exposition<\/p>","protected":false},"featured_media":12323,"template":"","meta":{"_acf_changed":false},"product_brand":[],"product_cat":[17,137,52],"product_tag":[],"material":[],"class_list":{"0":"post-12322","1":"product","2":"type-product","3":"status-publish","4":"has-post-thumbnail","6":"product_cat-outdoor","7":"product_cat-ausstellungsstueck","8":"product_cat-sale","10":"first","11":"instock","12":"sale","13":"taxable","14":"shipping-taxable","15":"purchasable","16":"product-type-simple"},"acf":[],"_links":{"self":[{"href":"https:\/\/lehmann-ambiente.ch\/fr\/wp-json\/wp\/v2\/product\/12322","targetHints":{"allow":["GET"]}}],"collection":[{"href":"https:\/\/lehmann-ambiente.ch\/fr\/wp-json\/wp\/v2\/product"}],"about":[{"href":"https:\/\/lehmann-ambiente.ch\/fr\/wp-json\/wp\/v2\/types\/product"}],"wp:featuredmedia":[{"embeddable":true,"href":"https:\/\/lehmann-ambiente.ch\/fr\/wp-json\/wp\/v2\/media\/12323"}],"wp:attachment":[{"href":"https:\/\/lehmann-ambiente.ch\/fr\/wp-json\/wp\/v2\/media?parent=12322"}],"wp:term":[{"taxonomy":"product_brand","embeddable":true,"href":"https:\/\/lehmann-ambiente.ch\/fr\/wp-json\/wp\/v2\/product_brand?post=12322"},{"taxonomy":"product_cat","embeddable":true,"href":"https:\/\/lehmann-ambiente.ch\/fr\/wp-json\/wp\/v2\/product_cat?post=12322"},{"taxonomy":"product_tag","embeddable":true,"href":"https:\/\/lehmann-ambiente.ch\/fr\/wp-json\/wp\/v2\/product_tag?post=12322"},{"taxonomy":"material","embeddable":true,"href":"https:\/\/lehmann-ambiente.ch\/fr\/wp-json\/wp\/v2\/material?post=12322"}],"curies":[{"name":"wp","href":"https:\/\/api.w.org\/{rel}","templated":true}]}}