{"id":12415,"date":"2026-02-05T13:34:10","date_gmt":"2026-02-05T12:34:10","guid":{"rendered":"https:\/\/lehmann-ambiente.ch\/?post_type=product&#038;p=12415"},"modified":"2026-02-25T11:47:20","modified_gmt":"2026-02-25T10:47:20","slug":"harp-chair-outdoor-4-pieces","status":"publish","type":"product","link":"https:\/\/lehmann-ambiente.ch\/fr\/produkt\/harp-stuhl-outdoor-4-stueck\/","title":{"rendered":"Chaise HARP Outdoor 4 pi\u00e8ces"},"content":{"rendered":"<p>Structure en acier inoxydable rev\u00eatue par poudre, couleur smoke<br>Tissu tress\u00e9 couleur grise<br>Coussins d'assise et de dossier inclus Couleur gris acier<br>L54 x P60 x P81cm<\/p>\n\n\n\n<p>Prix pour 4 pi\u00e8ces<\/p>\n\n\n\n<p>\u00e9tat: pi\u00e8ce d'exposition<\/p>\n\n\n\n<p><\/p>","protected":false},"excerpt":{"rendered":"<p>Structure en acier inoxydable rev\u00eatue par poudre couleur smokeTissu tress\u00e9 couleur griseCoussins d'assise et de dossier inclus couleur gris acierB54 x P60 x P81cm Prix pour 4 pi\u00e8ces Condition : Pi\u00e8ce d'exposition<\/p>","protected":false},"featured_media":12416,"template":"","meta":{"_acf_changed":false},"product_brand":[],"product_cat":[17,137,52],"product_tag":[],"material":[],"class_list":{"0":"post-12415","1":"product","2":"type-product","3":"status-publish","4":"has-post-thumbnail","6":"product_cat-outdoor","7":"product_cat-ausstellungsstueck","8":"product_cat-sale","10":"first","11":"instock","12":"sale","13":"taxable","14":"shipping-taxable","15":"purchasable","16":"product-type-simple"},"acf":[],"_links":{"self":[{"href":"https:\/\/lehmann-ambiente.ch\/fr\/wp-json\/wp\/v2\/product\/12415","targetHints":{"allow":["GET"]}}],"collection":[{"href":"https:\/\/lehmann-ambiente.ch\/fr\/wp-json\/wp\/v2\/product"}],"about":[{"href":"https:\/\/lehmann-ambiente.ch\/fr\/wp-json\/wp\/v2\/types\/product"}],"wp:featuredmedia":[{"embeddable":true,"href":"https:\/\/lehmann-ambiente.ch\/fr\/wp-json\/wp\/v2\/media\/12416"}],"wp:attachment":[{"href":"https:\/\/lehmann-ambiente.ch\/fr\/wp-json\/wp\/v2\/media?parent=12415"}],"wp:term":[{"taxonomy":"product_brand","embeddable":true,"href":"https:\/\/lehmann-ambiente.ch\/fr\/wp-json\/wp\/v2\/product_brand?post=12415"},{"taxonomy":"product_cat","embeddable":true,"href":"https:\/\/lehmann-ambiente.ch\/fr\/wp-json\/wp\/v2\/product_cat?post=12415"},{"taxonomy":"product_tag","embeddable":true,"href":"https:\/\/lehmann-ambiente.ch\/fr\/wp-json\/wp\/v2\/product_tag?post=12415"},{"taxonomy":"material","embeddable":true,"href":"https:\/\/lehmann-ambiente.ch\/fr\/wp-json\/wp\/v2\/material?post=12415"}],"curies":[{"name":"wp","href":"https:\/\/api.w.org\/{rel}","templated":true}]}}