{"id":12451,"date":"2026-02-12T12:08:20","date_gmt":"2026-02-12T11:08:20","guid":{"rendered":"https:\/\/lehmann-ambiente.ch\/?post_type=product&#038;p=12451"},"modified":"2026-02-25T11:45:59","modified_gmt":"2026-02-25T10:45:59","slug":"pure-lowboard-avec-2-tablettes-murales","status":"publish","type":"product","link":"https:\/\/lehmann-ambiente.ch\/fr\/produkt\/pure-lowboard-mit-2-wandtablare\/","title":{"rendered":"PURE Lowboard avec 2 tablettes murales"},"content":{"rendered":"<p>Couleur gris clair mat<br>Sans poign\u00e9e, avec TipOn<br>avec deux abattants, deux tiroirs et une \u00e9tag\u00e8re en verre<\/p>\n\n\n\n<p>L 240 x P 50 x H 60 cm<br>avec 2 tablettes murales couleur gris clair 160 x 25cm<\/p>\n\n\n\n<p>\u00e9tat: pi\u00e8ce d'exposition<\/p>","protected":false},"excerpt":{"rendered":"<p>Couleur gris clair matSans poign\u00e9e, avec TipOnAvec deux abattants, deux tiroirs et une \u00e9tag\u00e8re en verre L 240 x P 50 x H 60 cmmavec 2 \u00e9tag\u00e8res murales Couleur gris clair 160 x 25cm \u00c9tat : Pi\u00e8ce d'exposition<\/p>","protected":false},"featured_media":12452,"template":"","meta":{"_acf_changed":false},"product_brand":[],"product_cat":[52,137,151],"product_tag":[],"material":[],"class_list":{"0":"post-12451","1":"product","2":"type-product","3":"status-publish","4":"has-post-thumbnail","6":"product_cat-sale","7":"product_cat-ausstellungsstueck","8":"product_cat-sideboards-wohnwaende","10":"first","11":"instock","12":"sale","13":"taxable","14":"shipping-taxable","15":"purchasable","16":"product-type-simple"},"acf":[],"_links":{"self":[{"href":"https:\/\/lehmann-ambiente.ch\/fr\/wp-json\/wp\/v2\/product\/12451","targetHints":{"allow":["GET"]}}],"collection":[{"href":"https:\/\/lehmann-ambiente.ch\/fr\/wp-json\/wp\/v2\/product"}],"about":[{"href":"https:\/\/lehmann-ambiente.ch\/fr\/wp-json\/wp\/v2\/types\/product"}],"wp:featuredmedia":[{"embeddable":true,"href":"https:\/\/lehmann-ambiente.ch\/fr\/wp-json\/wp\/v2\/media\/12452"}],"wp:attachment":[{"href":"https:\/\/lehmann-ambiente.ch\/fr\/wp-json\/wp\/v2\/media?parent=12451"}],"wp:term":[{"taxonomy":"product_brand","embeddable":true,"href":"https:\/\/lehmann-ambiente.ch\/fr\/wp-json\/wp\/v2\/product_brand?post=12451"},{"taxonomy":"product_cat","embeddable":true,"href":"https:\/\/lehmann-ambiente.ch\/fr\/wp-json\/wp\/v2\/product_cat?post=12451"},{"taxonomy":"product_tag","embeddable":true,"href":"https:\/\/lehmann-ambiente.ch\/fr\/wp-json\/wp\/v2\/product_tag?post=12451"},{"taxonomy":"material","embeddable":true,"href":"https:\/\/lehmann-ambiente.ch\/fr\/wp-json\/wp\/v2\/material?post=12451"}],"curies":[{"name":"wp","href":"https:\/\/api.w.org\/{rel}","templated":true}]}}