{"id":12781,"date":"2026-03-19T14:34:06","date_gmt":"2026-03-19T13:34:06","guid":{"rendered":"https:\/\/lehmann-ambiente.ch\/?post_type=product&#038;p=12781"},"modified":"2026-03-19T14:36:47","modified_gmt":"2026-03-19T13:36:47","slug":"gabbeh-tapis-3","status":"publish","type":"product","link":"https:\/\/lehmann-ambiente.ch\/fr\/produkt\/gabbeh-teppich-3\/","title":{"rendered":"GABBEH Tapis"},"content":{"rendered":"<p>Nou\u00e9 \u00e0 la main<\/p>\n\n\n\n<p>100% Laine<\/p>\n\n\n\n<p>85 x 122 cm<\/p>\n\n\n\n<p>\u00e9tat: pi\u00e8ce d'exposition<\/p>\n\n\n\n<p><\/p>","protected":false},"excerpt":{"rendered":"<p>Nou\u00e9 \u00e0 la main 100% Laine 85 x 122 cm \u00c9tat : Pi\u00e8ce d'exposition<\/p>","protected":false},"featured_media":12779,"template":"","meta":{"_acf_changed":false},"product_brand":[],"product_cat":[52,137,157],"product_tag":[],"material":[],"class_list":{"0":"post-12781","1":"product","2":"type-product","3":"status-publish","4":"has-post-thumbnail","6":"product_cat-sale","7":"product_cat-ausstellungsstueck","8":"product_cat-teppiche","10":"first","11":"instock","12":"sale","13":"taxable","14":"shipping-taxable","15":"purchasable","16":"product-type-simple"},"acf":[],"_links":{"self":[{"href":"https:\/\/lehmann-ambiente.ch\/fr\/wp-json\/wp\/v2\/product\/12781","targetHints":{"allow":["GET"]}}],"collection":[{"href":"https:\/\/lehmann-ambiente.ch\/fr\/wp-json\/wp\/v2\/product"}],"about":[{"href":"https:\/\/lehmann-ambiente.ch\/fr\/wp-json\/wp\/v2\/types\/product"}],"wp:featuredmedia":[{"embeddable":true,"href":"https:\/\/lehmann-ambiente.ch\/fr\/wp-json\/wp\/v2\/media\/12779"}],"wp:attachment":[{"href":"https:\/\/lehmann-ambiente.ch\/fr\/wp-json\/wp\/v2\/media?parent=12781"}],"wp:term":[{"taxonomy":"product_brand","embeddable":true,"href":"https:\/\/lehmann-ambiente.ch\/fr\/wp-json\/wp\/v2\/product_brand?post=12781"},{"taxonomy":"product_cat","embeddable":true,"href":"https:\/\/lehmann-ambiente.ch\/fr\/wp-json\/wp\/v2\/product_cat?post=12781"},{"taxonomy":"product_tag","embeddable":true,"href":"https:\/\/lehmann-ambiente.ch\/fr\/wp-json\/wp\/v2\/product_tag?post=12781"},{"taxonomy":"material","embeddable":true,"href":"https:\/\/lehmann-ambiente.ch\/fr\/wp-json\/wp\/v2\/material?post=12781"}],"curies":[{"name":"wp","href":"https:\/\/api.w.org\/{rel}","templated":true}]}}