{"id":12783,"date":"2026-03-19T14:47:37","date_gmt":"2026-03-19T13:47:37","guid":{"rendered":"https:\/\/lehmann-ambiente.ch\/?post_type=product&#038;p=12783"},"modified":"2026-03-19T14:47:39","modified_gmt":"2026-03-19T13:47:39","slug":"tapis-gabbeh-5","status":"publish","type":"product","link":"https:\/\/lehmann-ambiente.ch\/fr\/produkt\/gabbeh-teppich-5\/","title":{"rendered":"GABBEH Tapis"},"content":{"rendered":"<p>Nou\u00e9 \u00e0 la main<\/p>\n\n\n\n<p>100% Laine<\/p>\n\n\n\n<p>86 x 133 cm<\/p>\n\n\n\n<p>\u00e9tat: pi\u00e8ce d'exposition<\/p>\n\n\n\n<p><\/p>","protected":false},"excerpt":{"rendered":"<p>Nou\u00e9 \u00e0 la main 100% Laine 86 x 133 cm \u00c9tat : Pi\u00e8ce d'exposition<\/p>","protected":false},"featured_media":12777,"template":"","meta":{"_acf_changed":false},"product_brand":[],"product_cat":[52,137,157],"product_tag":[],"material":[],"class_list":{"0":"post-12783","1":"product","2":"type-product","3":"status-publish","4":"has-post-thumbnail","6":"product_cat-sale","7":"product_cat-ausstellungsstueck","8":"product_cat-teppiche","10":"first","11":"instock","12":"sale","13":"taxable","14":"shipping-taxable","15":"purchasable","16":"product-type-simple"},"acf":[],"_links":{"self":[{"href":"https:\/\/lehmann-ambiente.ch\/fr\/wp-json\/wp\/v2\/product\/12783","targetHints":{"allow":["GET"]}}],"collection":[{"href":"https:\/\/lehmann-ambiente.ch\/fr\/wp-json\/wp\/v2\/product"}],"about":[{"href":"https:\/\/lehmann-ambiente.ch\/fr\/wp-json\/wp\/v2\/types\/product"}],"wp:featuredmedia":[{"embeddable":true,"href":"https:\/\/lehmann-ambiente.ch\/fr\/wp-json\/wp\/v2\/media\/12777"}],"wp:attachment":[{"href":"https:\/\/lehmann-ambiente.ch\/fr\/wp-json\/wp\/v2\/media?parent=12783"}],"wp:term":[{"taxonomy":"product_brand","embeddable":true,"href":"https:\/\/lehmann-ambiente.ch\/fr\/wp-json\/wp\/v2\/product_brand?post=12783"},{"taxonomy":"product_cat","embeddable":true,"href":"https:\/\/lehmann-ambiente.ch\/fr\/wp-json\/wp\/v2\/product_cat?post=12783"},{"taxonomy":"product_tag","embeddable":true,"href":"https:\/\/lehmann-ambiente.ch\/fr\/wp-json\/wp\/v2\/product_tag?post=12783"},{"taxonomy":"material","embeddable":true,"href":"https:\/\/lehmann-ambiente.ch\/fr\/wp-json\/wp\/v2\/material?post=12783"}],"curies":[{"name":"wp","href":"https:\/\/api.w.org\/{rel}","templated":true}]}}