{"id":12879,"date":"2026-05-04T11:23:46","date_gmt":"2026-05-04T09:23:46","guid":{"rendered":"https:\/\/lehmann-ambiente.ch\/?post_type=product&#038;p=12879"},"modified":"2026-05-04T11:23:51","modified_gmt":"2026-05-04T09:23:51","slug":"wogg-106-sideboard","status":"publish","type":"product","link":"https:\/\/lehmann-ambiente.ch\/fr\/produkt\/wogg-106-sideboard\/","title":{"rendered":"WOGG 106 Buffet"},"content":{"rendered":"<p>Design Daniel T. Maurer et Christophe Marchand<br>Dimensions totales L224 x l50 x H81cm<\/p>\n\n\n\n<p>Compos\u00e9 de<br>2x type 10610<br>Corps : Mat\u00e9riau d\u00e9riv\u00e9 du bois HPL\/MDF noir<br>Panneau arri\u00e8re \/ c\u00f4t\u00e9s : bois laqu\u00e9 noir<br>fa\u00e7ade \u00e0 enroulement : aluminium Noir Satin\u00e9 anodis\u00e9<br>Am\u00e9nagement int\u00e9rieur : 1x \u00e9tag\u00e8re L50 cm r\u00e9glable en hauteur,<br>2x tablettes L75 cm r\u00e9glables en hauteur \u00e0 droite\/\u00e0 gauche<\/p>\n\n\n\n<p>1x pieds : Socle 5 cm<br>1x couvercle : c\u00e9ramique Umbra Marron<br>Parois centrales et tablette avec passage de c\u00e2bles<br>Fond avec passage de c\u00e2bles<\/p>\n\n\n\n<p>\u00e9tat: pi\u00e8ce d'exposition<\/p>\n\n\n\n<p><\/p>","protected":false},"excerpt":{"rendered":"<p>Design Daniel T. Maurer und Christophe MarchandGesamtmasse L224 x B50 x H81cm Bestehend aus2x Typ 10610Korpus: Holzwerkstoff HPL\/MDF SchwarzR\u00fcckwand \/ Seiten: Holzwerkstoff schwarz lackiertRollfront: Aluminium Noir Satin\u00e9 eloxiertInnenausstattung: 1x Tablar L50 cm h\u00f6henverstellbar,2x Tablar L75 cm rechts\/links h\u00f6henverstellbar 1x F\u00fcsse: Sockel 5 cm1x Abdeckung: Keramik Umbra MarronMittelw\u00e4nde und Tablar mit KabeldurchlassBoden mit Kabeldurchf\u00fchrung Zustand: Ausstellungsst\u00fcck<\/p>","protected":false},"featured_media":12880,"template":"","meta":{"_acf_changed":false},"product_brand":[],"product_cat":[151],"product_tag":[],"material":[],"class_list":{"0":"post-12879","1":"product","2":"type-product","3":"status-publish","4":"has-post-thumbnail","6":"product_cat-sideboards-wohnwaende","8":"first","9":"instock","10":"sale","11":"taxable","12":"shipping-taxable","13":"purchasable","14":"product-type-simple"},"acf":[],"_links":{"self":[{"href":"https:\/\/lehmann-ambiente.ch\/fr\/wp-json\/wp\/v2\/product\/12879","targetHints":{"allow":["GET"]}}],"collection":[{"href":"https:\/\/lehmann-ambiente.ch\/fr\/wp-json\/wp\/v2\/product"}],"about":[{"href":"https:\/\/lehmann-ambiente.ch\/fr\/wp-json\/wp\/v2\/types\/product"}],"wp:featuredmedia":[{"embeddable":true,"href":"https:\/\/lehmann-ambiente.ch\/fr\/wp-json\/wp\/v2\/media\/12880"}],"wp:attachment":[{"href":"https:\/\/lehmann-ambiente.ch\/fr\/wp-json\/wp\/v2\/media?parent=12879"}],"wp:term":[{"taxonomy":"product_brand","embeddable":true,"href":"https:\/\/lehmann-ambiente.ch\/fr\/wp-json\/wp\/v2\/product_brand?post=12879"},{"taxonomy":"product_cat","embeddable":true,"href":"https:\/\/lehmann-ambiente.ch\/fr\/wp-json\/wp\/v2\/product_cat?post=12879"},{"taxonomy":"product_tag","embeddable":true,"href":"https:\/\/lehmann-ambiente.ch\/fr\/wp-json\/wp\/v2\/product_tag?post=12879"},{"taxonomy":"material","embeddable":true,"href":"https:\/\/lehmann-ambiente.ch\/fr\/wp-json\/wp\/v2\/material?post=12879"}],"curies":[{"name":"wp","href":"https:\/\/api.w.org\/{rel}","templated":true}]}}