{"id":12885,"date":"2026-05-04T11:54:36","date_gmt":"2026-05-04T09:54:36","guid":{"rendered":"https:\/\/lehmann-ambiente.ch\/?post_type=product&#038;p=12885"},"modified":"2026-05-04T11:54:41","modified_gmt":"2026-05-04T09:54:41","slug":"wogg-82-sideboard","status":"publish","type":"product","link":"https:\/\/lehmann-ambiente.ch\/fr\/produkt\/wogg-82-sideboard\/","title":{"rendered":"WOGG 82 Buffet"},"content":{"rendered":"<p>Design Christophe Marchand<br>Type 8207<br>L220 x l49 x H86cm<\/p>\n\n\n\n<p><br>Corps : Mat\u00e9riau d\u00e9riv\u00e9 du bois HPL\/MDF noir <br>Panneau arri\u00e8re \/ c\u00f4t\u00e9s : bois laqu\u00e9 noir<br>fa\u00e7ade \u00e0 enroulement : aluminium anodis\u00e9 champagne <br>Couverture : Fenix Nero IngO<br>Pieds : 30 cm<br>Am\u00e9nagement int\u00e9rieur : 1x \u00e9tag\u00e8re L69 cm r\u00e9glable en hauteur,<br>2x \u00e9tag\u00e8res L64 cm r\u00e9glables en hauteur \u00e0 droite\/\u00e0 gauche<br>Parois centrales et tablette avec passage de c\u00e2bles<br>Fond avec passage de c\u00e2bles<\/p>\n\n\n\n<p>Sans contenu ni lampes de table<\/p>\n\n\n\n<p>\u00e9tat: pi\u00e8ce d'exposition<\/p>","protected":false},"excerpt":{"rendered":"<p>Design Christophe MarchandTyp 8207L220 x B49 x H86cm Korpus: Holzwerkstoff HPL\/MDF Schwarz R\u00fcckwand \/ Seiten: Holzwerkstoff schwarz lackiertRollfront: Aluminium Champagner eloxiert Abdeckung: Fenix Nero IngOF\u00fcsse: 30 cmInnenausstattung: 1x Tablar L69 cm h\u00f6henverstellbar,2x Tablar L64 cm rechts\/links h\u00f6henverstellbarMittelw\u00e4nde und Tablar mit KabeldurchlassBoden mit Kabeldurchf\u00fchrung Ohne Inhalt und Tischleuchten Zustand: Ausstellungsst\u00fcck<\/p>","protected":false},"featured_media":12886,"template":"","meta":{"_acf_changed":false},"product_brand":[],"product_cat":[151],"product_tag":[],"material":[],"class_list":{"0":"post-12885","1":"product","2":"type-product","3":"status-publish","4":"has-post-thumbnail","6":"product_cat-sideboards-wohnwaende","8":"first","9":"instock","10":"sale","11":"taxable","12":"shipping-taxable","13":"purchasable","14":"product-type-simple"},"acf":[],"_links":{"self":[{"href":"https:\/\/lehmann-ambiente.ch\/fr\/wp-json\/wp\/v2\/product\/12885","targetHints":{"allow":["GET"]}}],"collection":[{"href":"https:\/\/lehmann-ambiente.ch\/fr\/wp-json\/wp\/v2\/product"}],"about":[{"href":"https:\/\/lehmann-ambiente.ch\/fr\/wp-json\/wp\/v2\/types\/product"}],"wp:featuredmedia":[{"embeddable":true,"href":"https:\/\/lehmann-ambiente.ch\/fr\/wp-json\/wp\/v2\/media\/12886"}],"wp:attachment":[{"href":"https:\/\/lehmann-ambiente.ch\/fr\/wp-json\/wp\/v2\/media?parent=12885"}],"wp:term":[{"taxonomy":"product_brand","embeddable":true,"href":"https:\/\/lehmann-ambiente.ch\/fr\/wp-json\/wp\/v2\/product_brand?post=12885"},{"taxonomy":"product_cat","embeddable":true,"href":"https:\/\/lehmann-ambiente.ch\/fr\/wp-json\/wp\/v2\/product_cat?post=12885"},{"taxonomy":"product_tag","embeddable":true,"href":"https:\/\/lehmann-ambiente.ch\/fr\/wp-json\/wp\/v2\/product_tag?post=12885"},{"taxonomy":"material","embeddable":true,"href":"https:\/\/lehmann-ambiente.ch\/fr\/wp-json\/wp\/v2\/material?post=12885"}],"curies":[{"name":"wp","href":"https:\/\/api.w.org\/{rel}","templated":true}]}}