{"id":12891,"date":"2026-05-04T12:40:08","date_gmt":"2026-05-04T10:40:08","guid":{"rendered":"https:\/\/lehmann-ambiente.ch\/?post_type=product&#038;p=12891"},"modified":"2026-05-04T12:40:21","modified_gmt":"2026-05-04T10:40:21","slug":"wogg-54-bureau","status":"publish","type":"product","link":"https:\/\/lehmann-ambiente.ch\/fr\/produkt\/wogg-54-schreibtisch\/","title":{"rendered":"WOGG 54 Bureau"},"content":{"rendered":"<p>Design par Christophe Marchand<\/p>\n\n\n\n<p>pi\u00e8tement jetblack<br>Plateau HPL blanc, chant noir<br>Bo\u00eete d'insertion acier noir<br>\u00e9troit 24.5 x 33.4 x H5.7cm<\/p>\n\n\n\n<p>L126.5 x P59 x H74cm<\/p>\n\n\n\n<p>\u00e9tat: pi\u00e8ce d'exposition<\/p>","protected":false},"excerpt":{"rendered":"<p>Design by Christophe Marchand Untergestell jetblackTischplatte HPL weiss, Kante schwarzEinschubbox Stahl schwarzschmal 24.5 x 33.4 x H5.7cm B126.5 x T59 x H74cm Zustand: Ausstellungsst\u00fcck<\/p>","protected":false},"featured_media":12893,"template":"","meta":{"_acf_changed":false},"product_brand":[],"product_cat":[301],"product_tag":[],"material":[],"class_list":{"0":"post-12891","1":"product","2":"type-product","3":"status-publish","4":"has-post-thumbnail","6":"product_cat-bueromoebel","8":"first","9":"instock","10":"sale","11":"taxable","12":"shipping-taxable","13":"purchasable","14":"product-type-simple"},"acf":[],"_links":{"self":[{"href":"https:\/\/lehmann-ambiente.ch\/fr\/wp-json\/wp\/v2\/product\/12891","targetHints":{"allow":["GET"]}}],"collection":[{"href":"https:\/\/lehmann-ambiente.ch\/fr\/wp-json\/wp\/v2\/product"}],"about":[{"href":"https:\/\/lehmann-ambiente.ch\/fr\/wp-json\/wp\/v2\/types\/product"}],"wp:featuredmedia":[{"embeddable":true,"href":"https:\/\/lehmann-ambiente.ch\/fr\/wp-json\/wp\/v2\/media\/12893"}],"wp:attachment":[{"href":"https:\/\/lehmann-ambiente.ch\/fr\/wp-json\/wp\/v2\/media?parent=12891"}],"wp:term":[{"taxonomy":"product_brand","embeddable":true,"href":"https:\/\/lehmann-ambiente.ch\/fr\/wp-json\/wp\/v2\/product_brand?post=12891"},{"taxonomy":"product_cat","embeddable":true,"href":"https:\/\/lehmann-ambiente.ch\/fr\/wp-json\/wp\/v2\/product_cat?post=12891"},{"taxonomy":"product_tag","embeddable":true,"href":"https:\/\/lehmann-ambiente.ch\/fr\/wp-json\/wp\/v2\/product_tag?post=12891"},{"taxonomy":"material","embeddable":true,"href":"https:\/\/lehmann-ambiente.ch\/fr\/wp-json\/wp\/v2\/material?post=12891"}],"curies":[{"name":"wp","href":"https:\/\/api.w.org\/{rel}","templated":true}]}}