{"id":12896,"date":"2026-05-04T13:15:31","date_gmt":"2026-05-04T11:15:31","guid":{"rendered":"https:\/\/lehmann-ambiente.ch\/?post_type=product&#038;p=12896"},"modified":"2026-05-04T13:15:35","modified_gmt":"2026-05-04T11:15:35","slug":"thut-folien-armoire-2-portes","status":"publish","type":"product","link":"https:\/\/lehmann-ambiente.ch\/fr\/produkt\/thut-folien-schrank-2-tuerig\/","title":{"rendered":"THUT Armoire \u00e0 film 2 portes"},"content":{"rendered":"<p><\/p>\n\n\n\n<p>en Dacron blanc<br>int\u00e9rieur h\u00eatre naturel<br>avec une \u00e9tag\u00e8re sur supports fixes, r\u00e9glable<br>et une tringle \u00e0 v\u00eatements Alu anodis\u00e9<\/p>\n\n\n\n<p>L 72 x P 61 x H 204 cm<\/p>\n\n\n\n<p>\u00e9tat: pi\u00e8ce d'exposition<\/p>","protected":false},"excerpt":{"rendered":"<p>in Dacron weissinnen Buche naturmit einem Tablar auf Fixtr\u00e4gern, verstellbarund einer Kleiderstange Alu eloxiert B 72 x T 61 x H 204 cm Zustand: Ausstellungsst\u00fcck<\/p>","protected":false},"featured_media":12897,"template":"","meta":{"_acf_changed":false},"product_brand":[],"product_cat":[161],"product_tag":[],"material":[],"class_list":{"0":"post-12896","1":"product","2":"type-product","3":"status-publish","4":"has-post-thumbnail","6":"product_cat-schlafzimmer","8":"first","9":"instock","10":"sale","11":"taxable","12":"shipping-taxable","13":"purchasable","14":"product-type-simple"},"acf":[],"_links":{"self":[{"href":"https:\/\/lehmann-ambiente.ch\/fr\/wp-json\/wp\/v2\/product\/12896","targetHints":{"allow":["GET"]}}],"collection":[{"href":"https:\/\/lehmann-ambiente.ch\/fr\/wp-json\/wp\/v2\/product"}],"about":[{"href":"https:\/\/lehmann-ambiente.ch\/fr\/wp-json\/wp\/v2\/types\/product"}],"wp:featuredmedia":[{"embeddable":true,"href":"https:\/\/lehmann-ambiente.ch\/fr\/wp-json\/wp\/v2\/media\/12897"}],"wp:attachment":[{"href":"https:\/\/lehmann-ambiente.ch\/fr\/wp-json\/wp\/v2\/media?parent=12896"}],"wp:term":[{"taxonomy":"product_brand","embeddable":true,"href":"https:\/\/lehmann-ambiente.ch\/fr\/wp-json\/wp\/v2\/product_brand?post=12896"},{"taxonomy":"product_cat","embeddable":true,"href":"https:\/\/lehmann-ambiente.ch\/fr\/wp-json\/wp\/v2\/product_cat?post=12896"},{"taxonomy":"product_tag","embeddable":true,"href":"https:\/\/lehmann-ambiente.ch\/fr\/wp-json\/wp\/v2\/product_tag?post=12896"},{"taxonomy":"material","embeddable":true,"href":"https:\/\/lehmann-ambiente.ch\/fr\/wp-json\/wp\/v2\/material?post=12896"}],"curies":[{"name":"wp","href":"https:\/\/api.w.org\/{rel}","templated":true}]}}