{"id":12901,"date":"2026-05-04T13:46:55","date_gmt":"2026-05-04T11:46:55","guid":{"rendered":"https:\/\/lehmann-ambiente.ch\/?post_type=product&#038;p=12901"},"modified":"2026-05-04T13:46:58","modified_gmt":"2026-05-04T11:46:58","slug":"thut-rideau-pliant-armoire","status":"publish","type":"product","link":"https:\/\/lehmann-ambiente.ch\/fr\/produkt\/thut-faltvorhang-schrank\/","title":{"rendered":"THUT Armoire \u00e0 rideau pliant"},"content":{"rendered":"<p>avec 3 compartiments gris clair<br>Rideau Dacron blanc<br>3 x \u00e9tag\u00e8res r\u00e9glables sur supports fixes<br>4 x \u00e9tag\u00e8res r\u00e9glables sur des supports enfichables<br>2 x barres de penderie<br>2 x panier en fil m\u00e9tallique \u00e0 sortie totale<\/p>\n\n\n\n<p>L 208 x P 64 x H 218 cm<\/p>\n\n\n\n<p>Sans contenu<\/p>\n\n\n\n<p>\u00e9tat: pi\u00e8ce d'exposition<\/p>","protected":false},"excerpt":{"rendered":"<p>mit 3 Abteilen lichtgrauVorhang Dacron weiss3 x Tablar auf Fixtr\u00e4gern verstellbar4 x Tablar auf Stecktr\u00e4gern verstellbar2 x Kleiderstangen2 x Drahtkorb Vollauszug B 208 x T 64 x H 218 cm Ohne Inhalt Zustand: Ausstellungsst\u00fcck<\/p>","protected":false},"featured_media":12904,"template":"","meta":{"_acf_changed":false},"product_brand":[],"product_cat":[161],"product_tag":[],"material":[],"class_list":{"0":"post-12901","1":"product","2":"type-product","3":"status-publish","4":"has-post-thumbnail","6":"product_cat-schlafzimmer","8":"first","9":"instock","10":"sale","11":"taxable","12":"shipping-taxable","13":"purchasable","14":"product-type-simple"},"acf":[],"_links":{"self":[{"href":"https:\/\/lehmann-ambiente.ch\/fr\/wp-json\/wp\/v2\/product\/12901","targetHints":{"allow":["GET"]}}],"collection":[{"href":"https:\/\/lehmann-ambiente.ch\/fr\/wp-json\/wp\/v2\/product"}],"about":[{"href":"https:\/\/lehmann-ambiente.ch\/fr\/wp-json\/wp\/v2\/types\/product"}],"wp:featuredmedia":[{"embeddable":true,"href":"https:\/\/lehmann-ambiente.ch\/fr\/wp-json\/wp\/v2\/media\/12904"}],"wp:attachment":[{"href":"https:\/\/lehmann-ambiente.ch\/fr\/wp-json\/wp\/v2\/media?parent=12901"}],"wp:term":[{"taxonomy":"product_brand","embeddable":true,"href":"https:\/\/lehmann-ambiente.ch\/fr\/wp-json\/wp\/v2\/product_brand?post=12901"},{"taxonomy":"product_cat","embeddable":true,"href":"https:\/\/lehmann-ambiente.ch\/fr\/wp-json\/wp\/v2\/product_cat?post=12901"},{"taxonomy":"product_tag","embeddable":true,"href":"https:\/\/lehmann-ambiente.ch\/fr\/wp-json\/wp\/v2\/product_tag?post=12901"},{"taxonomy":"material","embeddable":true,"href":"https:\/\/lehmann-ambiente.ch\/fr\/wp-json\/wp\/v2\/material?post=12901"}],"curies":[{"name":"wp","href":"https:\/\/api.w.org\/{rel}","templated":true}]}}