{"id":12905,"date":"2026-05-04T14:06:18","date_gmt":"2026-05-04T12:06:18","guid":{"rendered":"https:\/\/lehmann-ambiente.ch\/?post_type=product&#038;p=12905"},"modified":"2026-05-04T14:06:21","modified_gmt":"2026-05-04T12:06:21","slug":"pure-sideboard","status":"publish","type":"product","link":"https:\/\/lehmann-ambiente.ch\/fr\/produkt\/pure-sideboard\/","title":{"rendered":"PURE Buffet"},"content":{"rendered":"<p>Couleur ivoire mat<br>avec trois portes, trois \u00e9tag\u00e8res \u00e0 l'int\u00e9rieur<br>et quatre tiroirs<br>avec pied de plaque<\/p>\n\n\n\n<p>L240 x H83 x P50 cm<\/p>\n\n\n\n<p>\u00e9tat: pi\u00e8ce d'exposition<\/p>","protected":false},"excerpt":{"rendered":"<p>Farbe Elfenbein mattmit drei T\u00fcren, innen drei Tablareund vier Schubladenmit Plattenfuss B240 x H83 x T50 cm Zustand: Ausstellungsst\u00fcck<\/p>","protected":false},"featured_media":12909,"template":"","meta":{"_acf_changed":false},"product_brand":[],"product_cat":[151],"product_tag":[],"material":[],"class_list":{"0":"post-12905","1":"product","2":"type-product","3":"status-publish","4":"has-post-thumbnail","6":"product_cat-sideboards-wohnwaende","8":"first","9":"instock","10":"sale","11":"taxable","12":"shipping-taxable","13":"purchasable","14":"product-type-simple"},"acf":[],"_links":{"self":[{"href":"https:\/\/lehmann-ambiente.ch\/fr\/wp-json\/wp\/v2\/product\/12905","targetHints":{"allow":["GET"]}}],"collection":[{"href":"https:\/\/lehmann-ambiente.ch\/fr\/wp-json\/wp\/v2\/product"}],"about":[{"href":"https:\/\/lehmann-ambiente.ch\/fr\/wp-json\/wp\/v2\/types\/product"}],"wp:featuredmedia":[{"embeddable":true,"href":"https:\/\/lehmann-ambiente.ch\/fr\/wp-json\/wp\/v2\/media\/12909"}],"wp:attachment":[{"href":"https:\/\/lehmann-ambiente.ch\/fr\/wp-json\/wp\/v2\/media?parent=12905"}],"wp:term":[{"taxonomy":"product_brand","embeddable":true,"href":"https:\/\/lehmann-ambiente.ch\/fr\/wp-json\/wp\/v2\/product_brand?post=12905"},{"taxonomy":"product_cat","embeddable":true,"href":"https:\/\/lehmann-ambiente.ch\/fr\/wp-json\/wp\/v2\/product_cat?post=12905"},{"taxonomy":"product_tag","embeddable":true,"href":"https:\/\/lehmann-ambiente.ch\/fr\/wp-json\/wp\/v2\/product_tag?post=12905"},{"taxonomy":"material","embeddable":true,"href":"https:\/\/lehmann-ambiente.ch\/fr\/wp-json\/wp\/v2\/material?post=12905"}],"curies":[{"name":"wp","href":"https:\/\/api.w.org\/{rel}","templated":true}]}}