{"id":12971,"date":"2026-05-13T10:01:45","date_gmt":"2026-05-13T08:01:45","guid":{"rendered":"https:\/\/lehmann-ambiente.ch\/?post_type=product&#038;p=12971"},"modified":"2026-05-13T10:03:52","modified_gmt":"2026-05-13T08:03:52","slug":"match-xl-sofa","status":"publish","type":"product","link":"https:\/\/lehmann-ambiente.ch\/fr\/produkt\/match-xl-sofa\/","title":{"rendered":"MATCH XL Canap\u00e9"},"content":{"rendered":"<p>Tissu Tundra<\/p>\n\n\n\n<p>compos\u00e9 de<br>Canap\u00e9 2 places avec accoudoir \u00e0 droite Pr\u00e8s du sol<br>L183 x P100 x H70cm<\/p>\n\n\n\n<p>Chaise longue Pr\u00e8s du sol<br>L120 x P175 x H70cm<\/p>\n\n\n\n<p>Dimensions totales L303 x P100\/175 x H70cm<\/p>\n\n\n\n<p>Inclus 2 coussins d\u00e9coratifs 35\u00d760 cm dans le m\u00eame tissu que le canap\u00e9<\/p>\n\n\n\n<p>\u00e9tat: pi\u00e8ce d'exposition<\/p>","protected":false},"excerpt":{"rendered":"<p>Stoff Tundra bestehend aus:2-Sitzer mit Armlehne Rechts BodennahB183 x T100 x H70cm Chaise longue BodennahB120 x T175 x H70cm Gesamtmasse B303 x T100\/175 x H70cm Inklusive 2 Zierkissen 35&#215;60 cm im gleichen Stoff wie das Sofa Zustand: Ausstellungsst\u00fcck<\/p>","protected":false},"featured_media":12972,"template":"","meta":{"_acf_changed":false},"product_brand":[],"product_cat":[138],"product_tag":[],"material":[],"class_list":{"0":"post-12971","1":"product","2":"type-product","3":"status-publish","4":"has-post-thumbnail","6":"product_cat-sofas-sessel","8":"first","9":"instock","10":"sale","11":"taxable","12":"shipping-taxable","13":"purchasable","14":"product-type-simple"},"acf":[],"_links":{"self":[{"href":"https:\/\/lehmann-ambiente.ch\/fr\/wp-json\/wp\/v2\/product\/12971","targetHints":{"allow":["GET"]}}],"collection":[{"href":"https:\/\/lehmann-ambiente.ch\/fr\/wp-json\/wp\/v2\/product"}],"about":[{"href":"https:\/\/lehmann-ambiente.ch\/fr\/wp-json\/wp\/v2\/types\/product"}],"wp:featuredmedia":[{"embeddable":true,"href":"https:\/\/lehmann-ambiente.ch\/fr\/wp-json\/wp\/v2\/media\/12972"}],"wp:attachment":[{"href":"https:\/\/lehmann-ambiente.ch\/fr\/wp-json\/wp\/v2\/media?parent=12971"}],"wp:term":[{"taxonomy":"product_brand","embeddable":true,"href":"https:\/\/lehmann-ambiente.ch\/fr\/wp-json\/wp\/v2\/product_brand?post=12971"},{"taxonomy":"product_cat","embeddable":true,"href":"https:\/\/lehmann-ambiente.ch\/fr\/wp-json\/wp\/v2\/product_cat?post=12971"},{"taxonomy":"product_tag","embeddable":true,"href":"https:\/\/lehmann-ambiente.ch\/fr\/wp-json\/wp\/v2\/product_tag?post=12971"},{"taxonomy":"material","embeddable":true,"href":"https:\/\/lehmann-ambiente.ch\/fr\/wp-json\/wp\/v2\/material?post=12971"}],"curies":[{"name":"wp","href":"https:\/\/api.w.org\/{rel}","templated":true}]}}