{"id":12974,"date":"2026-05-13T11:33:54","date_gmt":"2026-05-13T09:33:54","guid":{"rendered":"https:\/\/lehmann-ambiente.ch\/?post_type=product&#038;p=12974"},"modified":"2026-05-13T11:33:57","modified_gmt":"2026-05-13T09:33:57","slug":"yves-chaises-set-a-6-pieces","status":"publish","type":"product","link":"https:\/\/lehmann-ambiente.ch\/fr\/produkt\/yves-stuhl-set-a-6-stueck\/","title":{"rendered":"YVES Chaise set \u00e0 6 pi\u00e8ces"},"content":{"rendered":"<p>Prix du set compos\u00e9 de :<\/p>\n\n\n\n<p>4 chaises Version pi\u00e9tement 4 pieds noir mat<br>Cuir Cuba Black<br>accoudoir rembourr\u00e9 cuir Cuba Black<br>L63 x P56 x H85cm<br>SH 48cm<\/p>\n\n\n\n<p>2 chaises Version pi\u00e9tement 4 pieds bronze<br>Tissu Amaranth Eco<br>accoudoir non rembourr\u00e9<br>L56 x P56 x H85cm<br>SH 48cm<\/p>\n\n\n\n<p>\u00e9tat: pi\u00e8ce d'exposition<\/p>\n\n\n\n<p><\/p>","protected":false},"excerpt":{"rendered":"<p>Preis f\u00fcr Set bestehend aus: 4 St\u00fchle Ausf\u00fchrung Gestell 4-Fuss matt schwarzLeder Cuba Blackgepolsterte Armlehne Leder Cuba BlackL63 x T56 x H85cmSH 48cm 2 St\u00fchle Ausf\u00fchrung Gestell 4-Fuss bronzeStoff Amaranth Ecoungepolsterte ArmlehneL56 x T56 x H85cmSH 48cm Zustand: Ausstellungsst\u00fccke<\/p>","protected":false},"featured_media":12982,"template":"","meta":{"_acf_changed":false},"product_brand":[],"product_cat":[144],"product_tag":[],"material":[],"class_list":{"0":"post-12974","1":"product","2":"type-product","3":"status-publish","4":"has-post-thumbnail","6":"product_cat-tische-stuehle","8":"first","9":"instock","10":"sale","11":"taxable","12":"shipping-taxable","13":"purchasable","14":"product-type-simple"},"acf":[],"_links":{"self":[{"href":"https:\/\/lehmann-ambiente.ch\/fr\/wp-json\/wp\/v2\/product\/12974","targetHints":{"allow":["GET"]}}],"collection":[{"href":"https:\/\/lehmann-ambiente.ch\/fr\/wp-json\/wp\/v2\/product"}],"about":[{"href":"https:\/\/lehmann-ambiente.ch\/fr\/wp-json\/wp\/v2\/types\/product"}],"wp:featuredmedia":[{"embeddable":true,"href":"https:\/\/lehmann-ambiente.ch\/fr\/wp-json\/wp\/v2\/media\/12982"}],"wp:attachment":[{"href":"https:\/\/lehmann-ambiente.ch\/fr\/wp-json\/wp\/v2\/media?parent=12974"}],"wp:term":[{"taxonomy":"product_brand","embeddable":true,"href":"https:\/\/lehmann-ambiente.ch\/fr\/wp-json\/wp\/v2\/product_brand?post=12974"},{"taxonomy":"product_cat","embeddable":true,"href":"https:\/\/lehmann-ambiente.ch\/fr\/wp-json\/wp\/v2\/product_cat?post=12974"},{"taxonomy":"product_tag","embeddable":true,"href":"https:\/\/lehmann-ambiente.ch\/fr\/wp-json\/wp\/v2\/product_tag?post=12974"},{"taxonomy":"material","embeddable":true,"href":"https:\/\/lehmann-ambiente.ch\/fr\/wp-json\/wp\/v2\/material?post=12974"}],"curies":[{"name":"wp","href":"https:\/\/api.w.org\/{rel}","templated":true}]}}