{"id":2443,"date":"2023-09-16T10:35:49","date_gmt":"2023-09-16T08:35:49","guid":{"rendered":"https:\/\/lehmann-ambiente.ch\/?post_type=product&#038;p=2443"},"modified":"2026-02-25T15:10:32","modified_gmt":"2026-02-25T14:10:32","slug":"chaise-de-bar-misura-alto","status":"publish","type":"product","link":"https:\/\/lehmann-ambiente.ch\/fr\/produkt\/barstuhl-misura-alto\/","title":{"rendered":"MISURA ALTO Chaise de bar"},"content":{"rendered":"<p>en cuir Montana noir<br \/>\nsupport en acier au nickel-chrome<br \/>\navec patins pour tapis<br \/>\nL41, hauteur d'assis 76, H91 cm<\/p>\n<p>\u00e9tat: pi\u00e8ce d'exposition<\/p>","protected":false},"excerpt":{"rendered":"<p>en cuir Montana noir ch\u00e2ssis en acier au nickel-chrome avec patins pour tapis L 41, hauteur d'assise 76, hauteur totale 91 cm \u00c9tat : pi\u00e8ce d'exposition<\/p>","protected":false},"featured_media":2445,"template":"","meta":{"_acf_changed":false},"product_brand":[],"product_cat":[137,52,144],"product_tag":[],"material":[],"class_list":{"0":"post-2443","1":"product","2":"type-product","3":"status-publish","4":"has-post-thumbnail","6":"product_cat-ausstellungsstueck","7":"product_cat-sale","8":"product_cat-tische-stuehle","10":"first","11":"instock","12":"sale","13":"taxable","14":"shipping-taxable","15":"purchasable","16":"product-type-simple"},"acf":[],"_links":{"self":[{"href":"https:\/\/lehmann-ambiente.ch\/fr\/wp-json\/wp\/v2\/product\/2443","targetHints":{"allow":["GET"]}}],"collection":[{"href":"https:\/\/lehmann-ambiente.ch\/fr\/wp-json\/wp\/v2\/product"}],"about":[{"href":"https:\/\/lehmann-ambiente.ch\/fr\/wp-json\/wp\/v2\/types\/product"}],"wp:featuredmedia":[{"embeddable":true,"href":"https:\/\/lehmann-ambiente.ch\/fr\/wp-json\/wp\/v2\/media\/2445"}],"wp:attachment":[{"href":"https:\/\/lehmann-ambiente.ch\/fr\/wp-json\/wp\/v2\/media?parent=2443"}],"wp:term":[{"taxonomy":"product_brand","embeddable":true,"href":"https:\/\/lehmann-ambiente.ch\/fr\/wp-json\/wp\/v2\/product_brand?post=2443"},{"taxonomy":"product_cat","embeddable":true,"href":"https:\/\/lehmann-ambiente.ch\/fr\/wp-json\/wp\/v2\/product_cat?post=2443"},{"taxonomy":"product_tag","embeddable":true,"href":"https:\/\/lehmann-ambiente.ch\/fr\/wp-json\/wp\/v2\/product_tag?post=2443"},{"taxonomy":"material","embeddable":true,"href":"https:\/\/lehmann-ambiente.ch\/fr\/wp-json\/wp\/v2\/material?post=2443"}],"curies":[{"name":"wp","href":"https:\/\/api.w.org\/{rel}","templated":true}]}}