{"id":3003,"date":"2023-12-07T14:35:56","date_gmt":"2023-12-07T13:35:56","guid":{"rendered":"https:\/\/lehmann-ambiente.ch\/?post_type=product&#038;p=3003"},"modified":"2026-02-25T15:01:52","modified_gmt":"2026-02-25T14:01:52","slug":"chaise-inflagranti","status":"publish","type":"product","link":"https:\/\/lehmann-ambiente.ch\/fr\/produkt\/inflagranti-stuhl\/","title":{"rendered":"INFLAGRANTI chaise"},"content":{"rendered":"<p>bois fa\u00e7onn\u00e9 ch\u00eane fran\u00e7ais plaqu\u00e9<br \/>\nlaqu\u00e9 noir \u00e0 pores ouverts<br \/>\nStructure m\u00e9tallique avec pieds en tube rond de 30 mm, noir mat<br \/>\npatins noirs avec feutre<\/p>\n<p>L47 x P50 x H79cm<\/p>\n<p>\u00e9tat: pi\u00e8ce d'exposition<\/p>","protected":false},"excerpt":{"rendered":"<p>Formholz franz. Eiche furniert offenporig schwarz lackiert Metallgestell mit Rundrohrf\u00fcssen 30mm schwarz matt schwarze Gleiter mir montiertem Filzaufsatz B47 x T50 x H79cm Zustand: Ausstellungsst\u00fcck<\/p>","protected":false},"featured_media":3004,"template":"","meta":{"_acf_changed":false},"product_brand":[],"product_cat":[137,52,144],"product_tag":[],"material":[],"class_list":{"0":"post-3003","1":"product","2":"type-product","3":"status-publish","4":"has-post-thumbnail","6":"product_cat-ausstellungsstueck","7":"product_cat-sale","8":"product_cat-tische-stuehle","10":"first","11":"instock","12":"sale","13":"taxable","14":"shipping-taxable","15":"purchasable","16":"product-type-simple"},"acf":[],"_links":{"self":[{"href":"https:\/\/lehmann-ambiente.ch\/fr\/wp-json\/wp\/v2\/product\/3003","targetHints":{"allow":["GET"]}}],"collection":[{"href":"https:\/\/lehmann-ambiente.ch\/fr\/wp-json\/wp\/v2\/product"}],"about":[{"href":"https:\/\/lehmann-ambiente.ch\/fr\/wp-json\/wp\/v2\/types\/product"}],"wp:featuredmedia":[{"embeddable":true,"href":"https:\/\/lehmann-ambiente.ch\/fr\/wp-json\/wp\/v2\/media\/3004"}],"wp:attachment":[{"href":"https:\/\/lehmann-ambiente.ch\/fr\/wp-json\/wp\/v2\/media?parent=3003"}],"wp:term":[{"taxonomy":"product_brand","embeddable":true,"href":"https:\/\/lehmann-ambiente.ch\/fr\/wp-json\/wp\/v2\/product_brand?post=3003"},{"taxonomy":"product_cat","embeddable":true,"href":"https:\/\/lehmann-ambiente.ch\/fr\/wp-json\/wp\/v2\/product_cat?post=3003"},{"taxonomy":"product_tag","embeddable":true,"href":"https:\/\/lehmann-ambiente.ch\/fr\/wp-json\/wp\/v2\/product_tag?post=3003"},{"taxonomy":"material","embeddable":true,"href":"https:\/\/lehmann-ambiente.ch\/fr\/wp-json\/wp\/v2\/material?post=3003"}],"curies":[{"name":"wp","href":"https:\/\/api.w.org\/{rel}","templated":true}]}}