{"id":3005,"date":"2023-12-07T14:47:59","date_gmt":"2023-12-07T13:47:59","guid":{"rendered":"https:\/\/lehmann-ambiente.ch\/?post_type=product&#038;p=3005"},"modified":"2026-02-25T14:59:55","modified_gmt":"2026-02-25T13:59:55","slug":"giulia-chaise","status":"publish","type":"product","link":"https:\/\/lehmann-ambiente.ch\/fr\/produkt\/giulia-stuhl\/","title":{"rendered":"GIULIA Chaise"},"content":{"rendered":"<p>Tissu Diva light grey<br \/>\n4 Pi\u00e9tement AMI noyer massif laqu\u00e9<br \/>\nrembourrage doux et confortable<\/p>\n<p>L59 x P61 x H76cm<\/p>\n<p>\u00e9tat: pi\u00e8ce d'exposition<\/p>","protected":false},"excerpt":{"rendered":"<p>Tissu Diva light grey 4 pieds Structure AMI noyer massif laqu\u00e9 Rembourrage confort moelleux L59 x P61 x H76cm \u00c9tat : Pi\u00e8ce d'exposition<\/p>","protected":false},"featured_media":3006,"template":"","meta":{"_acf_changed":false},"product_brand":[],"product_cat":[137,52,144],"product_tag":[],"material":[],"class_list":{"0":"post-3005","1":"product","2":"type-product","3":"status-publish","4":"has-post-thumbnail","6":"product_cat-ausstellungsstueck","7":"product_cat-sale","8":"product_cat-tische-stuehle","10":"first","11":"instock","12":"sale","13":"taxable","14":"shipping-taxable","15":"purchasable","16":"product-type-simple"},"acf":[],"_links":{"self":[{"href":"https:\/\/lehmann-ambiente.ch\/fr\/wp-json\/wp\/v2\/product\/3005","targetHints":{"allow":["GET"]}}],"collection":[{"href":"https:\/\/lehmann-ambiente.ch\/fr\/wp-json\/wp\/v2\/product"}],"about":[{"href":"https:\/\/lehmann-ambiente.ch\/fr\/wp-json\/wp\/v2\/types\/product"}],"wp:featuredmedia":[{"embeddable":true,"href":"https:\/\/lehmann-ambiente.ch\/fr\/wp-json\/wp\/v2\/media\/3006"}],"wp:attachment":[{"href":"https:\/\/lehmann-ambiente.ch\/fr\/wp-json\/wp\/v2\/media?parent=3005"}],"wp:term":[{"taxonomy":"product_brand","embeddable":true,"href":"https:\/\/lehmann-ambiente.ch\/fr\/wp-json\/wp\/v2\/product_brand?post=3005"},{"taxonomy":"product_cat","embeddable":true,"href":"https:\/\/lehmann-ambiente.ch\/fr\/wp-json\/wp\/v2\/product_cat?post=3005"},{"taxonomy":"product_tag","embeddable":true,"href":"https:\/\/lehmann-ambiente.ch\/fr\/wp-json\/wp\/v2\/product_tag?post=3005"},{"taxonomy":"material","embeddable":true,"href":"https:\/\/lehmann-ambiente.ch\/fr\/wp-json\/wp\/v2\/material?post=3005"}],"curies":[{"name":"wp","href":"https:\/\/api.w.org\/{rel}","templated":true}]}}