{"id":7779,"date":"2024-04-11T16:28:38","date_gmt":"2024-04-11T14:28:38","guid":{"rendered":"https:\/\/lehmann-ambiente.ch\/?post_type=product&#038;p=7779"},"modified":"2026-02-25T14:53:39","modified_gmt":"2026-02-25T13:53:39","slug":"teorema-table-de-chevet","status":"publish","type":"product","link":"https:\/\/lehmann-ambiente.ch\/fr\/produkt\/teorema-nachttisch\/","title":{"rendered":"TEOREMA Table de nuit"},"content":{"rendered":"<p>en noyer am\u00e9ricain<br \/>\npoign\u00e9e en finition brillante, chrom\u00e9e<\/p>\n<p>L 50 x P 50 x H 47 cm<\/p>\n<p>\u00e9tat: pi\u00e8ce d'exposition<\/p>","protected":false},"excerpt":{"rendered":"<p>en noyer am\u00e9ricain Poign\u00e9e en haute brillance, chrom\u00e9e L 50 x P 50 x H 47 cm \u00c9tat : Pi\u00e8ce d'exposition<\/p>","protected":false},"featured_media":7781,"template":"","meta":{"_acf_changed":false},"product_brand":[],"product_cat":[52,137,161],"product_tag":[],"material":[],"class_list":{"0":"post-7779","1":"product","2":"type-product","3":"status-publish","4":"has-post-thumbnail","6":"product_cat-sale","7":"product_cat-ausstellungsstueck","8":"product_cat-schlafzimmer","10":"first","11":"instock","12":"sale","13":"taxable","14":"shipping-taxable","15":"purchasable","16":"product-type-simple"},"acf":[],"_links":{"self":[{"href":"https:\/\/lehmann-ambiente.ch\/fr\/wp-json\/wp\/v2\/product\/7779","targetHints":{"allow":["GET"]}}],"collection":[{"href":"https:\/\/lehmann-ambiente.ch\/fr\/wp-json\/wp\/v2\/product"}],"about":[{"href":"https:\/\/lehmann-ambiente.ch\/fr\/wp-json\/wp\/v2\/types\/product"}],"wp:featuredmedia":[{"embeddable":true,"href":"https:\/\/lehmann-ambiente.ch\/fr\/wp-json\/wp\/v2\/media\/7781"}],"wp:attachment":[{"href":"https:\/\/lehmann-ambiente.ch\/fr\/wp-json\/wp\/v2\/media?parent=7779"}],"wp:term":[{"taxonomy":"product_brand","embeddable":true,"href":"https:\/\/lehmann-ambiente.ch\/fr\/wp-json\/wp\/v2\/product_brand?post=7779"},{"taxonomy":"product_cat","embeddable":true,"href":"https:\/\/lehmann-ambiente.ch\/fr\/wp-json\/wp\/v2\/product_cat?post=7779"},{"taxonomy":"product_tag","embeddable":true,"href":"https:\/\/lehmann-ambiente.ch\/fr\/wp-json\/wp\/v2\/product_tag?post=7779"},{"taxonomy":"material","embeddable":true,"href":"https:\/\/lehmann-ambiente.ch\/fr\/wp-json\/wp\/v2\/material?post=7779"}],"curies":[{"name":"wp","href":"https:\/\/api.w.org\/{rel}","templated":true}]}}