{"id":8676,"date":"2024-07-02T14:11:17","date_gmt":"2024-07-02T12:11:17","guid":{"rendered":"https:\/\/lehmann-ambiente.ch\/?post_type=product&#038;p=8676"},"modified":"2026-02-25T14:50:12","modified_gmt":"2026-02-25T13:50:12","slug":"bookworm-etagere-a-livres","status":"publish","type":"product","link":"https:\/\/lehmann-ambiente.ch\/fr\/produkt\/bookworm-buecherregal\/","title":{"rendered":"BOOKWORM \u00e9tag\u00e8re \u00e0 livres"},"content":{"rendered":"<p>avec 11 serre-livres<br>PVC couleur noire<\/p>\n\n\n\n<p>largeur variable, L 520 x H 19 x P 20 cm<\/p>\n\n\n\n<p>\u00e9tat: pi\u00e8ce d'exposition<\/p>","protected":false},"excerpt":{"rendered":"<p>avec 11 serre-livresPVC couleur noire largeur variable, L 520 x H 19 x P 20 cm \u00e9tat : pi\u00e8ce d'exposition<\/p>","protected":false},"featured_media":8677,"template":"","meta":{"_acf_changed":false},"product_brand":[],"product_cat":[52,137,151],"product_tag":[],"material":[],"class_list":{"0":"post-8676","1":"product","2":"type-product","3":"status-publish","4":"has-post-thumbnail","6":"product_cat-sale","7":"product_cat-ausstellungsstueck","8":"product_cat-sideboards-wohnwaende","10":"first","11":"instock","12":"sale","13":"taxable","14":"shipping-taxable","15":"purchasable","16":"product-type-simple"},"acf":[],"_links":{"self":[{"href":"https:\/\/lehmann-ambiente.ch\/fr\/wp-json\/wp\/v2\/product\/8676","targetHints":{"allow":["GET"]}}],"collection":[{"href":"https:\/\/lehmann-ambiente.ch\/fr\/wp-json\/wp\/v2\/product"}],"about":[{"href":"https:\/\/lehmann-ambiente.ch\/fr\/wp-json\/wp\/v2\/types\/product"}],"wp:featuredmedia":[{"embeddable":true,"href":"https:\/\/lehmann-ambiente.ch\/fr\/wp-json\/wp\/v2\/media\/8677"}],"wp:attachment":[{"href":"https:\/\/lehmann-ambiente.ch\/fr\/wp-json\/wp\/v2\/media?parent=8676"}],"wp:term":[{"taxonomy":"product_brand","embeddable":true,"href":"https:\/\/lehmann-ambiente.ch\/fr\/wp-json\/wp\/v2\/product_brand?post=8676"},{"taxonomy":"product_cat","embeddable":true,"href":"https:\/\/lehmann-ambiente.ch\/fr\/wp-json\/wp\/v2\/product_cat?post=8676"},{"taxonomy":"product_tag","embeddable":true,"href":"https:\/\/lehmann-ambiente.ch\/fr\/wp-json\/wp\/v2\/product_tag?post=8676"},{"taxonomy":"material","embeddable":true,"href":"https:\/\/lehmann-ambiente.ch\/fr\/wp-json\/wp\/v2\/material?post=8676"}],"curies":[{"name":"wp","href":"https:\/\/api.w.org\/{rel}","templated":true}]}}