{"id":8678,"date":"2024-07-04T13:09:22","date_gmt":"2024-07-04T11:09:22","guid":{"rendered":"https:\/\/lehmann-ambiente.ch\/?post_type=product&#038;p=8678"},"modified":"2026-02-25T14:44:02","modified_gmt":"2026-02-25T13:44:02","slug":"table-lax-et-banc-rembourre-et-3-chaises-corbo","status":"publish","type":"product","link":"https:\/\/lehmann-ambiente.ch\/fr\/produkt\/lax-tisch-und-polsterbank-und-3-corbo-stuehle\/","title":{"rendered":"LAX table et banc rembourr\u00e9 et 3 CORBO chaises"},"content":{"rendered":"<p style=\"text-align: left;\">Table<\/p>\n<p style=\"text-align: left;\">Ch\u00eane fum\u00e9, huil\u00e9 et cir\u00e9<br \/>\npieds en acier bross\u00e9<\/p>\n<p style=\"text-align: left;\">L220 x P100 x H74.5 cm<\/p>\n<p style=\"text-align: left;\">banc rembourr\u00e9 avec dossier<\/p>\n<p style=\"text-align: left;\">cuir aniline brun<br \/>\npieds en acier bross\u00e9<\/p>\n<p style=\"text-align: left;\">L200 x P58 x H78 cm<\/p>\n<p>Chaises<\/p>\n<p>cuir aniline brun<br \/>\npieds en aluminium<\/p>\n<p>L48 x P50 x H79 cm, hauteur d'assise 47.5 cm<\/p>\n<p>\u00e9tat: pi\u00e8ce d'exposition<\/p>","protected":false},"excerpt":{"rendered":"<p>Table ch\u00eane fum\u00e9, huil\u00e9 et cir\u00e9 Structure acier bross\u00e9 L220 x P100 x H74.5 cm Banc rembourr\u00e9 avec dossier cuir aniline brun Structure acier bross\u00e9 L200 x P58 x H78 cm Chaises cuir aniline brun Pieds aluminium L48 x P50 x H79 cm, SH47.5 cm \u00c9tat : Pi\u00e8ces d'exposition<\/p>","protected":false},"featured_media":8679,"template":"","meta":{"_acf_changed":false},"product_brand":[],"product_cat":[52,137,144],"product_tag":[],"material":[],"class_list":{"0":"post-8678","1":"product","2":"type-product","3":"status-publish","4":"has-post-thumbnail","6":"product_cat-sale","7":"product_cat-ausstellungsstueck","8":"product_cat-tische-stuehle","10":"first","11":"instock","12":"sale","13":"taxable","14":"shipping-taxable","15":"purchasable","16":"product-type-simple"},"acf":[],"_links":{"self":[{"href":"https:\/\/lehmann-ambiente.ch\/fr\/wp-json\/wp\/v2\/product\/8678","targetHints":{"allow":["GET"]}}],"collection":[{"href":"https:\/\/lehmann-ambiente.ch\/fr\/wp-json\/wp\/v2\/product"}],"about":[{"href":"https:\/\/lehmann-ambiente.ch\/fr\/wp-json\/wp\/v2\/types\/product"}],"wp:featuredmedia":[{"embeddable":true,"href":"https:\/\/lehmann-ambiente.ch\/fr\/wp-json\/wp\/v2\/media\/8679"}],"wp:attachment":[{"href":"https:\/\/lehmann-ambiente.ch\/fr\/wp-json\/wp\/v2\/media?parent=8678"}],"wp:term":[{"taxonomy":"product_brand","embeddable":true,"href":"https:\/\/lehmann-ambiente.ch\/fr\/wp-json\/wp\/v2\/product_brand?post=8678"},{"taxonomy":"product_cat","embeddable":true,"href":"https:\/\/lehmann-ambiente.ch\/fr\/wp-json\/wp\/v2\/product_cat?post=8678"},{"taxonomy":"product_tag","embeddable":true,"href":"https:\/\/lehmann-ambiente.ch\/fr\/wp-json\/wp\/v2\/product_tag?post=8678"},{"taxonomy":"material","embeddable":true,"href":"https:\/\/lehmann-ambiente.ch\/fr\/wp-json\/wp\/v2\/material?post=8678"}],"curies":[{"name":"wp","href":"https:\/\/api.w.org\/{rel}","templated":true}]}}