{"id":9901,"date":"2024-10-29T16:08:23","date_gmt":"2024-10-29T15:08:23","guid":{"rendered":"https:\/\/lehmann-ambiente.ch\/?post_type=product&#038;p=9901"},"modified":"2026-02-25T14:30:00","modified_gmt":"2026-02-25T13:30:00","slug":"saarinen-conference-chaise-4-pieces","status":"publish","type":"product","link":"https:\/\/lehmann-ambiente.ch\/fr\/produkt\/saarinen-conference-stuhl-4-stueck\/","title":{"rendered":"SAARINEN CONFERENCE Chaise 4 pi\u00e8ces"},"content":{"rendered":"<p>Tissu Eva couleur Cactus <br>pieds en ch\u00eane teint\u00e9 \u00e9b\u00e8ne<\/p>\n\n\n\n<p>L57 x P51.5 x H80cm, SH47.5cm<\/p>\n\n\n\n<p>Prix pour 4 pi\u00e8ces<\/p>\n\n\n\n<p>\u00e9tat: pi\u00e8ce d'exposition<\/p>\n\n\n\n<p><\/p>","protected":false},"excerpt":{"rendered":"<p>Tissu Eva couleur Cactus Pieds en ch\u00eane teint\u00e9 \u00e9b\u00e8ne L57 x P51.5 x H80cm, SH47.5cm Prix pour 4 pi\u00e8ces \u00c9tat : pi\u00e8ce d'exposition<\/p>","protected":false},"featured_media":9902,"template":"","meta":{"_acf_changed":false},"product_brand":[],"product_cat":[52,137,144],"product_tag":[],"material":[],"class_list":{"0":"post-9901","1":"product","2":"type-product","3":"status-publish","4":"has-post-thumbnail","6":"product_cat-sale","7":"product_cat-ausstellungsstueck","8":"product_cat-tische-stuehle","10":"first","11":"instock","12":"sale","13":"taxable","14":"shipping-taxable","15":"purchasable","16":"product-type-simple"},"acf":[],"_links":{"self":[{"href":"https:\/\/lehmann-ambiente.ch\/fr\/wp-json\/wp\/v2\/product\/9901","targetHints":{"allow":["GET"]}}],"collection":[{"href":"https:\/\/lehmann-ambiente.ch\/fr\/wp-json\/wp\/v2\/product"}],"about":[{"href":"https:\/\/lehmann-ambiente.ch\/fr\/wp-json\/wp\/v2\/types\/product"}],"wp:featuredmedia":[{"embeddable":true,"href":"https:\/\/lehmann-ambiente.ch\/fr\/wp-json\/wp\/v2\/media\/9902"}],"wp:attachment":[{"href":"https:\/\/lehmann-ambiente.ch\/fr\/wp-json\/wp\/v2\/media?parent=9901"}],"wp:term":[{"taxonomy":"product_brand","embeddable":true,"href":"https:\/\/lehmann-ambiente.ch\/fr\/wp-json\/wp\/v2\/product_brand?post=9901"},{"taxonomy":"product_cat","embeddable":true,"href":"https:\/\/lehmann-ambiente.ch\/fr\/wp-json\/wp\/v2\/product_cat?post=9901"},{"taxonomy":"product_tag","embeddable":true,"href":"https:\/\/lehmann-ambiente.ch\/fr\/wp-json\/wp\/v2\/product_tag?post=9901"},{"taxonomy":"material","embeddable":true,"href":"https:\/\/lehmann-ambiente.ch\/fr\/wp-json\/wp\/v2\/material?post=9901"}],"curies":[{"name":"wp","href":"https:\/\/api.w.org\/{rel}","templated":true}]}}